{"id":6950,"date":"2024-09-10T11:51:11","date_gmt":"2024-09-10T09:51:11","guid":{"rendered":"https:\/\/shop.gialdi.ch\/?post_type=product&#038;p=6950"},"modified":"2026-03-19T17:25:00","modified_gmt":"2026-03-19T16:25:00","slug":"sassi-grossi-copia-2","status":"publish","type":"product","link":"https:\/\/shop.gialdi.ch\/fr\/produit\/sassi-grossi-copia-2\/","title":{"rendered":"Sassi Grossi 2022"},"content":{"rendered":"","protected":false},"excerpt":{"rendered":"<p>Ticino DOC Merlot &#8211; *vin exclu des promotions.<\/p>\n","protected":false},"featured_media":614,"template":"","meta":{"_acf_changed":false,"inline_featured_image":false},"product_brand":[],"product_cat":[72],"product_tag":[],"giftcard-category":[],"class_list":{"0":"post-6950","1":"product","2":"type-product","3":"status-publish","4":"has-post-thumbnail","6":"product_cat-rouges","7":"pa_brand-gialdi-fr","9":"first","10":"instock","11":"taxable","12":"shipping-taxable","13":"purchasable","14":"product-type-simple"},"acf":[],"yoast_head":"<!-- This site is optimized with the Yoast SEO plugin v27.3 - https:\/\/yoast.com\/product\/yoast-seo-wordpress\/ -->\n<title>Sassi Grossi 2022 75cl - Vin rouge - Ticino DOC Merlot - Gialdi Vini shop<\/title>\n<meta name=\"description\" content=\"Attaque pleine et riche. Fruit\u00e9 et cors\u00e9, il est \u00e9l\u00e9gant et tr\u00e8s structur\u00e9, avec des tanins d&#039;une excellente qualit\u00e9 et quantit\u00e9. Bien \u00e9quilibr\u00e9 avec une agr\u00e9able fra\u00eecheur qui accompagne la finale longue et persistante.\" \/>\n<meta name=\"robots\" content=\"index, follow, max-snippet:-1, max-image-preview:large, max-video-preview:-1\" \/>\n<link rel=\"canonical\" href=\"https:\/\/shop.gialdi.ch\/fr\/produit\/sassi-grossi-copia-2\/\" \/>\n<meta property=\"og:locale\" content=\"fr_FR\" \/>\n<meta property=\"og:type\" content=\"article\" \/>\n<meta property=\"og:title\" content=\"Sassi Grossi 2022 75cl - Vino Rosso - Ticino DOC Merlot - Gialdi Vini shop\" \/>\n<meta property=\"og:description\" content=\"Attacco fresco e deciso. Di buona struttura si presenta ben equilibrato con tannini maturi e dolci di ottima quantit\u00e0 e qualit\u00e0.\" \/>\n<meta property=\"og:url\" content=\"https:\/\/shop.gialdi.ch\/fr\/produit\/sassi-grossi-copia-2\/\" \/>\n<meta property=\"og:site_name\" content=\"Gialdi Vini shop\" \/>\n<meta property=\"article:modified_time\" content=\"2026-03-19T16:25:00+00:00\" \/>\n<meta property=\"og:image\" content=\"http:\/\/shop.gialdi.ch\/wp-content\/uploads\/2021\/02\/gialdi-sassi-grossi-2017.png\" \/>\n<meta name=\"twitter:card\" content=\"summary_large_image\" \/>\n<meta name=\"twitter:title\" content=\"Sassi Grossi 2022 75cl - Vino Rosso - Ticino DOC Merlot - Gialdi Vini shop\" \/>\n<meta name=\"twitter:description\" content=\"Attacco fresco e deciso. Di buona struttura si presenta ben equilibrato con tannini maturi e dolci di ottima quantit\u00e0 e qualit\u00e0.\" \/>\n<meta name=\"twitter:image\" content=\"http:\/\/shop.gialdi.ch\/wp-content\/uploads\/2021\/02\/gialdi-sassi-grossi-2017.png\" \/>\n<meta name=\"twitter:label1\" content=\"Dur\u00e9e de lecture estim\u00e9e\" \/>\n\t<meta name=\"twitter:data1\" content=\"1 minute\" \/>\n<script type=\"application\/ld+json\" class=\"yoast-schema-graph\">{\"@context\":\"https:\\\/\\\/schema.org\",\"@graph\":[{\"@type\":\"WebPage\",\"@id\":\"https:\\\/\\\/shop.gialdi.ch\\\/fr\\\/produit\\\/sassi-grossi-copia-2\\\/\",\"url\":\"https:\\\/\\\/shop.gialdi.ch\\\/fr\\\/produit\\\/sassi-grossi-copia-2\\\/\",\"name\":\"Sassi Grossi 2022 75cl - Vin rouge - Ticino DOC Merlot - Gialdi Vini shop\",\"isPartOf\":{\"@id\":\"https:\\\/\\\/shop.gialdi.ch\\\/fr\\\/#website\"},\"primaryImageOfPage\":{\"@id\":\"https:\\\/\\\/shop.gialdi.ch\\\/fr\\\/produit\\\/sassi-grossi-copia-2\\\/#primaryimage\"},\"image\":{\"@id\":\"https:\\\/\\\/shop.gialdi.ch\\\/fr\\\/produit\\\/sassi-grossi-copia-2\\\/#primaryimage\"},\"thumbnailUrl\":\"https:\\\/\\\/shop.gialdi.ch\\\/wp-content\\\/uploads\\\/2021\\\/02\\\/gialdi-sassi-grossi-2017.png\",\"datePublished\":\"2024-09-10T09:51:11+00:00\",\"dateModified\":\"2026-03-19T16:25:00+00:00\",\"description\":\"Attaque pleine et riche. Fruit\u00e9 et cors\u00e9, il est \u00e9l\u00e9gant et tr\u00e8s structur\u00e9, avec des tanins d'une excellente qualit\u00e9 et quantit\u00e9. Bien \u00e9quilibr\u00e9 avec une agr\u00e9able fra\u00eecheur qui accompagne la finale longue et persistante.\",\"breadcrumb\":{\"@id\":\"https:\\\/\\\/shop.gialdi.ch\\\/fr\\\/produit\\\/sassi-grossi-copia-2\\\/#breadcrumb\"},\"inLanguage\":\"fr-FR\",\"potentialAction\":[{\"@type\":\"ReadAction\",\"target\":[\"https:\\\/\\\/shop.gialdi.ch\\\/fr\\\/produit\\\/sassi-grossi-copia-2\\\/\"]}]},{\"@type\":\"ImageObject\",\"inLanguage\":\"fr-FR\",\"@id\":\"https:\\\/\\\/shop.gialdi.ch\\\/fr\\\/produit\\\/sassi-grossi-copia-2\\\/#primaryimage\",\"url\":\"https:\\\/\\\/shop.gialdi.ch\\\/wp-content\\\/uploads\\\/2021\\\/02\\\/gialdi-sassi-grossi-2017.png\",\"contentUrl\":\"https:\\\/\\\/shop.gialdi.ch\\\/wp-content\\\/uploads\\\/2021\\\/02\\\/gialdi-sassi-grossi-2017.png\",\"width\":864,\"height\":2364,\"caption\":\"Sassi Grossi - Ticino DOC Merlot - 2017 - Gialdi\"},{\"@type\":\"BreadcrumbList\",\"@id\":\"https:\\\/\\\/shop.gialdi.ch\\\/fr\\\/produit\\\/sassi-grossi-copia-2\\\/#breadcrumb\",\"itemListElement\":[{\"@type\":\"ListItem\",\"position\":1,\"name\":\"Home\",\"item\":\"https:\\\/\\\/shop.gialdi.ch\\\/fr\\\/\"},{\"@type\":\"ListItem\",\"position\":2,\"name\":\"Boutique\",\"item\":\"https:\\\/\\\/shop.gialdi.ch\\\/fr\\\/\"},{\"@type\":\"ListItem\",\"position\":3,\"name\":\"Rouges\",\"item\":\"https:\\\/\\\/shop.gialdi.ch\\\/fr\\\/cat\u00e9gorie-de-produits\\\/rouges\\\/\"},{\"@type\":\"ListItem\",\"position\":4,\"name\":\"Sassi Grossi 2022\"}]},{\"@type\":\"WebSite\",\"@id\":\"https:\\\/\\\/shop.gialdi.ch\\\/fr\\\/#website\",\"url\":\"https:\\\/\\\/shop.gialdi.ch\\\/fr\\\/\",\"name\":\"Gialdi Vini shop\",\"description\":\"Il meglio della produzione vinicola del Nord e del Sud del Ticino\",\"publisher\":{\"@id\":\"https:\\\/\\\/shop.gialdi.ch\\\/fr\\\/#organization\"},\"potentialAction\":[{\"@type\":\"SearchAction\",\"target\":{\"@type\":\"EntryPoint\",\"urlTemplate\":\"https:\\\/\\\/shop.gialdi.ch\\\/fr\\\/?s={search_term_string}\"},\"query-input\":{\"@type\":\"PropertyValueSpecification\",\"valueRequired\":true,\"valueName\":\"search_term_string\"}}],\"inLanguage\":\"fr-FR\"},{\"@type\":\"Organization\",\"@id\":\"https:\\\/\\\/shop.gialdi.ch\\\/fr\\\/#organization\",\"name\":\"Gialdi Vini SA\",\"url\":\"https:\\\/\\\/shop.gialdi.ch\\\/fr\\\/\",\"logo\":{\"@type\":\"ImageObject\",\"inLanguage\":\"fr-FR\",\"@id\":\"https:\\\/\\\/shop.gialdi.ch\\\/fr\\\/#\\\/schema\\\/logo\\\/image\\\/\",\"url\":\"https:\\\/\\\/shop.gialdi.ch\\\/wp-content\\\/uploads\\\/2020\\\/12\\\/logo-gialdi.png\",\"contentUrl\":\"https:\\\/\\\/shop.gialdi.ch\\\/wp-content\\\/uploads\\\/2020\\\/12\\\/logo-gialdi.png\",\"width\":302,\"height\":152,\"caption\":\"Gialdi Vini SA\"},\"image\":{\"@id\":\"https:\\\/\\\/shop.gialdi.ch\\\/fr\\\/#\\\/schema\\\/logo\\\/image\\\/\"}}]}<\/script>\n<!-- \/ Yoast SEO plugin. -->","yoast_head_json":{"title":"Sassi Grossi 2022 75cl - Vin rouge - Ticino DOC Merlot - Gialdi Vini shop","description":"Attaque pleine et riche. Fruit\u00e9 et cors\u00e9, il est \u00e9l\u00e9gant et tr\u00e8s structur\u00e9, avec des tanins d'une excellente qualit\u00e9 et quantit\u00e9. Bien \u00e9quilibr\u00e9 avec une agr\u00e9able fra\u00eecheur qui accompagne la finale longue et persistante.","robots":{"index":"index","follow":"follow","max-snippet":"max-snippet:-1","max-image-preview":"max-image-preview:large","max-video-preview":"max-video-preview:-1"},"canonical":"https:\/\/shop.gialdi.ch\/fr\/produit\/sassi-grossi-copia-2\/","og_locale":"fr_FR","og_type":"article","og_title":"Sassi Grossi 2022 75cl - Vino Rosso - Ticino DOC Merlot - Gialdi Vini shop","og_description":"Attacco fresco e deciso. Di buona struttura si presenta ben equilibrato con tannini maturi e dolci di ottima quantit\u00e0 e qualit\u00e0.","og_url":"https:\/\/shop.gialdi.ch\/fr\/produit\/sassi-grossi-copia-2\/","og_site_name":"Gialdi Vini shop","article_modified_time":"2026-03-19T16:25:00+00:00","og_image":[{"url":"http:\/\/shop.gialdi.ch\/wp-content\/uploads\/2021\/02\/gialdi-sassi-grossi-2017.png","type":"","width":"","height":""}],"twitter_card":"summary_large_image","twitter_title":"Sassi Grossi 2022 75cl - Vino Rosso - Ticino DOC Merlot - Gialdi Vini shop","twitter_description":"Attacco fresco e deciso. Di buona struttura si presenta ben equilibrato con tannini maturi e dolci di ottima quantit\u00e0 e qualit\u00e0.","twitter_image":"http:\/\/shop.gialdi.ch\/wp-content\/uploads\/2021\/02\/gialdi-sassi-grossi-2017.png","twitter_misc":{"Dur\u00e9e de lecture estim\u00e9e":"1 minute"},"schema":{"@context":"https:\/\/schema.org","@graph":[{"@type":"WebPage","@id":"https:\/\/shop.gialdi.ch\/fr\/produit\/sassi-grossi-copia-2\/","url":"https:\/\/shop.gialdi.ch\/fr\/produit\/sassi-grossi-copia-2\/","name":"Sassi Grossi 2022 75cl - Vin rouge - Ticino DOC Merlot - Gialdi Vini shop","isPartOf":{"@id":"https:\/\/shop.gialdi.ch\/fr\/#website"},"primaryImageOfPage":{"@id":"https:\/\/shop.gialdi.ch\/fr\/produit\/sassi-grossi-copia-2\/#primaryimage"},"image":{"@id":"https:\/\/shop.gialdi.ch\/fr\/produit\/sassi-grossi-copia-2\/#primaryimage"},"thumbnailUrl":"https:\/\/shop.gialdi.ch\/wp-content\/uploads\/2021\/02\/gialdi-sassi-grossi-2017.png","datePublished":"2024-09-10T09:51:11+00:00","dateModified":"2026-03-19T16:25:00+00:00","description":"Attaque pleine et riche. Fruit\u00e9 et cors\u00e9, il est \u00e9l\u00e9gant et tr\u00e8s structur\u00e9, avec des tanins d'une excellente qualit\u00e9 et quantit\u00e9. Bien \u00e9quilibr\u00e9 avec une agr\u00e9able fra\u00eecheur qui accompagne la finale longue et persistante.","breadcrumb":{"@id":"https:\/\/shop.gialdi.ch\/fr\/produit\/sassi-grossi-copia-2\/#breadcrumb"},"inLanguage":"fr-FR","potentialAction":[{"@type":"ReadAction","target":["https:\/\/shop.gialdi.ch\/fr\/produit\/sassi-grossi-copia-2\/"]}]},{"@type":"ImageObject","inLanguage":"fr-FR","@id":"https:\/\/shop.gialdi.ch\/fr\/produit\/sassi-grossi-copia-2\/#primaryimage","url":"https:\/\/shop.gialdi.ch\/wp-content\/uploads\/2021\/02\/gialdi-sassi-grossi-2017.png","contentUrl":"https:\/\/shop.gialdi.ch\/wp-content\/uploads\/2021\/02\/gialdi-sassi-grossi-2017.png","width":864,"height":2364,"caption":"Sassi Grossi - Ticino DOC Merlot - 2017 - Gialdi"},{"@type":"BreadcrumbList","@id":"https:\/\/shop.gialdi.ch\/fr\/produit\/sassi-grossi-copia-2\/#breadcrumb","itemListElement":[{"@type":"ListItem","position":1,"name":"Home","item":"https:\/\/shop.gialdi.ch\/fr\/"},{"@type":"ListItem","position":2,"name":"Boutique","item":"https:\/\/shop.gialdi.ch\/fr\/"},{"@type":"ListItem","position":3,"name":"Rouges","item":"https:\/\/shop.gialdi.ch\/fr\/cat\u00e9gorie-de-produits\/rouges\/"},{"@type":"ListItem","position":4,"name":"Sassi Grossi 2022"}]},{"@type":"WebSite","@id":"https:\/\/shop.gialdi.ch\/fr\/#website","url":"https:\/\/shop.gialdi.ch\/fr\/","name":"Gialdi Vini shop","description":"Il meglio della produzione vinicola del Nord e del Sud del Ticino","publisher":{"@id":"https:\/\/shop.gialdi.ch\/fr\/#organization"},"potentialAction":[{"@type":"SearchAction","target":{"@type":"EntryPoint","urlTemplate":"https:\/\/shop.gialdi.ch\/fr\/?s={search_term_string}"},"query-input":{"@type":"PropertyValueSpecification","valueRequired":true,"valueName":"search_term_string"}}],"inLanguage":"fr-FR"},{"@type":"Organization","@id":"https:\/\/shop.gialdi.ch\/fr\/#organization","name":"Gialdi Vini SA","url":"https:\/\/shop.gialdi.ch\/fr\/","logo":{"@type":"ImageObject","inLanguage":"fr-FR","@id":"https:\/\/shop.gialdi.ch\/fr\/#\/schema\/logo\/image\/","url":"https:\/\/shop.gialdi.ch\/wp-content\/uploads\/2020\/12\/logo-gialdi.png","contentUrl":"https:\/\/shop.gialdi.ch\/wp-content\/uploads\/2020\/12\/logo-gialdi.png","width":302,"height":152,"caption":"Gialdi Vini SA"},"image":{"@id":"https:\/\/shop.gialdi.ch\/fr\/#\/schema\/logo\/image\/"}}]}},"_links":{"self":[{"href":"https:\/\/shop.gialdi.ch\/fr\/wp-json\/wp\/v2\/product\/6950","targetHints":{"allow":["GET"]}}],"collection":[{"href":"https:\/\/shop.gialdi.ch\/fr\/wp-json\/wp\/v2\/product"}],"about":[{"href":"https:\/\/shop.gialdi.ch\/fr\/wp-json\/wp\/v2\/types\/product"}],"wp:featuredmedia":[{"embeddable":true,"href":"https:\/\/shop.gialdi.ch\/fr\/wp-json\/wp\/v2\/media\/614"}],"wp:attachment":[{"href":"https:\/\/shop.gialdi.ch\/fr\/wp-json\/wp\/v2\/media?parent=6950"}],"wp:term":[{"taxonomy":"product_brand","embeddable":true,"href":"https:\/\/shop.gialdi.ch\/fr\/wp-json\/wp\/v2\/product_brand?post=6950"},{"taxonomy":"product_cat","embeddable":true,"href":"https:\/\/shop.gialdi.ch\/fr\/wp-json\/wp\/v2\/product_cat?post=6950"},{"taxonomy":"product_tag","embeddable":true,"href":"https:\/\/shop.gialdi.ch\/fr\/wp-json\/wp\/v2\/product_tag?post=6950"},{"taxonomy":"giftcard-category","embeddable":true,"href":"https:\/\/shop.gialdi.ch\/fr\/wp-json\/wp\/v2\/giftcard-category?post=6950"}],"curies":[{"name":"wp","href":"https:\/\/api.w.org\/{rel}","templated":true}]}}