{"id":1290,"date":"2020-12-15T15:48:22","date_gmt":"2020-12-15T14:48:22","guid":{"rendered":"https:\/\/shop.gialdi.ch\/prodotto\/biasca-premium-50-cl\/"},"modified":"2026-03-23T14:54:22","modified_gmt":"2026-03-23T13:54:22","slug":"biasca-premium-50-cl","status":"publish","type":"product","link":"https:\/\/shop.gialdi.ch\/fr\/produit\/biasca-premium-50-cl\/","title":{"rendered":"Biasca Premium"},"content":{"rendered":"","protected":false},"excerpt":{"rendered":"<p>Ticino DOC Merlot<\/p>\n","protected":false},"featured_media":556,"template":"","meta":{"_acf_changed":false,"inline_featured_image":false},"product_brand":[],"product_cat":[72],"product_tag":[],"giftcard-category":[],"class_list":{"0":"post-1290","1":"product","2":"type-product","3":"status-publish","4":"has-post-thumbnail","6":"product_cat-rouges","7":"pa_brand-gialdi-fr","9":"first","10":"instock","11":"taxable","12":"shipping-taxable","13":"purchasable","14":"product-type-simple"},"acf":[],"yoast_head":"<!-- This site is optimized with the Yoast SEO plugin v27.3 - https:\/\/yoast.com\/product\/yoast-seo-wordpress\/ -->\n<title>Biasca Premium 50cl - Vin rouge - Ticino DOC Merlot - Gialdi Vini shop<\/title>\n<meta name=\"description\" content=\"Attaque fruit\u00e9e. Plein, frais et harmonieux avec des tanins d&#039;excellente quantit\u00e9 et qualit\u00e9. Bonne structure et corps avec une finale \u00e9quilibr\u00e9e et persistante.\" \/>\n<meta name=\"robots\" content=\"index, follow, max-snippet:-1, max-image-preview:large, max-video-preview:-1\" \/>\n<link rel=\"canonical\" href=\"https:\/\/shop.gialdi.ch\/fr\/produit\/biasca-premium-50-cl\/\" \/>\n<meta property=\"og:locale\" content=\"fr_FR\" \/>\n<meta property=\"og:type\" content=\"article\" \/>\n<meta property=\"og:title\" content=\"Biasca Premium 50cl - Vino Rosso - Ticino DOC Merlot - Gialdi Vini shop\" \/>\n<meta property=\"og:description\" content=\"Attacco pieno e compatto. Morbido e fruttato, con tannini di ottima quantit\u00e0 e qualit\u00e0. Elegante, corposo e di buona struttura e corpo.\" \/>\n<meta property=\"og:url\" content=\"https:\/\/shop.gialdi.ch\/fr\/produit\/biasca-premium-50-cl\/\" \/>\n<meta property=\"og:site_name\" content=\"Gialdi Vini shop\" \/>\n<meta property=\"article:modified_time\" content=\"2026-03-23T13:54:22+00:00\" \/>\n<meta property=\"og:image\" content=\"http:\/\/shop.gialdi.ch\/wp-content\/uploads\/2020\/12\/gialdi-biasca-premium-2018.png\" \/>\n<meta name=\"twitter:card\" content=\"summary_large_image\" \/>\n<meta name=\"twitter:title\" content=\"Biasca Premium 50cl - Vino Rosso - Ticino DOC Merlot - Gialdi Vini shop\" \/>\n<meta name=\"twitter:description\" content=\"Attacco pieno e compatto. Morbido e fruttato, con tannini di ottima quantit\u00e0 e qualit\u00e0. Elegante, corposo e di buona struttura e corpo.\" \/>\n<meta name=\"twitter:image\" content=\"http:\/\/shop.gialdi.ch\/wp-content\/uploads\/2020\/12\/gialdi-biasca-premium-2018.png\" \/>\n<meta name=\"twitter:label1\" content=\"Dur\u00e9e de lecture estim\u00e9e\" \/>\n\t<meta name=\"twitter:data1\" content=\"1 minute\" \/>\n<script type=\"application\/ld+json\" class=\"yoast-schema-graph\">{\"@context\":\"https:\\\/\\\/schema.org\",\"@graph\":[{\"@type\":\"WebPage\",\"@id\":\"https:\\\/\\\/shop.gialdi.ch\\\/fr\\\/produit\\\/biasca-premium-50-cl\\\/\",\"url\":\"https:\\\/\\\/shop.gialdi.ch\\\/fr\\\/produit\\\/biasca-premium-50-cl\\\/\",\"name\":\"Biasca Premium 50cl - Vin rouge - Ticino DOC Merlot - Gialdi Vini shop\",\"isPartOf\":{\"@id\":\"https:\\\/\\\/shop.gialdi.ch\\\/fr\\\/#website\"},\"primaryImageOfPage\":{\"@id\":\"https:\\\/\\\/shop.gialdi.ch\\\/fr\\\/produit\\\/biasca-premium-50-cl\\\/#primaryimage\"},\"image\":{\"@id\":\"https:\\\/\\\/shop.gialdi.ch\\\/fr\\\/produit\\\/biasca-premium-50-cl\\\/#primaryimage\"},\"thumbnailUrl\":\"https:\\\/\\\/shop.gialdi.ch\\\/wp-content\\\/uploads\\\/2020\\\/12\\\/gialdi-biasca-premium-2018.png\",\"datePublished\":\"2020-12-15T14:48:22+00:00\",\"dateModified\":\"2026-03-23T13:54:22+00:00\",\"description\":\"Attaque fruit\u00e9e. Plein, frais et harmonieux avec des tanins d'excellente quantit\u00e9 et qualit\u00e9. Bonne structure et corps avec une finale \u00e9quilibr\u00e9e et persistante.\",\"breadcrumb\":{\"@id\":\"https:\\\/\\\/shop.gialdi.ch\\\/fr\\\/produit\\\/biasca-premium-50-cl\\\/#breadcrumb\"},\"inLanguage\":\"fr-FR\",\"potentialAction\":[{\"@type\":\"ReadAction\",\"target\":[\"https:\\\/\\\/shop.gialdi.ch\\\/fr\\\/produit\\\/biasca-premium-50-cl\\\/\"]}]},{\"@type\":\"ImageObject\",\"inLanguage\":\"fr-FR\",\"@id\":\"https:\\\/\\\/shop.gialdi.ch\\\/fr\\\/produit\\\/biasca-premium-50-cl\\\/#primaryimage\",\"url\":\"https:\\\/\\\/shop.gialdi.ch\\\/wp-content\\\/uploads\\\/2020\\\/12\\\/gialdi-biasca-premium-2018.png\",\"contentUrl\":\"https:\\\/\\\/shop.gialdi.ch\\\/wp-content\\\/uploads\\\/2020\\\/12\\\/gialdi-biasca-premium-2018.png\",\"width\":859,\"height\":2362,\"caption\":\"Biasca Premium - Ticino DOC Merlot - 2018 - Gialdi\"},{\"@type\":\"BreadcrumbList\",\"@id\":\"https:\\\/\\\/shop.gialdi.ch\\\/fr\\\/produit\\\/biasca-premium-50-cl\\\/#breadcrumb\",\"itemListElement\":[{\"@type\":\"ListItem\",\"position\":1,\"name\":\"Home\",\"item\":\"https:\\\/\\\/shop.gialdi.ch\\\/fr\\\/\"},{\"@type\":\"ListItem\",\"position\":2,\"name\":\"Boutique\",\"item\":\"https:\\\/\\\/shop.gialdi.ch\\\/fr\\\/\"},{\"@type\":\"ListItem\",\"position\":3,\"name\":\"Rouges\",\"item\":\"https:\\\/\\\/shop.gialdi.ch\\\/fr\\\/cat\u00e9gorie-de-produits\\\/rouges\\\/\"},{\"@type\":\"ListItem\",\"position\":4,\"name\":\"Biasca Premium\"}]},{\"@type\":\"WebSite\",\"@id\":\"https:\\\/\\\/shop.gialdi.ch\\\/fr\\\/#website\",\"url\":\"https:\\\/\\\/shop.gialdi.ch\\\/fr\\\/\",\"name\":\"Gialdi Vini shop\",\"description\":\"Il meglio della produzione vinicola del Nord e del Sud del Ticino\",\"publisher\":{\"@id\":\"https:\\\/\\\/shop.gialdi.ch\\\/fr\\\/#organization\"},\"potentialAction\":[{\"@type\":\"SearchAction\",\"target\":{\"@type\":\"EntryPoint\",\"urlTemplate\":\"https:\\\/\\\/shop.gialdi.ch\\\/fr\\\/?s={search_term_string}\"},\"query-input\":{\"@type\":\"PropertyValueSpecification\",\"valueRequired\":true,\"valueName\":\"search_term_string\"}}],\"inLanguage\":\"fr-FR\"},{\"@type\":\"Organization\",\"@id\":\"https:\\\/\\\/shop.gialdi.ch\\\/fr\\\/#organization\",\"name\":\"Gialdi Vini SA\",\"url\":\"https:\\\/\\\/shop.gialdi.ch\\\/fr\\\/\",\"logo\":{\"@type\":\"ImageObject\",\"inLanguage\":\"fr-FR\",\"@id\":\"https:\\\/\\\/shop.gialdi.ch\\\/fr\\\/#\\\/schema\\\/logo\\\/image\\\/\",\"url\":\"https:\\\/\\\/shop.gialdi.ch\\\/wp-content\\\/uploads\\\/2020\\\/12\\\/logo-gialdi.png\",\"contentUrl\":\"https:\\\/\\\/shop.gialdi.ch\\\/wp-content\\\/uploads\\\/2020\\\/12\\\/logo-gialdi.png\",\"width\":302,\"height\":152,\"caption\":\"Gialdi Vini SA\"},\"image\":{\"@id\":\"https:\\\/\\\/shop.gialdi.ch\\\/fr\\\/#\\\/schema\\\/logo\\\/image\\\/\"}}]}<\/script>\n<!-- \/ Yoast SEO plugin. -->","yoast_head_json":{"title":"Biasca Premium 50cl - Vin rouge - Ticino DOC Merlot - Gialdi Vini shop","description":"Attaque fruit\u00e9e. Plein, frais et harmonieux avec des tanins d'excellente quantit\u00e9 et qualit\u00e9. Bonne structure et corps avec une finale \u00e9quilibr\u00e9e et persistante.","robots":{"index":"index","follow":"follow","max-snippet":"max-snippet:-1","max-image-preview":"max-image-preview:large","max-video-preview":"max-video-preview:-1"},"canonical":"https:\/\/shop.gialdi.ch\/fr\/produit\/biasca-premium-50-cl\/","og_locale":"fr_FR","og_type":"article","og_title":"Biasca Premium 50cl - Vino Rosso - Ticino DOC Merlot - Gialdi Vini shop","og_description":"Attacco pieno e compatto. Morbido e fruttato, con tannini di ottima quantit\u00e0 e qualit\u00e0. Elegante, corposo e di buona struttura e corpo.","og_url":"https:\/\/shop.gialdi.ch\/fr\/produit\/biasca-premium-50-cl\/","og_site_name":"Gialdi Vini shop","article_modified_time":"2026-03-23T13:54:22+00:00","og_image":[{"url":"http:\/\/shop.gialdi.ch\/wp-content\/uploads\/2020\/12\/gialdi-biasca-premium-2018.png","type":"","width":"","height":""}],"twitter_card":"summary_large_image","twitter_title":"Biasca Premium 50cl - Vino Rosso - Ticino DOC Merlot - Gialdi Vini shop","twitter_description":"Attacco pieno e compatto. Morbido e fruttato, con tannini di ottima quantit\u00e0 e qualit\u00e0. Elegante, corposo e di buona struttura e corpo.","twitter_image":"http:\/\/shop.gialdi.ch\/wp-content\/uploads\/2020\/12\/gialdi-biasca-premium-2018.png","twitter_misc":{"Dur\u00e9e de lecture estim\u00e9e":"1 minute"},"schema":{"@context":"https:\/\/schema.org","@graph":[{"@type":"WebPage","@id":"https:\/\/shop.gialdi.ch\/fr\/produit\/biasca-premium-50-cl\/","url":"https:\/\/shop.gialdi.ch\/fr\/produit\/biasca-premium-50-cl\/","name":"Biasca Premium 50cl - Vin rouge - Ticino DOC Merlot - Gialdi Vini shop","isPartOf":{"@id":"https:\/\/shop.gialdi.ch\/fr\/#website"},"primaryImageOfPage":{"@id":"https:\/\/shop.gialdi.ch\/fr\/produit\/biasca-premium-50-cl\/#primaryimage"},"image":{"@id":"https:\/\/shop.gialdi.ch\/fr\/produit\/biasca-premium-50-cl\/#primaryimage"},"thumbnailUrl":"https:\/\/shop.gialdi.ch\/wp-content\/uploads\/2020\/12\/gialdi-biasca-premium-2018.png","datePublished":"2020-12-15T14:48:22+00:00","dateModified":"2026-03-23T13:54:22+00:00","description":"Attaque fruit\u00e9e. Plein, frais et harmonieux avec des tanins d'excellente quantit\u00e9 et qualit\u00e9. Bonne structure et corps avec une finale \u00e9quilibr\u00e9e et persistante.","breadcrumb":{"@id":"https:\/\/shop.gialdi.ch\/fr\/produit\/biasca-premium-50-cl\/#breadcrumb"},"inLanguage":"fr-FR","potentialAction":[{"@type":"ReadAction","target":["https:\/\/shop.gialdi.ch\/fr\/produit\/biasca-premium-50-cl\/"]}]},{"@type":"ImageObject","inLanguage":"fr-FR","@id":"https:\/\/shop.gialdi.ch\/fr\/produit\/biasca-premium-50-cl\/#primaryimage","url":"https:\/\/shop.gialdi.ch\/wp-content\/uploads\/2020\/12\/gialdi-biasca-premium-2018.png","contentUrl":"https:\/\/shop.gialdi.ch\/wp-content\/uploads\/2020\/12\/gialdi-biasca-premium-2018.png","width":859,"height":2362,"caption":"Biasca Premium - Ticino DOC Merlot - 2018 - Gialdi"},{"@type":"BreadcrumbList","@id":"https:\/\/shop.gialdi.ch\/fr\/produit\/biasca-premium-50-cl\/#breadcrumb","itemListElement":[{"@type":"ListItem","position":1,"name":"Home","item":"https:\/\/shop.gialdi.ch\/fr\/"},{"@type":"ListItem","position":2,"name":"Boutique","item":"https:\/\/shop.gialdi.ch\/fr\/"},{"@type":"ListItem","position":3,"name":"Rouges","item":"https:\/\/shop.gialdi.ch\/fr\/cat\u00e9gorie-de-produits\/rouges\/"},{"@type":"ListItem","position":4,"name":"Biasca Premium"}]},{"@type":"WebSite","@id":"https:\/\/shop.gialdi.ch\/fr\/#website","url":"https:\/\/shop.gialdi.ch\/fr\/","name":"Gialdi Vini shop","description":"Il meglio della produzione vinicola del Nord e del Sud del Ticino","publisher":{"@id":"https:\/\/shop.gialdi.ch\/fr\/#organization"},"potentialAction":[{"@type":"SearchAction","target":{"@type":"EntryPoint","urlTemplate":"https:\/\/shop.gialdi.ch\/fr\/?s={search_term_string}"},"query-input":{"@type":"PropertyValueSpecification","valueRequired":true,"valueName":"search_term_string"}}],"inLanguage":"fr-FR"},{"@type":"Organization","@id":"https:\/\/shop.gialdi.ch\/fr\/#organization","name":"Gialdi Vini SA","url":"https:\/\/shop.gialdi.ch\/fr\/","logo":{"@type":"ImageObject","inLanguage":"fr-FR","@id":"https:\/\/shop.gialdi.ch\/fr\/#\/schema\/logo\/image\/","url":"https:\/\/shop.gialdi.ch\/wp-content\/uploads\/2020\/12\/logo-gialdi.png","contentUrl":"https:\/\/shop.gialdi.ch\/wp-content\/uploads\/2020\/12\/logo-gialdi.png","width":302,"height":152,"caption":"Gialdi Vini SA"},"image":{"@id":"https:\/\/shop.gialdi.ch\/fr\/#\/schema\/logo\/image\/"}}]}},"_links":{"self":[{"href":"https:\/\/shop.gialdi.ch\/fr\/wp-json\/wp\/v2\/product\/1290","targetHints":{"allow":["GET"]}}],"collection":[{"href":"https:\/\/shop.gialdi.ch\/fr\/wp-json\/wp\/v2\/product"}],"about":[{"href":"https:\/\/shop.gialdi.ch\/fr\/wp-json\/wp\/v2\/types\/product"}],"wp:featuredmedia":[{"embeddable":true,"href":"https:\/\/shop.gialdi.ch\/fr\/wp-json\/wp\/v2\/media\/556"}],"wp:attachment":[{"href":"https:\/\/shop.gialdi.ch\/fr\/wp-json\/wp\/v2\/media?parent=1290"}],"wp:term":[{"taxonomy":"product_brand","embeddable":true,"href":"https:\/\/shop.gialdi.ch\/fr\/wp-json\/wp\/v2\/product_brand?post=1290"},{"taxonomy":"product_cat","embeddable":true,"href":"https:\/\/shop.gialdi.ch\/fr\/wp-json\/wp\/v2\/product_cat?post=1290"},{"taxonomy":"product_tag","embeddable":true,"href":"https:\/\/shop.gialdi.ch\/fr\/wp-json\/wp\/v2\/product_tag?post=1290"},{"taxonomy":"giftcard-category","embeddable":true,"href":"https:\/\/shop.gialdi.ch\/fr\/wp-json\/wp\/v2\/giftcard-category?post=1290"}],"curies":[{"name":"wp","href":"https:\/\/api.w.org\/{rel}","templated":true}]}}