{"id":1264,"date":"2021-02-12T18:52:45","date_gmt":"2021-02-12T17:52:45","guid":{"rendered":"https:\/\/shop.gialdi.ch\/prodotto\/pra-bianco-75-cl\/"},"modified":"2026-04-07T16:34:47","modified_gmt":"2026-04-07T14:34:47","slug":"pra-bianco-75-cl","status":"publish","type":"product","link":"https:\/\/shop.gialdi.ch\/fr\/produit\/pra-bianco-75-cl\/","title":{"rendered":"Pr\u00e0 Bianco"},"content":{"rendered":"","protected":false},"excerpt":{"rendered":"<p>Bianco del Ticino DOC<\/p>\n","protected":false},"featured_media":442,"template":"","meta":{"_acf_changed":false,"inline_featured_image":false},"product_brand":[],"product_cat":[85],"product_tag":[],"giftcard-category":[],"class_list":{"0":"post-1264","1":"product","2":"type-product","3":"status-publish","4":"has-post-thumbnail","6":"product_cat-blancs","7":"pa_brand-brivio-fr","9":"first","10":"instock","11":"taxable","12":"shipping-taxable","13":"purchasable","14":"product-type-simple"},"acf":[],"yoast_head":"<!-- This site is optimized with the Yoast SEO plugin v27.3 - https:\/\/yoast.com\/product\/yoast-seo-wordpress\/ -->\n<title>Pr\u00e0 Bianco 75cl - Vin blanc - Bianco del Ticino DOC - Gialdi Vini shop<\/title>\n<meta name=\"description\" content=\"Intense et d&#039;une bonne complexit\u00e9. Frais et fruit\u00e9.Harmonieux et \u00e9l\u00e9gant, avec une finale savoureuse et une bonne persistance.\" \/>\n<meta name=\"robots\" content=\"index, follow, max-snippet:-1, max-image-preview:large, max-video-preview:-1\" \/>\n<link rel=\"canonical\" href=\"https:\/\/shop.gialdi.ch\/fr\/produit\/pra-bianco-75-cl\/\" \/>\n<meta property=\"og:locale\" content=\"fr_FR\" \/>\n<meta property=\"og:type\" content=\"article\" \/>\n<meta property=\"og:title\" content=\"Pr\u00e0 Bianco 75cl - Vino Bianco - 2019 - Ticino DOC - Gialdi Vini shop\" \/>\n<meta property=\"og:description\" content=\"Intenso e di buona complessit\u00e0. Fresco e fruttato. Armonioso ed elegante, con un finale sapido e di buona persistenza.\" \/>\n<meta property=\"og:url\" content=\"https:\/\/shop.gialdi.ch\/fr\/produit\/pra-bianco-75-cl\/\" \/>\n<meta property=\"og:site_name\" content=\"Gialdi Vini shop\" \/>\n<meta property=\"article:modified_time\" content=\"2026-04-07T14:34:47+00:00\" \/>\n<meta property=\"og:image\" content=\"http:\/\/shop.gialdi.ch\/wp-content\/uploads\/2021\/02\/brivio-pra-bianco-assemblaggio-2019.png\" \/>\n<meta name=\"twitter:card\" content=\"summary_large_image\" \/>\n<meta name=\"twitter:title\" content=\"Pr\u00e0 Bianco 75cl - Vino Bianco - 2019 - Ticino DOC - Gialdi Vini shop\" \/>\n<meta name=\"twitter:description\" content=\"Intenso e di buona complessit\u00e0. Fresco e fruttato. Armonioso ed elegante, con un finale sapido e di buona persistenza.\" \/>\n<meta name=\"twitter:image\" content=\"http:\/\/shop.gialdi.ch\/wp-content\/uploads\/2021\/02\/brivio-pra-bianco-assemblaggio-2019.png\" \/>\n<meta name=\"twitter:label1\" content=\"Dur\u00e9e de lecture estim\u00e9e\" \/>\n\t<meta name=\"twitter:data1\" content=\"1 minute\" \/>\n<script type=\"application\/ld+json\" class=\"yoast-schema-graph\">{\"@context\":\"https:\\\/\\\/schema.org\",\"@graph\":[{\"@type\":\"WebPage\",\"@id\":\"https:\\\/\\\/shop.gialdi.ch\\\/fr\\\/produit\\\/pra-bianco-75-cl\\\/\",\"url\":\"https:\\\/\\\/shop.gialdi.ch\\\/fr\\\/produit\\\/pra-bianco-75-cl\\\/\",\"name\":\"Pr\u00e0 Bianco 75cl - Vin blanc - Bianco del Ticino DOC - Gialdi Vini shop\",\"isPartOf\":{\"@id\":\"https:\\\/\\\/shop.gialdi.ch\\\/fr\\\/#website\"},\"primaryImageOfPage\":{\"@id\":\"https:\\\/\\\/shop.gialdi.ch\\\/fr\\\/produit\\\/pra-bianco-75-cl\\\/#primaryimage\"},\"image\":{\"@id\":\"https:\\\/\\\/shop.gialdi.ch\\\/fr\\\/produit\\\/pra-bianco-75-cl\\\/#primaryimage\"},\"thumbnailUrl\":\"https:\\\/\\\/shop.gialdi.ch\\\/wp-content\\\/uploads\\\/2021\\\/02\\\/brivio-pra-bianco-assemblaggio-2019.png\",\"datePublished\":\"2021-02-12T17:52:45+00:00\",\"dateModified\":\"2026-04-07T14:34:47+00:00\",\"description\":\"Intense et d'une bonne complexit\u00e9. Frais et fruit\u00e9.Harmonieux et \u00e9l\u00e9gant, avec une finale savoureuse et une bonne persistance.\",\"breadcrumb\":{\"@id\":\"https:\\\/\\\/shop.gialdi.ch\\\/fr\\\/produit\\\/pra-bianco-75-cl\\\/#breadcrumb\"},\"inLanguage\":\"fr-FR\",\"potentialAction\":[{\"@type\":\"ReadAction\",\"target\":[\"https:\\\/\\\/shop.gialdi.ch\\\/fr\\\/produit\\\/pra-bianco-75-cl\\\/\"]}]},{\"@type\":\"ImageObject\",\"inLanguage\":\"fr-FR\",\"@id\":\"https:\\\/\\\/shop.gialdi.ch\\\/fr\\\/produit\\\/pra-bianco-75-cl\\\/#primaryimage\",\"url\":\"https:\\\/\\\/shop.gialdi.ch\\\/wp-content\\\/uploads\\\/2021\\\/02\\\/brivio-pra-bianco-assemblaggio-2019.png\",\"contentUrl\":\"https:\\\/\\\/shop.gialdi.ch\\\/wp-content\\\/uploads\\\/2021\\\/02\\\/brivio-pra-bianco-assemblaggio-2019.png\",\"width\":698,\"height\":1920,\"caption\":\"Pr\u00e0 Bianco - Assemblaggio - 2019 - Brivio\"},{\"@type\":\"BreadcrumbList\",\"@id\":\"https:\\\/\\\/shop.gialdi.ch\\\/fr\\\/produit\\\/pra-bianco-75-cl\\\/#breadcrumb\",\"itemListElement\":[{\"@type\":\"ListItem\",\"position\":1,\"name\":\"Home\",\"item\":\"https:\\\/\\\/shop.gialdi.ch\\\/fr\\\/\"},{\"@type\":\"ListItem\",\"position\":2,\"name\":\"Boutique\",\"item\":\"https:\\\/\\\/shop.gialdi.ch\\\/fr\\\/\"},{\"@type\":\"ListItem\",\"position\":3,\"name\":\"Blancs\",\"item\":\"https:\\\/\\\/shop.gialdi.ch\\\/fr\\\/cat\u00e9gorie-de-produits\\\/blancs\\\/\"},{\"@type\":\"ListItem\",\"position\":4,\"name\":\"Pr\u00e0 Bianco\"}]},{\"@type\":\"WebSite\",\"@id\":\"https:\\\/\\\/shop.gialdi.ch\\\/fr\\\/#website\",\"url\":\"https:\\\/\\\/shop.gialdi.ch\\\/fr\\\/\",\"name\":\"Gialdi Vini shop\",\"description\":\"Il meglio della produzione vinicola del Nord e del Sud del Ticino\",\"publisher\":{\"@id\":\"https:\\\/\\\/shop.gialdi.ch\\\/fr\\\/#organization\"},\"potentialAction\":[{\"@type\":\"SearchAction\",\"target\":{\"@type\":\"EntryPoint\",\"urlTemplate\":\"https:\\\/\\\/shop.gialdi.ch\\\/fr\\\/?s={search_term_string}\"},\"query-input\":{\"@type\":\"PropertyValueSpecification\",\"valueRequired\":true,\"valueName\":\"search_term_string\"}}],\"inLanguage\":\"fr-FR\"},{\"@type\":\"Organization\",\"@id\":\"https:\\\/\\\/shop.gialdi.ch\\\/fr\\\/#organization\",\"name\":\"Gialdi Vini SA\",\"url\":\"https:\\\/\\\/shop.gialdi.ch\\\/fr\\\/\",\"logo\":{\"@type\":\"ImageObject\",\"inLanguage\":\"fr-FR\",\"@id\":\"https:\\\/\\\/shop.gialdi.ch\\\/fr\\\/#\\\/schema\\\/logo\\\/image\\\/\",\"url\":\"https:\\\/\\\/shop.gialdi.ch\\\/wp-content\\\/uploads\\\/2020\\\/12\\\/logo-gialdi.png\",\"contentUrl\":\"https:\\\/\\\/shop.gialdi.ch\\\/wp-content\\\/uploads\\\/2020\\\/12\\\/logo-gialdi.png\",\"width\":302,\"height\":152,\"caption\":\"Gialdi Vini SA\"},\"image\":{\"@id\":\"https:\\\/\\\/shop.gialdi.ch\\\/fr\\\/#\\\/schema\\\/logo\\\/image\\\/\"}}]}<\/script>\n<!-- \/ Yoast SEO plugin. -->","yoast_head_json":{"title":"Pr\u00e0 Bianco 75cl - Vin blanc - Bianco del Ticino DOC - Gialdi Vini shop","description":"Intense et d'une bonne complexit\u00e9. Frais et fruit\u00e9.Harmonieux et \u00e9l\u00e9gant, avec une finale savoureuse et une bonne persistance.","robots":{"index":"index","follow":"follow","max-snippet":"max-snippet:-1","max-image-preview":"max-image-preview:large","max-video-preview":"max-video-preview:-1"},"canonical":"https:\/\/shop.gialdi.ch\/fr\/produit\/pra-bianco-75-cl\/","og_locale":"fr_FR","og_type":"article","og_title":"Pr\u00e0 Bianco 75cl - Vino Bianco - 2019 - Ticino DOC - Gialdi Vini shop","og_description":"Intenso e di buona complessit\u00e0. Fresco e fruttato. Armonioso ed elegante, con un finale sapido e di buona persistenza.","og_url":"https:\/\/shop.gialdi.ch\/fr\/produit\/pra-bianco-75-cl\/","og_site_name":"Gialdi Vini shop","article_modified_time":"2026-04-07T14:34:47+00:00","og_image":[{"url":"http:\/\/shop.gialdi.ch\/wp-content\/uploads\/2021\/02\/brivio-pra-bianco-assemblaggio-2019.png","type":"","width":"","height":""}],"twitter_card":"summary_large_image","twitter_title":"Pr\u00e0 Bianco 75cl - Vino Bianco - 2019 - Ticino DOC - Gialdi Vini shop","twitter_description":"Intenso e di buona complessit\u00e0. Fresco e fruttato. Armonioso ed elegante, con un finale sapido e di buona persistenza.","twitter_image":"http:\/\/shop.gialdi.ch\/wp-content\/uploads\/2021\/02\/brivio-pra-bianco-assemblaggio-2019.png","twitter_misc":{"Dur\u00e9e de lecture estim\u00e9e":"1 minute"},"schema":{"@context":"https:\/\/schema.org","@graph":[{"@type":"WebPage","@id":"https:\/\/shop.gialdi.ch\/fr\/produit\/pra-bianco-75-cl\/","url":"https:\/\/shop.gialdi.ch\/fr\/produit\/pra-bianco-75-cl\/","name":"Pr\u00e0 Bianco 75cl - Vin blanc - Bianco del Ticino DOC - Gialdi Vini shop","isPartOf":{"@id":"https:\/\/shop.gialdi.ch\/fr\/#website"},"primaryImageOfPage":{"@id":"https:\/\/shop.gialdi.ch\/fr\/produit\/pra-bianco-75-cl\/#primaryimage"},"image":{"@id":"https:\/\/shop.gialdi.ch\/fr\/produit\/pra-bianco-75-cl\/#primaryimage"},"thumbnailUrl":"https:\/\/shop.gialdi.ch\/wp-content\/uploads\/2021\/02\/brivio-pra-bianco-assemblaggio-2019.png","datePublished":"2021-02-12T17:52:45+00:00","dateModified":"2026-04-07T14:34:47+00:00","description":"Intense et d'une bonne complexit\u00e9. Frais et fruit\u00e9.Harmonieux et \u00e9l\u00e9gant, avec une finale savoureuse et une bonne persistance.","breadcrumb":{"@id":"https:\/\/shop.gialdi.ch\/fr\/produit\/pra-bianco-75-cl\/#breadcrumb"},"inLanguage":"fr-FR","potentialAction":[{"@type":"ReadAction","target":["https:\/\/shop.gialdi.ch\/fr\/produit\/pra-bianco-75-cl\/"]}]},{"@type":"ImageObject","inLanguage":"fr-FR","@id":"https:\/\/shop.gialdi.ch\/fr\/produit\/pra-bianco-75-cl\/#primaryimage","url":"https:\/\/shop.gialdi.ch\/wp-content\/uploads\/2021\/02\/brivio-pra-bianco-assemblaggio-2019.png","contentUrl":"https:\/\/shop.gialdi.ch\/wp-content\/uploads\/2021\/02\/brivio-pra-bianco-assemblaggio-2019.png","width":698,"height":1920,"caption":"Pr\u00e0 Bianco - Assemblaggio - 2019 - Brivio"},{"@type":"BreadcrumbList","@id":"https:\/\/shop.gialdi.ch\/fr\/produit\/pra-bianco-75-cl\/#breadcrumb","itemListElement":[{"@type":"ListItem","position":1,"name":"Home","item":"https:\/\/shop.gialdi.ch\/fr\/"},{"@type":"ListItem","position":2,"name":"Boutique","item":"https:\/\/shop.gialdi.ch\/fr\/"},{"@type":"ListItem","position":3,"name":"Blancs","item":"https:\/\/shop.gialdi.ch\/fr\/cat\u00e9gorie-de-produits\/blancs\/"},{"@type":"ListItem","position":4,"name":"Pr\u00e0 Bianco"}]},{"@type":"WebSite","@id":"https:\/\/shop.gialdi.ch\/fr\/#website","url":"https:\/\/shop.gialdi.ch\/fr\/","name":"Gialdi Vini shop","description":"Il meglio della produzione vinicola del Nord e del Sud del Ticino","publisher":{"@id":"https:\/\/shop.gialdi.ch\/fr\/#organization"},"potentialAction":[{"@type":"SearchAction","target":{"@type":"EntryPoint","urlTemplate":"https:\/\/shop.gialdi.ch\/fr\/?s={search_term_string}"},"query-input":{"@type":"PropertyValueSpecification","valueRequired":true,"valueName":"search_term_string"}}],"inLanguage":"fr-FR"},{"@type":"Organization","@id":"https:\/\/shop.gialdi.ch\/fr\/#organization","name":"Gialdi Vini SA","url":"https:\/\/shop.gialdi.ch\/fr\/","logo":{"@type":"ImageObject","inLanguage":"fr-FR","@id":"https:\/\/shop.gialdi.ch\/fr\/#\/schema\/logo\/image\/","url":"https:\/\/shop.gialdi.ch\/wp-content\/uploads\/2020\/12\/logo-gialdi.png","contentUrl":"https:\/\/shop.gialdi.ch\/wp-content\/uploads\/2020\/12\/logo-gialdi.png","width":302,"height":152,"caption":"Gialdi Vini SA"},"image":{"@id":"https:\/\/shop.gialdi.ch\/fr\/#\/schema\/logo\/image\/"}}]}},"_links":{"self":[{"href":"https:\/\/shop.gialdi.ch\/fr\/wp-json\/wp\/v2\/product\/1264","targetHints":{"allow":["GET"]}}],"collection":[{"href":"https:\/\/shop.gialdi.ch\/fr\/wp-json\/wp\/v2\/product"}],"about":[{"href":"https:\/\/shop.gialdi.ch\/fr\/wp-json\/wp\/v2\/types\/product"}],"wp:featuredmedia":[{"embeddable":true,"href":"https:\/\/shop.gialdi.ch\/fr\/wp-json\/wp\/v2\/media\/442"}],"wp:attachment":[{"href":"https:\/\/shop.gialdi.ch\/fr\/wp-json\/wp\/v2\/media?parent=1264"}],"wp:term":[{"taxonomy":"product_brand","embeddable":true,"href":"https:\/\/shop.gialdi.ch\/fr\/wp-json\/wp\/v2\/product_brand?post=1264"},{"taxonomy":"product_cat","embeddable":true,"href":"https:\/\/shop.gialdi.ch\/fr\/wp-json\/wp\/v2\/product_cat?post=1264"},{"taxonomy":"product_tag","embeddable":true,"href":"https:\/\/shop.gialdi.ch\/fr\/wp-json\/wp\/v2\/product_tag?post=1264"},{"taxonomy":"giftcard-category","embeddable":true,"href":"https:\/\/shop.gialdi.ch\/fr\/wp-json\/wp\/v2\/giftcard-category?post=1264"}],"curies":[{"name":"wp","href":"https:\/\/api.w.org\/{rel}","templated":true}]}}