{"id":1208,"date":"2021-02-16T11:41:49","date_gmt":"2021-02-16T10:41:49","guid":{"rendered":"https:\/\/shop.gialdi.ch\/prodotto\/limoni-50-cl\/"},"modified":"2025-12-22T00:01:57","modified_gmt":"2025-12-21T23:01:57","slug":"limoni-50-cl","status":"publish","type":"product","link":"https:\/\/shop.gialdi.ch\/fr\/produit\/limoni-50-cl\/","title":{"rendered":"Limon\u00ec"},"content":{"rendered":"","protected":false},"excerpt":{"rendered":"<p>Liqueur \u00e0 base de citrons<\/p>\n","protected":false},"featured_media":510,"template":"","meta":{"_acf_changed":false,"inline_featured_image":false},"product_brand":[],"product_cat":[88],"product_tag":[],"giftcard-category":[],"class_list":{"0":"post-1208","1":"product","2":"type-product","3":"status-publish","4":"has-post-thumbnail","6":"product_cat-liqueurs-et-distillats","7":"pa_brand-brivio-fr","9":"first","10":"instock","11":"taxable","12":"shipping-taxable","13":"purchasable","14":"product-type-simple"},"acf":[],"yoast_head":"<!-- This site is optimized with the Yoast SEO plugin v27.3 - https:\/\/yoast.com\/product\/yoast-seo-wordpress\/ -->\n<title>Limon\u00ec 50cl - Liqueur de citron - Brivio - Gialdi Vini shop<\/title>\n<meta name=\"description\" content=\"Liqueur de citron - 50 cl - Id\u00e9al comme apr\u00e8s-repas ou pour accompagner les desserts et les glaces.\" \/>\n<meta name=\"robots\" content=\"index, follow, max-snippet:-1, max-image-preview:large, max-video-preview:-1\" \/>\n<link rel=\"canonical\" href=\"https:\/\/shop.gialdi.ch\/fr\/produit\/limoni-50-cl\/\" \/>\n<meta property=\"og:locale\" content=\"fr_FR\" \/>\n<meta property=\"og:type\" content=\"article\" \/>\n<meta property=\"og:title\" content=\"Limon\u00ec 50cl - Liquore a base di Limoni - Brivio - Gialdi Vini shop\" \/>\n<meta property=\"og:description\" content=\"Liquore a base di limoni\" \/>\n<meta property=\"og:url\" content=\"https:\/\/shop.gialdi.ch\/fr\/produit\/limoni-50-cl\/\" \/>\n<meta property=\"og:site_name\" content=\"Gialdi Vini shop\" \/>\n<meta property=\"article:modified_time\" content=\"2025-12-21T23:01:57+00:00\" \/>\n<meta property=\"og:image\" content=\"http:\/\/shop.gialdi.ch\/wp-content\/uploads\/2021\/02\/brivio-limoni-liquore.png\" \/>\n<meta name=\"twitter:card\" content=\"summary_large_image\" \/>\n<meta name=\"twitter:title\" content=\"Limon\u00ec 50cl - Liquore a base di Limoni - Brivio - Gialdi Vini shop\" \/>\n<meta name=\"twitter:description\" content=\"Liquore a base di limoni\" \/>\n<meta name=\"twitter:image\" content=\"http:\/\/shop.gialdi.ch\/wp-content\/uploads\/2021\/02\/brivio-limoni-liquore.png\" \/>\n<script type=\"application\/ld+json\" class=\"yoast-schema-graph\">{\"@context\":\"https:\\\/\\\/schema.org\",\"@graph\":[{\"@type\":\"WebPage\",\"@id\":\"https:\\\/\\\/shop.gialdi.ch\\\/fr\\\/produit\\\/limoni-50-cl\\\/\",\"url\":\"https:\\\/\\\/shop.gialdi.ch\\\/fr\\\/produit\\\/limoni-50-cl\\\/\",\"name\":\"Limon\u00ec 50cl - Liqueur de citron - Brivio - Gialdi Vini shop\",\"isPartOf\":{\"@id\":\"https:\\\/\\\/shop.gialdi.ch\\\/fr\\\/#website\"},\"primaryImageOfPage\":{\"@id\":\"https:\\\/\\\/shop.gialdi.ch\\\/fr\\\/produit\\\/limoni-50-cl\\\/#primaryimage\"},\"image\":{\"@id\":\"https:\\\/\\\/shop.gialdi.ch\\\/fr\\\/produit\\\/limoni-50-cl\\\/#primaryimage\"},\"thumbnailUrl\":\"https:\\\/\\\/shop.gialdi.ch\\\/wp-content\\\/uploads\\\/2021\\\/02\\\/brivio-limoni-liquore.png\",\"datePublished\":\"2021-02-16T10:41:49+00:00\",\"dateModified\":\"2025-12-21T23:01:57+00:00\",\"description\":\"Liqueur de citron - 50 cl - Id\u00e9al comme apr\u00e8s-repas ou pour accompagner les desserts et les glaces.\",\"breadcrumb\":{\"@id\":\"https:\\\/\\\/shop.gialdi.ch\\\/fr\\\/produit\\\/limoni-50-cl\\\/#breadcrumb\"},\"inLanguage\":\"fr-FR\",\"potentialAction\":[{\"@type\":\"ReadAction\",\"target\":[\"https:\\\/\\\/shop.gialdi.ch\\\/fr\\\/produit\\\/limoni-50-cl\\\/\"]}]},{\"@type\":\"ImageObject\",\"inLanguage\":\"fr-FR\",\"@id\":\"https:\\\/\\\/shop.gialdi.ch\\\/fr\\\/produit\\\/limoni-50-cl\\\/#primaryimage\",\"url\":\"https:\\\/\\\/shop.gialdi.ch\\\/wp-content\\\/uploads\\\/2021\\\/02\\\/brivio-limoni-liquore.png\",\"contentUrl\":\"https:\\\/\\\/shop.gialdi.ch\\\/wp-content\\\/uploads\\\/2021\\\/02\\\/brivio-limoni-liquore.png\",\"width\":627,\"height\":2184,\"caption\":\"Liquore Limon\u00ec - Brivio\"},{\"@type\":\"BreadcrumbList\",\"@id\":\"https:\\\/\\\/shop.gialdi.ch\\\/fr\\\/produit\\\/limoni-50-cl\\\/#breadcrumb\",\"itemListElement\":[{\"@type\":\"ListItem\",\"position\":1,\"name\":\"Home\",\"item\":\"https:\\\/\\\/shop.gialdi.ch\\\/fr\\\/\"},{\"@type\":\"ListItem\",\"position\":2,\"name\":\"Boutique\",\"item\":\"https:\\\/\\\/shop.gialdi.ch\\\/fr\\\/\"},{\"@type\":\"ListItem\",\"position\":3,\"name\":\"Liqueurs et distillats\",\"item\":\"https:\\\/\\\/shop.gialdi.ch\\\/fr\\\/cat\u00e9gorie-de-produits\\\/liqueurs-et-distillats\\\/\"},{\"@type\":\"ListItem\",\"position\":4,\"name\":\"Limon\u00ec\"}]},{\"@type\":\"WebSite\",\"@id\":\"https:\\\/\\\/shop.gialdi.ch\\\/fr\\\/#website\",\"url\":\"https:\\\/\\\/shop.gialdi.ch\\\/fr\\\/\",\"name\":\"Gialdi Vini shop\",\"description\":\"Il meglio della produzione vinicola del Nord e del Sud del Ticino\",\"publisher\":{\"@id\":\"https:\\\/\\\/shop.gialdi.ch\\\/fr\\\/#organization\"},\"potentialAction\":[{\"@type\":\"SearchAction\",\"target\":{\"@type\":\"EntryPoint\",\"urlTemplate\":\"https:\\\/\\\/shop.gialdi.ch\\\/fr\\\/?s={search_term_string}\"},\"query-input\":{\"@type\":\"PropertyValueSpecification\",\"valueRequired\":true,\"valueName\":\"search_term_string\"}}],\"inLanguage\":\"fr-FR\"},{\"@type\":\"Organization\",\"@id\":\"https:\\\/\\\/shop.gialdi.ch\\\/fr\\\/#organization\",\"name\":\"Gialdi Vini SA\",\"url\":\"https:\\\/\\\/shop.gialdi.ch\\\/fr\\\/\",\"logo\":{\"@type\":\"ImageObject\",\"inLanguage\":\"fr-FR\",\"@id\":\"https:\\\/\\\/shop.gialdi.ch\\\/fr\\\/#\\\/schema\\\/logo\\\/image\\\/\",\"url\":\"https:\\\/\\\/shop.gialdi.ch\\\/wp-content\\\/uploads\\\/2020\\\/12\\\/logo-gialdi.png\",\"contentUrl\":\"https:\\\/\\\/shop.gialdi.ch\\\/wp-content\\\/uploads\\\/2020\\\/12\\\/logo-gialdi.png\",\"width\":302,\"height\":152,\"caption\":\"Gialdi Vini SA\"},\"image\":{\"@id\":\"https:\\\/\\\/shop.gialdi.ch\\\/fr\\\/#\\\/schema\\\/logo\\\/image\\\/\"}}]}<\/script>\n<!-- \/ Yoast SEO plugin. -->","yoast_head_json":{"title":"Limon\u00ec 50cl - Liqueur de citron - Brivio - Gialdi Vini shop","description":"Liqueur de citron - 50 cl - Id\u00e9al comme apr\u00e8s-repas ou pour accompagner les desserts et les glaces.","robots":{"index":"index","follow":"follow","max-snippet":"max-snippet:-1","max-image-preview":"max-image-preview:large","max-video-preview":"max-video-preview:-1"},"canonical":"https:\/\/shop.gialdi.ch\/fr\/produit\/limoni-50-cl\/","og_locale":"fr_FR","og_type":"article","og_title":"Limon\u00ec 50cl - Liquore a base di Limoni - Brivio - Gialdi Vini shop","og_description":"Liquore a base di limoni","og_url":"https:\/\/shop.gialdi.ch\/fr\/produit\/limoni-50-cl\/","og_site_name":"Gialdi Vini shop","article_modified_time":"2025-12-21T23:01:57+00:00","og_image":[{"url":"http:\/\/shop.gialdi.ch\/wp-content\/uploads\/2021\/02\/brivio-limoni-liquore.png","type":"","width":"","height":""}],"twitter_card":"summary_large_image","twitter_title":"Limon\u00ec 50cl - Liquore a base di Limoni - Brivio - Gialdi Vini shop","twitter_description":"Liquore a base di limoni","twitter_image":"http:\/\/shop.gialdi.ch\/wp-content\/uploads\/2021\/02\/brivio-limoni-liquore.png","schema":{"@context":"https:\/\/schema.org","@graph":[{"@type":"WebPage","@id":"https:\/\/shop.gialdi.ch\/fr\/produit\/limoni-50-cl\/","url":"https:\/\/shop.gialdi.ch\/fr\/produit\/limoni-50-cl\/","name":"Limon\u00ec 50cl - Liqueur de citron - Brivio - Gialdi Vini shop","isPartOf":{"@id":"https:\/\/shop.gialdi.ch\/fr\/#website"},"primaryImageOfPage":{"@id":"https:\/\/shop.gialdi.ch\/fr\/produit\/limoni-50-cl\/#primaryimage"},"image":{"@id":"https:\/\/shop.gialdi.ch\/fr\/produit\/limoni-50-cl\/#primaryimage"},"thumbnailUrl":"https:\/\/shop.gialdi.ch\/wp-content\/uploads\/2021\/02\/brivio-limoni-liquore.png","datePublished":"2021-02-16T10:41:49+00:00","dateModified":"2025-12-21T23:01:57+00:00","description":"Liqueur de citron - 50 cl - Id\u00e9al comme apr\u00e8s-repas ou pour accompagner les desserts et les glaces.","breadcrumb":{"@id":"https:\/\/shop.gialdi.ch\/fr\/produit\/limoni-50-cl\/#breadcrumb"},"inLanguage":"fr-FR","potentialAction":[{"@type":"ReadAction","target":["https:\/\/shop.gialdi.ch\/fr\/produit\/limoni-50-cl\/"]}]},{"@type":"ImageObject","inLanguage":"fr-FR","@id":"https:\/\/shop.gialdi.ch\/fr\/produit\/limoni-50-cl\/#primaryimage","url":"https:\/\/shop.gialdi.ch\/wp-content\/uploads\/2021\/02\/brivio-limoni-liquore.png","contentUrl":"https:\/\/shop.gialdi.ch\/wp-content\/uploads\/2021\/02\/brivio-limoni-liquore.png","width":627,"height":2184,"caption":"Liquore Limon\u00ec - Brivio"},{"@type":"BreadcrumbList","@id":"https:\/\/shop.gialdi.ch\/fr\/produit\/limoni-50-cl\/#breadcrumb","itemListElement":[{"@type":"ListItem","position":1,"name":"Home","item":"https:\/\/shop.gialdi.ch\/fr\/"},{"@type":"ListItem","position":2,"name":"Boutique","item":"https:\/\/shop.gialdi.ch\/fr\/"},{"@type":"ListItem","position":3,"name":"Liqueurs et distillats","item":"https:\/\/shop.gialdi.ch\/fr\/cat\u00e9gorie-de-produits\/liqueurs-et-distillats\/"},{"@type":"ListItem","position":4,"name":"Limon\u00ec"}]},{"@type":"WebSite","@id":"https:\/\/shop.gialdi.ch\/fr\/#website","url":"https:\/\/shop.gialdi.ch\/fr\/","name":"Gialdi Vini shop","description":"Il meglio della produzione vinicola del Nord e del Sud del Ticino","publisher":{"@id":"https:\/\/shop.gialdi.ch\/fr\/#organization"},"potentialAction":[{"@type":"SearchAction","target":{"@type":"EntryPoint","urlTemplate":"https:\/\/shop.gialdi.ch\/fr\/?s={search_term_string}"},"query-input":{"@type":"PropertyValueSpecification","valueRequired":true,"valueName":"search_term_string"}}],"inLanguage":"fr-FR"},{"@type":"Organization","@id":"https:\/\/shop.gialdi.ch\/fr\/#organization","name":"Gialdi Vini SA","url":"https:\/\/shop.gialdi.ch\/fr\/","logo":{"@type":"ImageObject","inLanguage":"fr-FR","@id":"https:\/\/shop.gialdi.ch\/fr\/#\/schema\/logo\/image\/","url":"https:\/\/shop.gialdi.ch\/wp-content\/uploads\/2020\/12\/logo-gialdi.png","contentUrl":"https:\/\/shop.gialdi.ch\/wp-content\/uploads\/2020\/12\/logo-gialdi.png","width":302,"height":152,"caption":"Gialdi Vini SA"},"image":{"@id":"https:\/\/shop.gialdi.ch\/fr\/#\/schema\/logo\/image\/"}}]}},"_links":{"self":[{"href":"https:\/\/shop.gialdi.ch\/fr\/wp-json\/wp\/v2\/product\/1208","targetHints":{"allow":["GET"]}}],"collection":[{"href":"https:\/\/shop.gialdi.ch\/fr\/wp-json\/wp\/v2\/product"}],"about":[{"href":"https:\/\/shop.gialdi.ch\/fr\/wp-json\/wp\/v2\/types\/product"}],"wp:featuredmedia":[{"embeddable":true,"href":"https:\/\/shop.gialdi.ch\/fr\/wp-json\/wp\/v2\/media\/510"}],"wp:attachment":[{"href":"https:\/\/shop.gialdi.ch\/fr\/wp-json\/wp\/v2\/media?parent=1208"}],"wp:term":[{"taxonomy":"product_brand","embeddable":true,"href":"https:\/\/shop.gialdi.ch\/fr\/wp-json\/wp\/v2\/product_brand?post=1208"},{"taxonomy":"product_cat","embeddable":true,"href":"https:\/\/shop.gialdi.ch\/fr\/wp-json\/wp\/v2\/product_cat?post=1208"},{"taxonomy":"product_tag","embeddable":true,"href":"https:\/\/shop.gialdi.ch\/fr\/wp-json\/wp\/v2\/product_tag?post=1208"},{"taxonomy":"giftcard-category","embeddable":true,"href":"https:\/\/shop.gialdi.ch\/fr\/wp-json\/wp\/v2\/giftcard-category?post=1208"}],"curies":[{"name":"wp","href":"https:\/\/api.w.org\/{rel}","templated":true}]}}