{"id":1150,"date":"2021-02-16T19:19:24","date_gmt":"2021-02-16T18:19:24","guid":{"rendered":"https:\/\/shop.gialdi.ch\/prodotto\/sottosopra-75-cl\/"},"modified":"2026-04-29T17:24:24","modified_gmt":"2026-04-29T15:24:24","slug":"sottosopra-75-cl","status":"publish","type":"product","link":"https:\/\/shop.gialdi.ch\/fr\/produit\/sottosopra-75-cl\/","title":{"rendered":"Sottosopra"},"content":{"rendered":"","protected":false},"excerpt":{"rendered":"<p>Spumante Ticino DOC \u00ab\u00a0Blanc de Noir\u00a0\u00bb &#8211; Methode classique<\/p>\n","protected":false},"featured_media":724,"template":"","meta":{"_acf_changed":false,"inline_featured_image":false},"product_brand":[],"product_cat":[91],"product_tag":[],"giftcard-category":[],"class_list":{"0":"post-1150","1":"product","2":"type-product","3":"status-publish","4":"has-post-thumbnail","6":"product_cat-mousseux","7":"pa_brand-gialdi-fr","9":"first","10":"instock","11":"taxable","12":"shipping-taxable","13":"purchasable","14":"product-type-simple"},"acf":[],"yoast_head":"<!-- This site is optimized with the Yoast SEO plugin v27.3 - https:\/\/yoast.com\/product\/yoast-seo-wordpress\/ -->\n<title>Sottosopra 75cl - Spumante Ticino DOC - Gialdi Vini shop<\/title>\n<meta name=\"description\" content=\"Une attaque fra\u00eeche, r\u00e9solue et importante. \u00c9l\u00e9gant et harmonieux, avec une finale longue et savoureuse. Limpide, cristalline, jaune paille.\" \/>\n<meta name=\"robots\" content=\"index, follow, max-snippet:-1, max-image-preview:large, max-video-preview:-1\" \/>\n<link rel=\"canonical\" href=\"https:\/\/shop.gialdi.ch\/fr\/produit\/sottosopra-75-cl\/\" \/>\n<meta property=\"og:locale\" content=\"fr_FR\" \/>\n<meta property=\"og:type\" content=\"article\" \/>\n<meta property=\"og:title\" content=\"Sottosopra 75cl - Spumante - Ticino DOC &quot;Blanc de Noir&quot;- Gialdi Vini shop\" \/>\n<meta property=\"og:description\" content=\"Attacco fresco, deciso e importante. Elegante e armonico, con un finale lungo e sapido. Limpido, cristallino, giallo paglierino.\" \/>\n<meta property=\"og:url\" content=\"https:\/\/shop.gialdi.ch\/fr\/produit\/sottosopra-75-cl\/\" \/>\n<meta property=\"og:site_name\" content=\"Gialdi Vini shop\" \/>\n<meta property=\"article:modified_time\" content=\"2026-04-29T15:24:24+00:00\" \/>\n<meta property=\"og:image\" content=\"https:\/\/shop.gialdi.ch\/wp-content\/uploads\/2021\/02\/gialdi-sottosopra.png\" \/>\n\t<meta property=\"og:image:width\" content=\"340\" \/>\n\t<meta property=\"og:image:height\" content=\"1024\" \/>\n\t<meta property=\"og:image:type\" content=\"image\/png\" \/>\n<meta name=\"twitter:card\" content=\"summary_large_image\" \/>\n<meta name=\"twitter:title\" content=\"Sottosopra 75cl - Spumante - Ticino DOC &quot;Blanc de Noir&quot;- Gialdi Vini shop\" \/>\n<meta name=\"twitter:description\" content=\"Attacco fresco, deciso e importante. Elegante e armonico, con un finale lungo e sapido. Limpido, cristallino, giallo paglierino.\" \/>\n<meta name=\"twitter:label1\" content=\"Dur\u00e9e de lecture estim\u00e9e\" \/>\n\t<meta name=\"twitter:data1\" content=\"1 minute\" \/>\n<script type=\"application\/ld+json\" class=\"yoast-schema-graph\">{\"@context\":\"https:\\\/\\\/schema.org\",\"@graph\":[{\"@type\":\"WebPage\",\"@id\":\"https:\\\/\\\/shop.gialdi.ch\\\/fr\\\/produit\\\/sottosopra-75-cl\\\/\",\"url\":\"https:\\\/\\\/shop.gialdi.ch\\\/fr\\\/produit\\\/sottosopra-75-cl\\\/\",\"name\":\"Sottosopra 75cl - Spumante Ticino DOC - Gialdi Vini shop\",\"isPartOf\":{\"@id\":\"https:\\\/\\\/shop.gialdi.ch\\\/fr\\\/#website\"},\"primaryImageOfPage\":{\"@id\":\"https:\\\/\\\/shop.gialdi.ch\\\/fr\\\/produit\\\/sottosopra-75-cl\\\/#primaryimage\"},\"image\":{\"@id\":\"https:\\\/\\\/shop.gialdi.ch\\\/fr\\\/produit\\\/sottosopra-75-cl\\\/#primaryimage\"},\"thumbnailUrl\":\"https:\\\/\\\/shop.gialdi.ch\\\/wp-content\\\/uploads\\\/2021\\\/02\\\/gialdi-sottosopra.png\",\"datePublished\":\"2021-02-16T18:19:24+00:00\",\"dateModified\":\"2026-04-29T15:24:24+00:00\",\"description\":\"Une attaque fra\u00eeche, r\u00e9solue et importante. \u00c9l\u00e9gant et harmonieux, avec une finale longue et savoureuse. Limpide, cristalline, jaune paille.\",\"breadcrumb\":{\"@id\":\"https:\\\/\\\/shop.gialdi.ch\\\/fr\\\/produit\\\/sottosopra-75-cl\\\/#breadcrumb\"},\"inLanguage\":\"fr-FR\",\"potentialAction\":[{\"@type\":\"ReadAction\",\"target\":[\"https:\\\/\\\/shop.gialdi.ch\\\/fr\\\/produit\\\/sottosopra-75-cl\\\/\"]}]},{\"@type\":\"ImageObject\",\"inLanguage\":\"fr-FR\",\"@id\":\"https:\\\/\\\/shop.gialdi.ch\\\/fr\\\/produit\\\/sottosopra-75-cl\\\/#primaryimage\",\"url\":\"https:\\\/\\\/shop.gialdi.ch\\\/wp-content\\\/uploads\\\/2021\\\/02\\\/gialdi-sottosopra.png\",\"contentUrl\":\"https:\\\/\\\/shop.gialdi.ch\\\/wp-content\\\/uploads\\\/2021\\\/02\\\/gialdi-sottosopra.png\",\"width\":1513,\"height\":4560,\"caption\":\"Gialdi - Sottosopra\"},{\"@type\":\"BreadcrumbList\",\"@id\":\"https:\\\/\\\/shop.gialdi.ch\\\/fr\\\/produit\\\/sottosopra-75-cl\\\/#breadcrumb\",\"itemListElement\":[{\"@type\":\"ListItem\",\"position\":1,\"name\":\"Home\",\"item\":\"https:\\\/\\\/shop.gialdi.ch\\\/fr\\\/\"},{\"@type\":\"ListItem\",\"position\":2,\"name\":\"Boutique\",\"item\":\"https:\\\/\\\/shop.gialdi.ch\\\/fr\\\/\"},{\"@type\":\"ListItem\",\"position\":3,\"name\":\"Mousseux\",\"item\":\"https:\\\/\\\/shop.gialdi.ch\\\/fr\\\/cat\u00e9gorie-de-produits\\\/mousseux\\\/\"},{\"@type\":\"ListItem\",\"position\":4,\"name\":\"Sottosopra\"}]},{\"@type\":\"WebSite\",\"@id\":\"https:\\\/\\\/shop.gialdi.ch\\\/fr\\\/#website\",\"url\":\"https:\\\/\\\/shop.gialdi.ch\\\/fr\\\/\",\"name\":\"Gialdi Vini shop\",\"description\":\"Il meglio della produzione vinicola del Nord e del Sud del Ticino\",\"publisher\":{\"@id\":\"https:\\\/\\\/shop.gialdi.ch\\\/fr\\\/#organization\"},\"potentialAction\":[{\"@type\":\"SearchAction\",\"target\":{\"@type\":\"EntryPoint\",\"urlTemplate\":\"https:\\\/\\\/shop.gialdi.ch\\\/fr\\\/?s={search_term_string}\"},\"query-input\":{\"@type\":\"PropertyValueSpecification\",\"valueRequired\":true,\"valueName\":\"search_term_string\"}}],\"inLanguage\":\"fr-FR\"},{\"@type\":\"Organization\",\"@id\":\"https:\\\/\\\/shop.gialdi.ch\\\/fr\\\/#organization\",\"name\":\"Gialdi Vini SA\",\"url\":\"https:\\\/\\\/shop.gialdi.ch\\\/fr\\\/\",\"logo\":{\"@type\":\"ImageObject\",\"inLanguage\":\"fr-FR\",\"@id\":\"https:\\\/\\\/shop.gialdi.ch\\\/fr\\\/#\\\/schema\\\/logo\\\/image\\\/\",\"url\":\"https:\\\/\\\/shop.gialdi.ch\\\/wp-content\\\/uploads\\\/2020\\\/12\\\/logo-gialdi.png\",\"contentUrl\":\"https:\\\/\\\/shop.gialdi.ch\\\/wp-content\\\/uploads\\\/2020\\\/12\\\/logo-gialdi.png\",\"width\":302,\"height\":152,\"caption\":\"Gialdi Vini SA\"},\"image\":{\"@id\":\"https:\\\/\\\/shop.gialdi.ch\\\/fr\\\/#\\\/schema\\\/logo\\\/image\\\/\"}}]}<\/script>\n<!-- \/ Yoast SEO plugin. -->","yoast_head_json":{"title":"Sottosopra 75cl - Spumante Ticino DOC - Gialdi Vini shop","description":"Une attaque fra\u00eeche, r\u00e9solue et importante. \u00c9l\u00e9gant et harmonieux, avec une finale longue et savoureuse. Limpide, cristalline, jaune paille.","robots":{"index":"index","follow":"follow","max-snippet":"max-snippet:-1","max-image-preview":"max-image-preview:large","max-video-preview":"max-video-preview:-1"},"canonical":"https:\/\/shop.gialdi.ch\/fr\/produit\/sottosopra-75-cl\/","og_locale":"fr_FR","og_type":"article","og_title":"Sottosopra 75cl - Spumante - Ticino DOC \"Blanc de Noir\"- Gialdi Vini shop","og_description":"Attacco fresco, deciso e importante. Elegante e armonico, con un finale lungo e sapido. Limpido, cristallino, giallo paglierino.","og_url":"https:\/\/shop.gialdi.ch\/fr\/produit\/sottosopra-75-cl\/","og_site_name":"Gialdi Vini shop","article_modified_time":"2026-04-29T15:24:24+00:00","og_image":[{"url":"https:\/\/shop.gialdi.ch\/wp-content\/uploads\/2021\/02\/gialdi-sottosopra.png","width":340,"height":1024,"type":"image\/png"}],"twitter_card":"summary_large_image","twitter_title":"Sottosopra 75cl - Spumante - Ticino DOC \"Blanc de Noir\"- Gialdi Vini shop","twitter_description":"Attacco fresco, deciso e importante. Elegante e armonico, con un finale lungo e sapido. Limpido, cristallino, giallo paglierino.","twitter_misc":{"Dur\u00e9e de lecture estim\u00e9e":"1 minute"},"schema":{"@context":"https:\/\/schema.org","@graph":[{"@type":"WebPage","@id":"https:\/\/shop.gialdi.ch\/fr\/produit\/sottosopra-75-cl\/","url":"https:\/\/shop.gialdi.ch\/fr\/produit\/sottosopra-75-cl\/","name":"Sottosopra 75cl - Spumante Ticino DOC - Gialdi Vini shop","isPartOf":{"@id":"https:\/\/shop.gialdi.ch\/fr\/#website"},"primaryImageOfPage":{"@id":"https:\/\/shop.gialdi.ch\/fr\/produit\/sottosopra-75-cl\/#primaryimage"},"image":{"@id":"https:\/\/shop.gialdi.ch\/fr\/produit\/sottosopra-75-cl\/#primaryimage"},"thumbnailUrl":"https:\/\/shop.gialdi.ch\/wp-content\/uploads\/2021\/02\/gialdi-sottosopra.png","datePublished":"2021-02-16T18:19:24+00:00","dateModified":"2026-04-29T15:24:24+00:00","description":"Une attaque fra\u00eeche, r\u00e9solue et importante. \u00c9l\u00e9gant et harmonieux, avec une finale longue et savoureuse. Limpide, cristalline, jaune paille.","breadcrumb":{"@id":"https:\/\/shop.gialdi.ch\/fr\/produit\/sottosopra-75-cl\/#breadcrumb"},"inLanguage":"fr-FR","potentialAction":[{"@type":"ReadAction","target":["https:\/\/shop.gialdi.ch\/fr\/produit\/sottosopra-75-cl\/"]}]},{"@type":"ImageObject","inLanguage":"fr-FR","@id":"https:\/\/shop.gialdi.ch\/fr\/produit\/sottosopra-75-cl\/#primaryimage","url":"https:\/\/shop.gialdi.ch\/wp-content\/uploads\/2021\/02\/gialdi-sottosopra.png","contentUrl":"https:\/\/shop.gialdi.ch\/wp-content\/uploads\/2021\/02\/gialdi-sottosopra.png","width":1513,"height":4560,"caption":"Gialdi - Sottosopra"},{"@type":"BreadcrumbList","@id":"https:\/\/shop.gialdi.ch\/fr\/produit\/sottosopra-75-cl\/#breadcrumb","itemListElement":[{"@type":"ListItem","position":1,"name":"Home","item":"https:\/\/shop.gialdi.ch\/fr\/"},{"@type":"ListItem","position":2,"name":"Boutique","item":"https:\/\/shop.gialdi.ch\/fr\/"},{"@type":"ListItem","position":3,"name":"Mousseux","item":"https:\/\/shop.gialdi.ch\/fr\/cat\u00e9gorie-de-produits\/mousseux\/"},{"@type":"ListItem","position":4,"name":"Sottosopra"}]},{"@type":"WebSite","@id":"https:\/\/shop.gialdi.ch\/fr\/#website","url":"https:\/\/shop.gialdi.ch\/fr\/","name":"Gialdi Vini shop","description":"Il meglio della produzione vinicola del Nord e del Sud del Ticino","publisher":{"@id":"https:\/\/shop.gialdi.ch\/fr\/#organization"},"potentialAction":[{"@type":"SearchAction","target":{"@type":"EntryPoint","urlTemplate":"https:\/\/shop.gialdi.ch\/fr\/?s={search_term_string}"},"query-input":{"@type":"PropertyValueSpecification","valueRequired":true,"valueName":"search_term_string"}}],"inLanguage":"fr-FR"},{"@type":"Organization","@id":"https:\/\/shop.gialdi.ch\/fr\/#organization","name":"Gialdi Vini SA","url":"https:\/\/shop.gialdi.ch\/fr\/","logo":{"@type":"ImageObject","inLanguage":"fr-FR","@id":"https:\/\/shop.gialdi.ch\/fr\/#\/schema\/logo\/image\/","url":"https:\/\/shop.gialdi.ch\/wp-content\/uploads\/2020\/12\/logo-gialdi.png","contentUrl":"https:\/\/shop.gialdi.ch\/wp-content\/uploads\/2020\/12\/logo-gialdi.png","width":302,"height":152,"caption":"Gialdi Vini SA"},"image":{"@id":"https:\/\/shop.gialdi.ch\/fr\/#\/schema\/logo\/image\/"}}]}},"_links":{"self":[{"href":"https:\/\/shop.gialdi.ch\/fr\/wp-json\/wp\/v2\/product\/1150","targetHints":{"allow":["GET"]}}],"collection":[{"href":"https:\/\/shop.gialdi.ch\/fr\/wp-json\/wp\/v2\/product"}],"about":[{"href":"https:\/\/shop.gialdi.ch\/fr\/wp-json\/wp\/v2\/types\/product"}],"wp:featuredmedia":[{"embeddable":true,"href":"https:\/\/shop.gialdi.ch\/fr\/wp-json\/wp\/v2\/media\/724"}],"wp:attachment":[{"href":"https:\/\/shop.gialdi.ch\/fr\/wp-json\/wp\/v2\/media?parent=1150"}],"wp:term":[{"taxonomy":"product_brand","embeddable":true,"href":"https:\/\/shop.gialdi.ch\/fr\/wp-json\/wp\/v2\/product_brand?post=1150"},{"taxonomy":"product_cat","embeddable":true,"href":"https:\/\/shop.gialdi.ch\/fr\/wp-json\/wp\/v2\/product_cat?post=1150"},{"taxonomy":"product_tag","embeddable":true,"href":"https:\/\/shop.gialdi.ch\/fr\/wp-json\/wp\/v2\/product_tag?post=1150"},{"taxonomy":"giftcard-category","embeddable":true,"href":"https:\/\/shop.gialdi.ch\/fr\/wp-json\/wp\/v2\/giftcard-category?post=1150"}],"curies":[{"name":"wp","href":"https:\/\/api.w.org\/{rel}","templated":true}]}}