{"id":891,"date":"2021-01-29T11:37:24","date_gmt":"2021-01-29T10:37:24","guid":{"rendered":"https:\/\/shop.gialdi.ch\/contatti\/"},"modified":"2022-02-01T10:09:13","modified_gmt":"2022-02-01T09:09:13","slug":"contacts","status":"publish","type":"page","link":"https:\/\/shop.gialdi.ch\/fr\/contacts\/","title":{"rendered":"Contacts"},"content":{"rendered":"<section class=\"section-title\">\n\t<article class=\"section-article\">\n\t\t<div class=\"container\">\n\t\t\t<div class=\"row\">\n\t\t\t\t<div class=\"col-12 col-md-10 col-xl-8 mx-auto\">\n\t\t\t\t\t\t\t\t\t\t<h1>Contacts\t<\/h1>\n\t\t\t\t\t\t\t\t\t\t\t\t\t\t\t<h2>Gr\u00e2ce \u00e0 l\u2019engagement de l\u2019entreprise \u00e0 produire des vins de haute qualit\u00e9 avec un lien fort avec la r\u00e9gion, Gialdi Vini est au sommet de la production de vin suisse.\r\n<\/h2>\n\t\t\t\t\t\t\t\t\t\t\t\t\t\t<\/div>\n\t\t\t<\/div>\n\t\t<\/div>\n\t<\/article>\n<\/section>\n\n<section>\n\t<article class=\"section-article\">\n\t\t<div class=\"container\">\n\t\t\t<div class=\"row\">\n\t\t\t\t<div class=\"col-12 col-md-10 col-xl-8 mx-auto\">\n\t\t\t\t\t\t\t\t\t<\/div>\n\t\t\t<\/div>\n\t\t\t\t\t<div class=\"row\">\n\t\t\t\t\t\t\t<div class=\"col-12 col-md-5 col-xl-4 twocols offset-md-1 offset-xl-2\">\n\t\t\t\t\t<p><strong>GIALDI VINI SA<\/strong> :<br \/>\nVia Vignoo, 3<br \/>\n6850 Mendrisio (CH)<br \/>\nDu lundi au vendredi de 8:00 \u00e0 12:00 \/ 13:30 \u2013 18:00<br \/>\nSamedi de 9:00 \u00e0 13:00<br \/>\nFerm\u00e9 les dimanches et jours f\u00e9ri\u00e9s.<\/p>\n\t\t\t\t<\/div>\n\t\t\t\t\t\t\t\t\t\t\t<div class=\"col-12 col-md-5 col-xl-4 twocols\">\n\t\t\t\t\t<p><strong>NOUS CONTACTER:<br \/>\nE-mail<\/strong>: <a href=\"mailto:info@gialdi.ch\">info@gialdi.ch<\/a><br \/>\n<strong>T\u00e9l\u00e9phone<\/strong>: <a class=\"phone\" href=\"tel:+41 091 640 30 30\">+41 091 640 30 30<\/a><br \/>\n<strong>T\u00e9l\u00e9copie<\/strong>: +41 091 640 30 31<\/p>\n\t\t\t\t<\/div>\n\t\t\t\t\t\t\t\t\t\t<\/div>\n\t\t\t\t<\/div>\n\t<\/article>\n<\/section>\n\n<section class=\"bkg-default\" style=\"background-color:#f8f4ed;\">\n\t<article class=\"section-article\">\n\t\t<div class=\"container\">\n\t\t\t<div class=\"row\">\n\t\t\t\t<div class=\"col-12 col-md-10 col-xl-8 mx-auto\">\n\t\t\t\t\t<h3>Demandez des informations<\/h3>\n<p>Tous les champs avec le symbole * sont obligatoires.<\/p>\n\n<div class=\"wpcf7 no-js\" id=\"wpcf7-f889-o1\" lang=\"fr-FR\" dir=\"ltr\" data-wpcf7-id=\"889\">\n<div class=\"screen-reader-response\"><p role=\"status\" aria-live=\"polite\" aria-atomic=\"true\"><\/p> <ul><\/ul><\/div>\n<form action=\"\/fr\/wp-json\/wp\/v2\/pages\/891#wpcf7-f889-o1\" method=\"post\" class=\"wpcf7-form init\" aria-label=\"Formulaire de contact\" novalidate=\"novalidate\" data-status=\"init\">\n<fieldset class=\"hidden-fields-container\"><input type=\"hidden\" name=\"_wpcf7\" value=\"889\" \/><input type=\"hidden\" name=\"_wpcf7_version\" value=\"6.1.5\" \/><input type=\"hidden\" name=\"_wpcf7_locale\" value=\"fr_FR\" \/><input type=\"hidden\" name=\"_wpcf7_unit_tag\" value=\"wpcf7-f889-o1\" \/><input type=\"hidden\" name=\"_wpcf7_container_post\" value=\"0\" \/><input type=\"hidden\" name=\"_wpcf7_posted_data_hash\" value=\"\" \/><input type=\"hidden\" name=\"_wpcf7_recaptcha_response\" value=\"\" \/>\n<\/fieldset>\n<fieldset>\n\t<div class=\"row\">\n\t\t<div class=\"col-12\">\n\t\t\t<div class=\"form-field firstname\">\n\t\t\t\t<p><label for=\"your_name\">Pr\u00e9nom*<\/label><span class=\"wpcf7-form-control-wrap\" data-name=\"your_name\"><input size=\"40\" maxlength=\"400\" class=\"wpcf7-form-control wpcf7-text wpcf7-validates-as-required\" id=\"your_name\" aria-required=\"true\" aria-invalid=\"false\" value=\"\" type=\"text\" name=\"your_name\" \/><\/span>\n\t\t\t\t<\/p>\n\t\t\t<\/div>\n\t\t<\/div>\n\t<\/div>\n\t<div class=\"row\">\n\t\t<div class=\"col-12\">\n\t\t\t<div class=\"form-field surname\">\n\t\t\t\t<p><label for=\"your_surname\">Nom de famille*<\/label><span class=\"wpcf7-form-control-wrap\" data-name=\"your_surname\"><input size=\"40\" maxlength=\"400\" class=\"wpcf7-form-control wpcf7-text wpcf7-validates-as-required\" id=\"your_surname\" aria-required=\"true\" aria-invalid=\"false\" value=\"\" type=\"text\" name=\"your_surname\" \/><\/span>\n\t\t\t\t<\/p>\n\t\t\t<\/div>\n\t\t<\/div>\n\t<\/div>\n\t<div class=\"row\">\n\t\t<div class=\"col-12\">\n\t\t\t<div class=\"form-field\">\n\t\t\t\t<p><label for=\"your_email\">Adresse e-mail*<\/label><span class=\"wpcf7-form-control-wrap\" data-name=\"your_email\"><input size=\"40\" maxlength=\"400\" class=\"wpcf7-form-control wpcf7-email wpcf7-validates-as-required wpcf7-text wpcf7-validates-as-email\" id=\"your_email\" aria-required=\"true\" aria-invalid=\"false\" value=\"\" type=\"email\" name=\"your_email\" \/><\/span>\n\t\t\t\t<\/p>\n\t\t\t<\/div>\n\t\t<\/div>\n\t<\/div>\n\t<div class=\"row\">\n\t\t<div class=\"col-12\">\n\t\t\t<div class=\"form-field\">\n\t\t\t\t<p><label for=\"your_email\">T\u00e9l\u00e9phoner<\/label><span class=\"wpcf7-form-control-wrap\" data-name=\"your_tel\"><input size=\"40\" maxlength=\"400\" class=\"wpcf7-form-control wpcf7-tel wpcf7-text wpcf7-validates-as-tel\" id=\"your_tel\" aria-invalid=\"false\" value=\"\" type=\"tel\" name=\"your_tel\" \/><\/span>\n\t\t\t\t<\/p>\n\t\t\t<\/div>\n\t\t<\/div>\n\t<\/div>\n\t<div class=\"row\">\n\t\t<div class=\"col-12\">\n\t\t\t<div class=\"form-field\">\n\t\t\t\t<p><label for=\"your_message\">Message*<\/label><span class=\"wpcf7-form-control-wrap\" data-name=\"your_message\"><textarea cols=\"40\" rows=\"10\" maxlength=\"2000\" class=\"wpcf7-form-control wpcf7-textarea wpcf7-validates-as-required\" id=\"your_message\" aria-required=\"true\" aria-invalid=\"false\" name=\"your_message\"><\/textarea><\/span>\n\t\t\t\t<\/p>\n\t\t\t<\/div>\n\t\t<\/div>\n\t<\/div>\n\t<div class=\"row\">\n\t\t<div class=\"col-12\">\n\t\t\t<div class=\"form-field checkbox\">\n\t\t\t\t<p><span class=\"wpcf7-form-control-wrap\" data-name=\"privacy\"><span class=\"wpcf7-form-control wpcf7-acceptance\"><span class=\"wpcf7-list-item\"><input type=\"checkbox\" name=\"privacy\" value=\"1\" id=\"formlegal\" aria-invalid=\"false\" \/><\/span><\/span><\/span><label for=\"formlegal\">J\u2019ai lu la <a href=\"\/fr\/politique-de-confidentialite\/\">politique de confidentialit\u00e9<\/a>* et je consens au traitement de mes donn\u00e9es personnelles.<\/label>\n\t\t\t\t<\/p>\n\t\t\t<\/div>\n\t\t<\/div>\n\t<\/div>\n\t<div class=\"row\">\n\t\t<div class=\"col-12\">\n\t\t\t<div class=\"form-button text-md-center\">\n\t\t\t\t<p><input class=\"wpcf7-form-control wpcf7-submit has-spinner btn\" id=\"submitbtn\" type=\"submit\" value=\"Soumettre\" \/>\n\t\t\t\t<\/p>\n\t\t\t<\/div>\n\t\t<\/div>\n\t<\/div>\n\t<div class=\"row\">\n\t\t<div class=\"col-12\">\n\t\t\t<p class=\"google-recaptcha-terms\">Ce site est prot\u00e9g\u00e9 par reCAPTCHA et les <a href=\"https:\/\/policies.google.com\/privacy\" target=\"_blank\" rel=\"nofollow\"> r\u00e8gles de confidentialit\u00e9<\/a> et les <a href=\"https:\/\/policies.google.com\/terms\" target=\"_ blank\" rel=\"nofollow\">conditions de service <\/a>de Google s\u2019appliquent.\n\t\t\t<\/p>\n\t\t<\/div>\n\t<\/div>\n<\/fieldset><div class=\"wpcf7-response-output\" aria-hidden=\"true\"><\/div>\n<\/form>\n<\/div>\n\n\t\t\t\t<\/div>\n\t\t\t<\/div>\n\t\t\t\t\t<div class=\"row\">\n\t\t\t\t\t\t\t<div class=\"col-12 col-md-5 col-xl-4 twocols offset-md-1 offset-xl-2\">\n\t\t\t\t\t\t\t\t\t<\/div>\n\t\t\t\t\t\t\t\t\t\t\t<div class=\"col-12 col-md-5 col-xl-4 twocols\">\n\t\t\t\t\t\t\t\t\t<\/div>\n\t\t\t\t\t\t\t\t\t\t<\/div>\n\t\t\t\t<\/div>\n\t<\/article>\n<\/section>","protected":false},"excerpt":{"rendered":"","protected":false},"author":1,"featured_media":0,"parent":0,"menu_order":0,"comment_status":"closed","ping_status":"closed","template":"","meta":{"_acf_changed":false,"inline_featured_image":false,"footnotes":""},"class_list":["post-891","page","type-page","status-publish","hentry"],"acf":[],"yoast_head":"<!-- This site is optimized with the Yoast SEO plugin v27.3 - https:\/\/yoast.com\/product\/yoast-seo-wordpress\/ -->\n<title>Contacts - Gialdi Vini shop<\/title>\n<meta name=\"robots\" content=\"index, follow, max-snippet:-1, max-image-preview:large, max-video-preview:-1\" \/>\n<link rel=\"canonical\" href=\"https:\/\/shop.gialdi.ch\/fr\/contacts\/\" \/>\n<meta property=\"og:locale\" content=\"fr_FR\" \/>\n<meta property=\"og:type\" content=\"article\" \/>\n<meta property=\"og:title\" content=\"Contacts - Gialdi Vini shop\" \/>\n<meta property=\"og:url\" content=\"https:\/\/shop.gialdi.ch\/fr\/contacts\/\" \/>\n<meta property=\"og:site_name\" content=\"Gialdi Vini shop\" \/>\n<meta property=\"article:modified_time\" content=\"2022-02-01T09:09:13+00:00\" \/>\n<meta name=\"twitter:card\" content=\"summary_large_image\" \/>\n<script type=\"application\/ld+json\" class=\"yoast-schema-graph\">{\"@context\":\"https:\\\/\\\/schema.org\",\"@graph\":[{\"@type\":\"WebPage\",\"@id\":\"https:\\\/\\\/shop.gialdi.ch\\\/fr\\\/contacts\\\/\",\"url\":\"https:\\\/\\\/shop.gialdi.ch\\\/fr\\\/contacts\\\/\",\"name\":\"Contacts - Gialdi Vini shop\",\"isPartOf\":{\"@id\":\"https:\\\/\\\/shop.gialdi.ch\\\/fr\\\/#website\"},\"datePublished\":\"2021-01-29T10:37:24+00:00\",\"dateModified\":\"2022-02-01T09:09:13+00:00\",\"breadcrumb\":{\"@id\":\"https:\\\/\\\/shop.gialdi.ch\\\/fr\\\/contacts\\\/#breadcrumb\"},\"inLanguage\":\"fr-FR\",\"potentialAction\":[{\"@type\":\"ReadAction\",\"target\":[\"https:\\\/\\\/shop.gialdi.ch\\\/fr\\\/contacts\\\/\"]}]},{\"@type\":\"BreadcrumbList\",\"@id\":\"https:\\\/\\\/shop.gialdi.ch\\\/fr\\\/contacts\\\/#breadcrumb\",\"itemListElement\":[{\"@type\":\"ListItem\",\"position\":1,\"name\":\"Home\",\"item\":\"https:\\\/\\\/shop.gialdi.ch\\\/fr\\\/\"},{\"@type\":\"ListItem\",\"position\":2,\"name\":\"Contacts\"}]},{\"@type\":\"WebSite\",\"@id\":\"https:\\\/\\\/shop.gialdi.ch\\\/fr\\\/#website\",\"url\":\"https:\\\/\\\/shop.gialdi.ch\\\/fr\\\/\",\"name\":\"Gialdi Vini shop\",\"description\":\"Il meglio della produzione vinicola del Nord e del Sud del Ticino\",\"publisher\":{\"@id\":\"https:\\\/\\\/shop.gialdi.ch\\\/fr\\\/#organization\"},\"potentialAction\":[{\"@type\":\"SearchAction\",\"target\":{\"@type\":\"EntryPoint\",\"urlTemplate\":\"https:\\\/\\\/shop.gialdi.ch\\\/fr\\\/?s={search_term_string}\"},\"query-input\":{\"@type\":\"PropertyValueSpecification\",\"valueRequired\":true,\"valueName\":\"search_term_string\"}}],\"inLanguage\":\"fr-FR\"},{\"@type\":\"Organization\",\"@id\":\"https:\\\/\\\/shop.gialdi.ch\\\/fr\\\/#organization\",\"name\":\"Gialdi Vini SA\",\"url\":\"https:\\\/\\\/shop.gialdi.ch\\\/fr\\\/\",\"logo\":{\"@type\":\"ImageObject\",\"inLanguage\":\"fr-FR\",\"@id\":\"https:\\\/\\\/shop.gialdi.ch\\\/fr\\\/#\\\/schema\\\/logo\\\/image\\\/\",\"url\":\"https:\\\/\\\/shop.gialdi.ch\\\/wp-content\\\/uploads\\\/2020\\\/12\\\/logo-gialdi.png\",\"contentUrl\":\"https:\\\/\\\/shop.gialdi.ch\\\/wp-content\\\/uploads\\\/2020\\\/12\\\/logo-gialdi.png\",\"width\":302,\"height\":152,\"caption\":\"Gialdi Vini SA\"},\"image\":{\"@id\":\"https:\\\/\\\/shop.gialdi.ch\\\/fr\\\/#\\\/schema\\\/logo\\\/image\\\/\"}}]}<\/script>\n<!-- \/ Yoast SEO plugin. -->","yoast_head_json":{"title":"Contacts - Gialdi Vini shop","robots":{"index":"index","follow":"follow","max-snippet":"max-snippet:-1","max-image-preview":"max-image-preview:large","max-video-preview":"max-video-preview:-1"},"canonical":"https:\/\/shop.gialdi.ch\/fr\/contacts\/","og_locale":"fr_FR","og_type":"article","og_title":"Contacts - Gialdi Vini shop","og_url":"https:\/\/shop.gialdi.ch\/fr\/contacts\/","og_site_name":"Gialdi Vini shop","article_modified_time":"2022-02-01T09:09:13+00:00","twitter_card":"summary_large_image","schema":{"@context":"https:\/\/schema.org","@graph":[{"@type":"WebPage","@id":"https:\/\/shop.gialdi.ch\/fr\/contacts\/","url":"https:\/\/shop.gialdi.ch\/fr\/contacts\/","name":"Contacts - Gialdi Vini shop","isPartOf":{"@id":"https:\/\/shop.gialdi.ch\/fr\/#website"},"datePublished":"2021-01-29T10:37:24+00:00","dateModified":"2022-02-01T09:09:13+00:00","breadcrumb":{"@id":"https:\/\/shop.gialdi.ch\/fr\/contacts\/#breadcrumb"},"inLanguage":"fr-FR","potentialAction":[{"@type":"ReadAction","target":["https:\/\/shop.gialdi.ch\/fr\/contacts\/"]}]},{"@type":"BreadcrumbList","@id":"https:\/\/shop.gialdi.ch\/fr\/contacts\/#breadcrumb","itemListElement":[{"@type":"ListItem","position":1,"name":"Home","item":"https:\/\/shop.gialdi.ch\/fr\/"},{"@type":"ListItem","position":2,"name":"Contacts"}]},{"@type":"WebSite","@id":"https:\/\/shop.gialdi.ch\/fr\/#website","url":"https:\/\/shop.gialdi.ch\/fr\/","name":"Gialdi Vini shop","description":"Il meglio della produzione vinicola del Nord e del Sud del Ticino","publisher":{"@id":"https:\/\/shop.gialdi.ch\/fr\/#organization"},"potentialAction":[{"@type":"SearchAction","target":{"@type":"EntryPoint","urlTemplate":"https:\/\/shop.gialdi.ch\/fr\/?s={search_term_string}"},"query-input":{"@type":"PropertyValueSpecification","valueRequired":true,"valueName":"search_term_string"}}],"inLanguage":"fr-FR"},{"@type":"Organization","@id":"https:\/\/shop.gialdi.ch\/fr\/#organization","name":"Gialdi Vini SA","url":"https:\/\/shop.gialdi.ch\/fr\/","logo":{"@type":"ImageObject","inLanguage":"fr-FR","@id":"https:\/\/shop.gialdi.ch\/fr\/#\/schema\/logo\/image\/","url":"https:\/\/shop.gialdi.ch\/wp-content\/uploads\/2020\/12\/logo-gialdi.png","contentUrl":"https:\/\/shop.gialdi.ch\/wp-content\/uploads\/2020\/12\/logo-gialdi.png","width":302,"height":152,"caption":"Gialdi Vini SA"},"image":{"@id":"https:\/\/shop.gialdi.ch\/fr\/#\/schema\/logo\/image\/"}}]}},"_links":{"self":[{"href":"https:\/\/shop.gialdi.ch\/fr\/wp-json\/wp\/v2\/pages\/891","targetHints":{"allow":["GET"]}}],"collection":[{"href":"https:\/\/shop.gialdi.ch\/fr\/wp-json\/wp\/v2\/pages"}],"about":[{"href":"https:\/\/shop.gialdi.ch\/fr\/wp-json\/wp\/v2\/types\/page"}],"author":[{"embeddable":true,"href":"https:\/\/shop.gialdi.ch\/fr\/wp-json\/wp\/v2\/users\/1"}],"replies":[{"embeddable":true,"href":"https:\/\/shop.gialdi.ch\/fr\/wp-json\/wp\/v2\/comments?post=891"}],"version-history":[{"count":10,"href":"https:\/\/shop.gialdi.ch\/fr\/wp-json\/wp\/v2\/pages\/891\/revisions"}],"predecessor-version":[{"id":1540,"href":"https:\/\/shop.gialdi.ch\/fr\/wp-json\/wp\/v2\/pages\/891\/revisions\/1540"}],"wp:attachment":[{"href":"https:\/\/shop.gialdi.ch\/fr\/wp-json\/wp\/v2\/media?parent=891"}],"curies":[{"name":"wp","href":"https:\/\/api.w.org\/{rel}","templated":true}]}}