{"id":7758,"date":"2025-02-10T15:10:36","date_gmt":"2025-02-10T14:10:36","guid":{"rendered":"https:\/\/shop.gialdi.ch\/?page_id=7758"},"modified":"2025-02-10T15:40:17","modified_gmt":"2025-02-10T14:40:17","slug":"retours","status":"publish","type":"page","link":"https:\/\/shop.gialdi.ch\/fr\/retours\/","title":{"rendered":"Politique de retour"},"content":{"rendered":"\n<p>En cas de contestation concernant nos vins, les r\u00e8gles suivantes s&rsquo;appliquent :<\/p>\n\n\n\n<ol class=\"wp-block-list\">\n<li><strong>Retour du produit:<\/strong><br>Les vins contest\u00e9s doivent \u00eatre retourn\u00e9s \u00e0 notre maison avec <strong>au moins 3\/4 du contenu original<\/strong> et avec le <strong>bouchon original<\/strong>.<\/li>\n\n\n\n<li><strong>Impossibilit\u00e9 de retour physique:<\/strong><br>S&rsquo;il n&rsquo;est pas possible de retourner la bouteille avec le bouchon original, veuillez nous envoyer des <strong>photos d\u00e9taill\u00e9es des bouchons d\u00e9fectueux<\/strong> afin que nous puissions effectuer les v\u00e9rifications n\u00e9cessaires sur leur origine.<\/li>\n\n\n\n<li><strong>Remplacement du produit :<\/strong><br>Le remplacement <strong>ne sera effectu\u00e9 qu&rsquo;apr\u00e8s v\u00e9rification de la cause du d\u00e9faut<\/strong> et se fera avec le mill\u00e9sime actuellement disponible. Les frais d&rsquo;envoi des bouteilles de remplacement sont pris en charge par notre soci\u00e9t\u00e9.<\/li>\n\n\n\n<li><strong>R\u00e9glementation applicable:<\/strong><br>Nous vous rappelons que, pour tout ce qui n&rsquo;est pas express\u00e9ment mentionn\u00e9, les <strong>articles 197 et suivants du Code suisse des obligations<\/strong> sont applicables.<\/li>\n<\/ol>\n\n\n\n<p>Pour plus d&rsquo;informations ou de pr\u00e9cisions, veuillez nous contacter directement.<\/p>\n","protected":false},"excerpt":{"rendered":"<p>En cas de contestation concernant nos vins, les r\u00e8gles suivantes s&rsquo;appliquent : Pour plus d&rsquo;informations ou de pr\u00e9cisions, veuillez nous contacter directement.<\/p>\n","protected":false},"author":1,"featured_media":0,"parent":0,"menu_order":0,"comment_status":"closed","ping_status":"closed","template":"","meta":{"_acf_changed":false,"inline_featured_image":false,"footnotes":""},"class_list":["post-7758","page","type-page","status-publish","hentry"],"acf":[],"yoast_head":"<!-- This site is optimized with the Yoast SEO plugin v27.3 - https:\/\/yoast.com\/product\/yoast-seo-wordpress\/ -->\n<title>Politique de retour - Gialdi Vini shop<\/title>\n<meta name=\"robots\" content=\"index, follow, max-snippet:-1, max-image-preview:large, max-video-preview:-1\" \/>\n<link rel=\"canonical\" href=\"https:\/\/shop.gialdi.ch\/fr\/retours\/\" \/>\n<meta property=\"og:locale\" content=\"fr_FR\" \/>\n<meta property=\"og:type\" content=\"article\" \/>\n<meta property=\"og:title\" content=\"Politique de retour - Gialdi Vini shop\" \/>\n<meta property=\"og:description\" content=\"En cas de contestation concernant nos vins, les r\u00e8gles suivantes s&rsquo;appliquent : Pour plus d&rsquo;informations ou de pr\u00e9cisions, veuillez nous contacter directement.\" \/>\n<meta property=\"og:url\" content=\"https:\/\/shop.gialdi.ch\/fr\/retours\/\" \/>\n<meta property=\"og:site_name\" content=\"Gialdi Vini shop\" \/>\n<meta property=\"article:modified_time\" content=\"2025-02-10T14:40:17+00:00\" \/>\n<meta name=\"twitter:card\" content=\"summary_large_image\" \/>\n<meta name=\"twitter:label1\" content=\"Dur\u00e9e de lecture estim\u00e9e\" \/>\n\t<meta name=\"twitter:data1\" content=\"1 minute\" \/>\n<script type=\"application\/ld+json\" class=\"yoast-schema-graph\">{\"@context\":\"https:\\\/\\\/schema.org\",\"@graph\":[{\"@type\":\"WebPage\",\"@id\":\"https:\\\/\\\/shop.gialdi.ch\\\/fr\\\/retours\\\/\",\"url\":\"https:\\\/\\\/shop.gialdi.ch\\\/fr\\\/retours\\\/\",\"name\":\"Politique de retour - Gialdi Vini shop\",\"isPartOf\":{\"@id\":\"https:\\\/\\\/shop.gialdi.ch\\\/fr\\\/#website\"},\"datePublished\":\"2025-02-10T14:10:36+00:00\",\"dateModified\":\"2025-02-10T14:40:17+00:00\",\"breadcrumb\":{\"@id\":\"https:\\\/\\\/shop.gialdi.ch\\\/fr\\\/retours\\\/#breadcrumb\"},\"inLanguage\":\"fr-FR\",\"potentialAction\":[{\"@type\":\"ReadAction\",\"target\":[\"https:\\\/\\\/shop.gialdi.ch\\\/fr\\\/retours\\\/\"]}]},{\"@type\":\"BreadcrumbList\",\"@id\":\"https:\\\/\\\/shop.gialdi.ch\\\/fr\\\/retours\\\/#breadcrumb\",\"itemListElement\":[{\"@type\":\"ListItem\",\"position\":1,\"name\":\"Home\",\"item\":\"https:\\\/\\\/shop.gialdi.ch\\\/fr\\\/\"},{\"@type\":\"ListItem\",\"position\":2,\"name\":\"Politique de retour\"}]},{\"@type\":\"WebSite\",\"@id\":\"https:\\\/\\\/shop.gialdi.ch\\\/fr\\\/#website\",\"url\":\"https:\\\/\\\/shop.gialdi.ch\\\/fr\\\/\",\"name\":\"Gialdi Vini shop\",\"description\":\"Il meglio della produzione vinicola del Nord e del Sud del Ticino\",\"publisher\":{\"@id\":\"https:\\\/\\\/shop.gialdi.ch\\\/fr\\\/#organization\"},\"potentialAction\":[{\"@type\":\"SearchAction\",\"target\":{\"@type\":\"EntryPoint\",\"urlTemplate\":\"https:\\\/\\\/shop.gialdi.ch\\\/fr\\\/?s={search_term_string}\"},\"query-input\":{\"@type\":\"PropertyValueSpecification\",\"valueRequired\":true,\"valueName\":\"search_term_string\"}}],\"inLanguage\":\"fr-FR\"},{\"@type\":\"Organization\",\"@id\":\"https:\\\/\\\/shop.gialdi.ch\\\/fr\\\/#organization\",\"name\":\"Gialdi Vini SA\",\"url\":\"https:\\\/\\\/shop.gialdi.ch\\\/fr\\\/\",\"logo\":{\"@type\":\"ImageObject\",\"inLanguage\":\"fr-FR\",\"@id\":\"https:\\\/\\\/shop.gialdi.ch\\\/fr\\\/#\\\/schema\\\/logo\\\/image\\\/\",\"url\":\"https:\\\/\\\/shop.gialdi.ch\\\/wp-content\\\/uploads\\\/2020\\\/12\\\/logo-gialdi.png\",\"contentUrl\":\"https:\\\/\\\/shop.gialdi.ch\\\/wp-content\\\/uploads\\\/2020\\\/12\\\/logo-gialdi.png\",\"width\":302,\"height\":152,\"caption\":\"Gialdi Vini SA\"},\"image\":{\"@id\":\"https:\\\/\\\/shop.gialdi.ch\\\/fr\\\/#\\\/schema\\\/logo\\\/image\\\/\"}}]}<\/script>\n<!-- \/ Yoast SEO plugin. -->","yoast_head_json":{"title":"Politique de retour - Gialdi Vini shop","robots":{"index":"index","follow":"follow","max-snippet":"max-snippet:-1","max-image-preview":"max-image-preview:large","max-video-preview":"max-video-preview:-1"},"canonical":"https:\/\/shop.gialdi.ch\/fr\/retours\/","og_locale":"fr_FR","og_type":"article","og_title":"Politique de retour - Gialdi Vini shop","og_description":"En cas de contestation concernant nos vins, les r\u00e8gles suivantes s&rsquo;appliquent : Pour plus d&rsquo;informations ou de pr\u00e9cisions, veuillez nous contacter directement.","og_url":"https:\/\/shop.gialdi.ch\/fr\/retours\/","og_site_name":"Gialdi Vini shop","article_modified_time":"2025-02-10T14:40:17+00:00","twitter_card":"summary_large_image","twitter_misc":{"Dur\u00e9e de lecture estim\u00e9e":"1 minute"},"schema":{"@context":"https:\/\/schema.org","@graph":[{"@type":"WebPage","@id":"https:\/\/shop.gialdi.ch\/fr\/retours\/","url":"https:\/\/shop.gialdi.ch\/fr\/retours\/","name":"Politique de retour - Gialdi Vini shop","isPartOf":{"@id":"https:\/\/shop.gialdi.ch\/fr\/#website"},"datePublished":"2025-02-10T14:10:36+00:00","dateModified":"2025-02-10T14:40:17+00:00","breadcrumb":{"@id":"https:\/\/shop.gialdi.ch\/fr\/retours\/#breadcrumb"},"inLanguage":"fr-FR","potentialAction":[{"@type":"ReadAction","target":["https:\/\/shop.gialdi.ch\/fr\/retours\/"]}]},{"@type":"BreadcrumbList","@id":"https:\/\/shop.gialdi.ch\/fr\/retours\/#breadcrumb","itemListElement":[{"@type":"ListItem","position":1,"name":"Home","item":"https:\/\/shop.gialdi.ch\/fr\/"},{"@type":"ListItem","position":2,"name":"Politique de retour"}]},{"@type":"WebSite","@id":"https:\/\/shop.gialdi.ch\/fr\/#website","url":"https:\/\/shop.gialdi.ch\/fr\/","name":"Gialdi Vini shop","description":"Il meglio della produzione vinicola del Nord e del Sud del Ticino","publisher":{"@id":"https:\/\/shop.gialdi.ch\/fr\/#organization"},"potentialAction":[{"@type":"SearchAction","target":{"@type":"EntryPoint","urlTemplate":"https:\/\/shop.gialdi.ch\/fr\/?s={search_term_string}"},"query-input":{"@type":"PropertyValueSpecification","valueRequired":true,"valueName":"search_term_string"}}],"inLanguage":"fr-FR"},{"@type":"Organization","@id":"https:\/\/shop.gialdi.ch\/fr\/#organization","name":"Gialdi Vini SA","url":"https:\/\/shop.gialdi.ch\/fr\/","logo":{"@type":"ImageObject","inLanguage":"fr-FR","@id":"https:\/\/shop.gialdi.ch\/fr\/#\/schema\/logo\/image\/","url":"https:\/\/shop.gialdi.ch\/wp-content\/uploads\/2020\/12\/logo-gialdi.png","contentUrl":"https:\/\/shop.gialdi.ch\/wp-content\/uploads\/2020\/12\/logo-gialdi.png","width":302,"height":152,"caption":"Gialdi Vini SA"},"image":{"@id":"https:\/\/shop.gialdi.ch\/fr\/#\/schema\/logo\/image\/"}}]}},"_links":{"self":[{"href":"https:\/\/shop.gialdi.ch\/fr\/wp-json\/wp\/v2\/pages\/7758","targetHints":{"allow":["GET"]}}],"collection":[{"href":"https:\/\/shop.gialdi.ch\/fr\/wp-json\/wp\/v2\/pages"}],"about":[{"href":"https:\/\/shop.gialdi.ch\/fr\/wp-json\/wp\/v2\/types\/page"}],"author":[{"embeddable":true,"href":"https:\/\/shop.gialdi.ch\/fr\/wp-json\/wp\/v2\/users\/1"}],"replies":[{"embeddable":true,"href":"https:\/\/shop.gialdi.ch\/fr\/wp-json\/wp\/v2\/comments?post=7758"}],"version-history":[{"count":3,"href":"https:\/\/shop.gialdi.ch\/fr\/wp-json\/wp\/v2\/pages\/7758\/revisions"}],"predecessor-version":[{"id":7783,"href":"https:\/\/shop.gialdi.ch\/fr\/wp-json\/wp\/v2\/pages\/7758\/revisions\/7783"}],"wp:attachment":[{"href":"https:\/\/shop.gialdi.ch\/fr\/wp-json\/wp\/v2\/media?parent=7758"}],"curies":[{"name":"wp","href":"https:\/\/api.w.org\/{rel}","templated":true}]}}