{"id":212,"date":"2021-01-29T12:29:36","date_gmt":"2021-01-29T11:29:36","guid":{"rendered":"http:\/\/shop.gialdi.ch\/panier\/"},"modified":"2024-12-09T17:44:21","modified_gmt":"2024-12-09T16:44:21","slug":"panier","status":"publish","type":"page","link":"https:\/\/shop.gialdi.ch\/fr\/panier\/","title":{"rendered":"Panier"},"content":{"rendered":"\n\n\n<section class=\"bkg- p-big z-0 mt-0\" style=\"background-color:#f8f4ed;\">\n\t<div class=\"container\">\n\t\t\t\t<div class=\"row\">\n\t\t\t<div class=\"col-12\">\n\t\t\t\t<h3 class=\"slider-title\">Essayez aussi &#8230;<\/h3>\n\t\t\t<\/div>\n\t\t<\/div>\n\t\t\t\t<div class=\"row\">\n\t\t\t<div class=\"col-12\">\n\t\t\t\t\t\t\t\t<div class=\"shop-slider\">\n\t\t\t\t<div class=\"product type-product post-1153 status-publish first instock product_cat-rouges has-post-thumbnail taxable shipping-taxable purchasable product-type-simple\">\n\t<a href=\"https:\/\/shop.gialdi.ch\/fr\/produit\/serravalle-75-cl\/\" class=\"woocommerce-LoopProduct-link shop-product\"><img loading=\"lazy\" decoding=\"async\" width=\"859\" height=\"2362\" src=\"https:\/\/shop.gialdi.ch\/wp-content\/uploads\/2021\/02\/gialdi-serravalle-2018.png\" class=\"attachment-product size-product\" alt=\"Serravalle - Ticino DOC Merlot - 2018 - Gialdi\" srcset=\"https:\/\/shop.gialdi.ch\/wp-content\/uploads\/2021\/02\/gialdi-serravalle-2018.png 859w, https:\/\/shop.gialdi.ch\/wp-content\/uploads\/2021\/02\/gialdi-serravalle-2018-88x242.png 88w, https:\/\/shop.gialdi.ch\/wp-content\/uploads\/2021\/02\/gialdi-serravalle-2018-288x792.png 288w\" sizes=\"auto, (max-width: 859px) 100vw, 859px\" \/>\t<div>\n\t\t<p class=\"brand\">Gialdi<\/p><h4 class=\"woocommerce-loop-product__title\">Serravalle<\/h4><p class=\"type\">Ticino DOC Merlot\n &#8211; 2024<\/p>\t\t<p class=\"capacity\"><strong>75<\/strong>cl<\/p>\n\t\t\n\t<span class=\"price\"><span class=\"woocommerce-Price-amount amount\"><bdi>17,50<span class=\"woocommerce-Price-currencySymbol\">&#67;&#72;&#70;<\/span><\/bdi><\/span><\/span>\n\t<\/div>\n\t<\/a><a href=\"\/fr\/wp-json\/wp\/v2\/pages\/212?add-to-cart=1153\" aria-describedby=\"woocommerce_loop_add_to_cart_link_describedby_1153\" data-quantity=\"1\" class=\"btn button product_type_simple add_to_cart_button ajax_add_to_cart\" data-product_id=\"1153\" data-product_sku=\"gia-serravalle-75\" aria-label=\"Ajouter au panier\u00a0: &ldquo;Serravalle&rdquo;\" rel=\"nofollow\" data-success_message=\"\u00ab\u00a0Serravalle\u00a0\u00bb a \u00e9t\u00e9 ajout\u00e9 \u00e0 votre panier\" role=\"button\">Ajouter au panier<\/a><\/div>\n<div class=\"product type-product post-1178 status-publish instock product_cat-rouges has-post-thumbnail taxable shipping-taxable purchasable product-type-simple\">\n\t<a href=\"https:\/\/shop.gialdi.ch\/fr\/produit\/biasca-premium-75-cl\/\" class=\"woocommerce-LoopProduct-link shop-product\"><img loading=\"lazy\" decoding=\"async\" width=\"859\" height=\"2362\" src=\"https:\/\/shop.gialdi.ch\/wp-content\/uploads\/2020\/12\/gialdi-biasca-premium-2018.png\" class=\"attachment-product size-product\" alt=\"Biasca Premium - Ticino DOC Merlot - 2018 - Gialdi\" srcset=\"https:\/\/shop.gialdi.ch\/wp-content\/uploads\/2020\/12\/gialdi-biasca-premium-2018.png 859w, https:\/\/shop.gialdi.ch\/wp-content\/uploads\/2020\/12\/gialdi-biasca-premium-2018-88x242.png 88w, https:\/\/shop.gialdi.ch\/wp-content\/uploads\/2020\/12\/gialdi-biasca-premium-2018-288x792.png 288w\" sizes=\"auto, (max-width: 859px) 100vw, 859px\" \/>\t<div>\n\t\t<p class=\"brand\">Gialdi<\/p><h4 class=\"woocommerce-loop-product__title\">Biasca Premium<\/h4><p class=\"type\">Ticino DOC Merlot\n &#8211; 2023<\/p>\t\t<p class=\"capacity\"><strong>75<\/strong>cl<\/p>\n\t\t\n\t<span class=\"price\"><span class=\"woocommerce-Price-amount amount\"><bdi>21,00<span class=\"woocommerce-Price-currencySymbol\">&#67;&#72;&#70;<\/span><\/bdi><\/span><\/span>\n\t<\/div>\n\t<\/a><a href=\"\/fr\/wp-json\/wp\/v2\/pages\/212?add-to-cart=1178\" aria-describedby=\"woocommerce_loop_add_to_cart_link_describedby_1178\" data-quantity=\"1\" class=\"btn button product_type_simple add_to_cart_button ajax_add_to_cart\" data-product_id=\"1178\" data-product_sku=\"gia-biascapremium-75\" aria-label=\"Ajouter au panier\u00a0: &ldquo;Biasca Premium&rdquo;\" rel=\"nofollow\" data-success_message=\"\u00ab\u00a0Biasca Premium\u00a0\u00bb a \u00e9t\u00e9 ajout\u00e9 \u00e0 votre panier\" role=\"button\">Ajouter au panier<\/a><\/div>\n<div class=\"product type-product post-1204 status-publish last instock product_cat-rouges has-post-thumbnail taxable shipping-taxable purchasable product-type-simple\">\n\t<a href=\"https:\/\/shop.gialdi.ch\/fr\/produit\/dantan-75-cl\/\" class=\"woocommerce-LoopProduct-link shop-product\"><img loading=\"lazy\" decoding=\"async\" width=\"1727\" height=\"4727\" src=\"https:\/\/shop.gialdi.ch\/wp-content\/uploads\/2021\/11\/brivio-dantan-2019.png\" class=\"attachment-product size-product\" alt=\"Vigna d&#039;Antan - Ticino DOC - 2018 - Brivio\" srcset=\"https:\/\/shop.gialdi.ch\/wp-content\/uploads\/2021\/11\/brivio-dantan-2019.png 1727w, https:\/\/shop.gialdi.ch\/wp-content\/uploads\/2021\/11\/brivio-dantan-2019-88x241.png 88w, https:\/\/shop.gialdi.ch\/wp-content\/uploads\/2021\/11\/brivio-dantan-2019-288x788.png 288w\" sizes=\"auto, (max-width: 1727px) 100vw, 1727px\" \/>\t<div>\n\t\t<p class=\"brand\">Brivio<\/p><h4 class=\"woocommerce-loop-product__title\">D&rsquo;Antan<\/h4><p class=\"type\">Rosso del Ticino DOC\n &#8211; 2022<\/p>\t\t<p class=\"capacity\"><strong>75<\/strong>cl<\/p>\n\t\t\n\t<span class=\"price\"><span class=\"woocommerce-Price-amount amount\"><bdi>35,00<span class=\"woocommerce-Price-currencySymbol\">&#67;&#72;&#70;<\/span><\/bdi><\/span><\/span>\n\t<\/div>\n\t<\/a><a href=\"\/fr\/wp-json\/wp\/v2\/pages\/212?add-to-cart=1204\" aria-describedby=\"woocommerce_loop_add_to_cart_link_describedby_1204\" data-quantity=\"1\" class=\"btn button product_type_simple add_to_cart_button ajax_add_to_cart\" data-product_id=\"1204\" data-product_sku=\"bri-vignadantan-75\" aria-label=\"Ajouter au panier\u00a0: &ldquo;D&#039;Antan&rdquo;\" rel=\"nofollow\" data-success_message=\"\u00ab\u00a0D&#039;Antan\u00a0\u00bb a \u00e9t\u00e9 ajout\u00e9 \u00e0 votre panier\" role=\"button\">Ajouter au panier<\/a><\/div>\n<div class=\"product type-product post-1142 status-publish first instock product_cat-rouges has-post-thumbnail taxable shipping-taxable purchasable product-type-simple\">\n\t<a href=\"https:\/\/shop.gialdi.ch\/fr\/produit\/estro-75-cl\/\" class=\"woocommerce-LoopProduct-link shop-product\"><img loading=\"lazy\" decoding=\"async\" width=\"859\" height=\"2362\" src=\"https:\/\/shop.gialdi.ch\/wp-content\/uploads\/2021\/02\/gialdi-estro-2018.png\" class=\"attachment-product size-product\" alt=\"Estro - IGT della Svizzera italiana - 2018 - Gialdi\" srcset=\"https:\/\/shop.gialdi.ch\/wp-content\/uploads\/2021\/02\/gialdi-estro-2018.png 859w, https:\/\/shop.gialdi.ch\/wp-content\/uploads\/2021\/02\/gialdi-estro-2018-88x242.png 88w, https:\/\/shop.gialdi.ch\/wp-content\/uploads\/2021\/02\/gialdi-estro-2018-288x792.png 288w\" sizes=\"auto, (max-width: 859px) 100vw, 859px\" \/>\t<div>\n\t\t<p class=\"brand\">Gialdi<\/p><h4 class=\"woocommerce-loop-product__title\">Estro<\/h4><p class=\"type\">Rosso del Ticino DOC\n &#8211; 2022<\/p>\t\t<p class=\"capacity\"><strong>75<\/strong>cl<\/p>\n\t\t\n\t<span class=\"price\"><span class=\"woocommerce-Price-amount amount\"><bdi>35,00<span class=\"woocommerce-Price-currencySymbol\">&#67;&#72;&#70;<\/span><\/bdi><\/span><\/span>\n\t<\/div>\n\t<\/a><a href=\"\/fr\/wp-json\/wp\/v2\/pages\/212?add-to-cart=1142\" aria-describedby=\"woocommerce_loop_add_to_cart_link_describedby_1142\" data-quantity=\"1\" class=\"btn button product_type_simple add_to_cart_button ajax_add_to_cart\" data-product_id=\"1142\" data-product_sku=\"gia-estro-75\" aria-label=\"Ajouter au panier\u00a0: &ldquo;Estro&rdquo;\" rel=\"nofollow\" data-success_message=\"\u00ab\u00a0Estro\u00a0\u00bb a \u00e9t\u00e9 ajout\u00e9 \u00e0 votre panier\" role=\"button\">Ajouter au panier<\/a><\/div>\n<div class=\"product type-product post-1193 status-publish instock product_cat-rouges has-post-thumbnail taxable shipping-taxable purchasable product-type-simple\">\n\t<a href=\"https:\/\/shop.gialdi.ch\/fr\/produit\/platinum-75-cl\/\" class=\"woocommerce-LoopProduct-link shop-product\"><img loading=\"lazy\" decoding=\"async\" width=\"1727\" height=\"4727\" src=\"https:\/\/shop.gialdi.ch\/wp-content\/uploads\/2021\/02\/brivio-platinum-2013.png\" class=\"attachment-product size-product\" alt=\"Platinum - Ticino DOC Merlot - 2013 - Brivio\" srcset=\"https:\/\/shop.gialdi.ch\/wp-content\/uploads\/2021\/02\/brivio-platinum-2013.png 1727w, https:\/\/shop.gialdi.ch\/wp-content\/uploads\/2021\/02\/brivio-platinum-2013-88x241.png 88w, https:\/\/shop.gialdi.ch\/wp-content\/uploads\/2021\/02\/brivio-platinum-2013-288x788.png 288w\" sizes=\"auto, (max-width: 1727px) 100vw, 1727px\" \/>\t<div>\n\t\t<p class=\"brand\">Brivio<\/p><h4 class=\"woocommerce-loop-product__title\">Platinum<\/h4><p class=\"type\">Ticino DOC Merlot\n &#8211; 2021<\/p>\t\t<p class=\"capacity\"><strong>75<\/strong>cl<\/p>\n\t\t\n\t<span class=\"price\"><span class=\"woocommerce-Price-amount amount\"><bdi>90,00<span class=\"woocommerce-Price-currencySymbol\">&#67;&#72;&#70;<\/span><\/bdi><\/span><\/span>\n\t<\/div>\n\t<\/a><a href=\"\/fr\/wp-json\/wp\/v2\/pages\/212?add-to-cart=1193\" aria-describedby=\"woocommerce_loop_add_to_cart_link_describedby_1193\" data-quantity=\"1\" class=\"btn button product_type_simple add_to_cart_button ajax_add_to_cart\" data-product_id=\"1193\" data-product_sku=\"bri-platinum-75\" aria-label=\"Ajouter au panier\u00a0: &ldquo;Platinum&rdquo;\" rel=\"nofollow\" data-success_message=\"\u00ab\u00a0Platinum\u00a0\u00bb a \u00e9t\u00e9 ajout\u00e9 \u00e0 votre panier\" role=\"button\">Ajouter au panier<\/a><\/div>\n<div class=\"product type-product post-1123 status-publish last instock product_cat-rouges has-post-thumbnail taxable shipping-taxable purchasable product-type-simple\">\n\t<a href=\"https:\/\/shop.gialdi.ch\/fr\/produit\/trentasei-75-cl\/\" class=\"woocommerce-LoopProduct-link shop-product\"><img loading=\"lazy\" decoding=\"async\" width=\"250\" height=\"791\" src=\"https:\/\/shop.gialdi.ch\/wp-content\/uploads\/2021\/02\/gialdi-trentasei-250x791.png\" class=\"attachment-product size-product\" alt=\"Trentasei - Ticino DOC Merlot - 2018 - Brivio\" srcset=\"https:\/\/shop.gialdi.ch\/wp-content\/uploads\/2021\/02\/gialdi-trentasei-250x791.png 250w, https:\/\/shop.gialdi.ch\/wp-content\/uploads\/2021\/02\/gialdi-trentasei-88x278.png 88w, https:\/\/shop.gialdi.ch\/wp-content\/uploads\/2021\/02\/gialdi-trentasei-288x910.png 288w, https:\/\/shop.gialdi.ch\/wp-content\/uploads\/2021\/02\/gialdi-trentasei.png 1000w\" sizes=\"auto, (max-width: 250px) 100vw, 250px\" \/>\t<div>\n\t\t<p class=\"brand\">Gialdi<\/p><h4 class=\"woocommerce-loop-product__title\">Trentasei<\/h4><p class=\"type\">Ticino DOC Merlot\n &#8211; 2020<\/p>\t\t<p class=\"capacity\"><strong>75<\/strong>cl<\/p>\n\t\t\n\t<span class=\"price\"><span class=\"woocommerce-Price-amount amount\"><bdi>95,00<span class=\"woocommerce-Price-currencySymbol\">&#67;&#72;&#70;<\/span><\/bdi><\/span><\/span>\n\t<\/div>\n\t<\/a><a href=\"\/fr\/wp-json\/wp\/v2\/pages\/212?add-to-cart=1123\" aria-describedby=\"woocommerce_loop_add_to_cart_link_describedby_1123\" data-quantity=\"1\" class=\"btn button product_type_simple add_to_cart_button ajax_add_to_cart\" data-product_id=\"1123\" data-product_sku=\"gia-trentasei-75\" aria-label=\"Ajouter au panier\u00a0: &ldquo;Trentasei&rdquo;\" rel=\"nofollow\" data-success_message=\"\u00ab\u00a0Trentasei\u00a0\u00bb a \u00e9t\u00e9 ajout\u00e9 \u00e0 votre panier\" role=\"button\">Ajouter au panier<\/a><\/div>\n<div class=\"product type-product post-1282 status-publish first instock product_cat-blancs has-post-thumbnail taxable shipping-taxable purchasable product-type-simple\">\n\t<a href=\"https:\/\/shop.gialdi.ch\/fr\/produit\/ramolo-75-cl\/\" class=\"woocommerce-LoopProduct-link shop-product\"><img loading=\"lazy\" decoding=\"async\" width=\"935\" height=\"2560\" src=\"https:\/\/shop.gialdi.ch\/wp-content\/uploads\/2021\/01\/GIA-Ramolo-Viognier-DOC-scaled.png\" class=\"attachment-product size-product\" alt=\"Ramolo\" srcset=\"https:\/\/shop.gialdi.ch\/wp-content\/uploads\/2021\/01\/GIA-Ramolo-Viognier-DOC-scaled.png 935w, https:\/\/shop.gialdi.ch\/wp-content\/uploads\/2021\/01\/GIA-Ramolo-Viognier-DOC-88x241.png 88w, https:\/\/shop.gialdi.ch\/wp-content\/uploads\/2021\/01\/GIA-Ramolo-Viognier-DOC-288x788.png 288w\" sizes=\"auto, (max-width: 935px) 100vw, 935px\" \/>\t<div>\n\t\t<p class=\"brand\">Gialdi<\/p><h4 class=\"woocommerce-loop-product__title\">Ramolo<\/h4><p class=\"type\">Ticino DOC Viognier\n<\/p>\t\t<p class=\"capacity\"><strong>75<\/strong>cl<\/p>\n\t\t\n\t<span class=\"price\"><span class=\"woocommerce-Price-amount amount\"><bdi>18,00<span class=\"woocommerce-Price-currencySymbol\">&#67;&#72;&#70;<\/span><\/bdi><\/span><\/span>\n\t<\/div>\n\t<\/a><a href=\"\/fr\/wp-json\/wp\/v2\/pages\/212?add-to-cart=1282\" aria-describedby=\"woocommerce_loop_add_to_cart_link_describedby_1282\" data-quantity=\"1\" class=\"btn button product_type_simple add_to_cart_button ajax_add_to_cart\" data-product_id=\"1282\" data-product_sku=\"gia-ramolo-75\" aria-label=\"Ajouter au panier\u00a0: &ldquo;Ramolo&rdquo;\" rel=\"nofollow\" data-success_message=\"\u00ab\u00a0Ramolo\u00a0\u00bb a \u00e9t\u00e9 ajout\u00e9 \u00e0 votre panier\" role=\"button\">Ajouter au panier<\/a><\/div>\n<div class=\"product type-product post-1157 status-publish instock product_cat-blancs has-post-thumbnail taxable shipping-taxable purchasable product-type-simple\">\n\t<a href=\"https:\/\/shop.gialdi.ch\/fr\/produit\/carisma-75-cl\/\" class=\"woocommerce-LoopProduct-link shop-product\"><img loading=\"lazy\" decoding=\"async\" width=\"864\" height=\"2364\" src=\"https:\/\/shop.gialdi.ch\/wp-content\/uploads\/2021\/02\/gialdi-carisma-2019.png\" class=\"attachment-product size-product\" alt=\"Carisma - Ticino DOC Chardonnay - 2019 - Gialdi\" srcset=\"https:\/\/shop.gialdi.ch\/wp-content\/uploads\/2021\/02\/gialdi-carisma-2019.png 864w, https:\/\/shop.gialdi.ch\/wp-content\/uploads\/2021\/02\/gialdi-carisma-2019-88x241.png 88w, https:\/\/shop.gialdi.ch\/wp-content\/uploads\/2021\/02\/gialdi-carisma-2019-288x788.png 288w\" sizes=\"auto, (max-width: 864px) 100vw, 864px\" \/>\t<div>\n\t\t<p class=\"brand\">Gialdi<\/p><h4 class=\"woocommerce-loop-product__title\">Carisma<\/h4><p class=\"type\">Ticino DOC Chardonnay\n &#8211; 2024<\/p>\t\t<p class=\"capacity\"><strong>75<\/strong>cl<\/p>\n\t\t\n\t<span class=\"price\"><span class=\"woocommerce-Price-amount amount\"><bdi>18,00<span class=\"woocommerce-Price-currencySymbol\">&#67;&#72;&#70;<\/span><\/bdi><\/span><\/span>\n\t<\/div>\n\t<\/a><a href=\"\/fr\/wp-json\/wp\/v2\/pages\/212?add-to-cart=1157\" aria-describedby=\"woocommerce_loop_add_to_cart_link_describedby_1157\" data-quantity=\"1\" class=\"btn button product_type_simple add_to_cart_button ajax_add_to_cart\" data-product_id=\"1157\" data-product_sku=\"gia-carisma-75\" aria-label=\"Ajouter au panier\u00a0: &ldquo;Carisma&rdquo;\" rel=\"nofollow\" data-success_message=\"\u00ab\u00a0Carisma\u00a0\u00bb a \u00e9t\u00e9 ajout\u00e9 \u00e0 votre panier\" role=\"button\">Ajouter au panier<\/a><\/div>\n\t\t\t\t<\/div>\n\t\t\t<\/div>\n\t\t<\/div>\n\t<\/div>\n<\/section>","protected":false},"excerpt":{"rendered":"","protected":false},"author":1,"featured_media":0,"parent":0,"menu_order":0,"comment_status":"closed","ping_status":"closed","template":"","meta":{"_acf_changed":false,"inline_featured_image":false,"footnotes":""},"class_list":["post-212","page","type-page","status-publish","hentry"],"acf":[],"yoast_head":"<!-- This site is optimized with the Yoast SEO plugin v27.3 - https:\/\/yoast.com\/product\/yoast-seo-wordpress\/ -->\n<title>Panier - Gialdi Vini shop<\/title>\n<meta name=\"robots\" content=\"noindex, nofollow\" \/>\n<meta property=\"og:locale\" content=\"fr_FR\" \/>\n<meta property=\"og:type\" content=\"article\" \/>\n<meta property=\"og:title\" content=\"Panier - Gialdi Vini shop\" \/>\n<meta property=\"og:url\" content=\"https:\/\/shop.gialdi.ch\/fr\/panier\/\" \/>\n<meta property=\"og:site_name\" content=\"Gialdi Vini shop\" \/>\n<meta property=\"article:modified_time\" content=\"2024-12-09T16:44:21+00:00\" \/>\n<meta name=\"twitter:card\" content=\"summary_large_image\" \/>\n<meta name=\"twitter:label1\" content=\"Dur\u00e9e de lecture estim\u00e9e\" \/>\n\t<meta name=\"twitter:data1\" content=\"1 minute\" \/>\n<script type=\"application\/ld+json\" class=\"yoast-schema-graph\">{\"@context\":\"https:\\\/\\\/schema.org\",\"@graph\":[{\"@type\":\"WebPage\",\"@id\":\"https:\\\/\\\/shop.gialdi.ch\\\/fr\\\/panier\\\/\",\"url\":\"https:\\\/\\\/shop.gialdi.ch\\\/fr\\\/panier\\\/\",\"name\":\"Panier - Gialdi Vini shop\",\"isPartOf\":{\"@id\":\"https:\\\/\\\/shop.gialdi.ch\\\/fr\\\/#website\"},\"datePublished\":\"2021-01-29T11:29:36+00:00\",\"dateModified\":\"2024-12-09T16:44:21+00:00\",\"breadcrumb\":{\"@id\":\"https:\\\/\\\/shop.gialdi.ch\\\/fr\\\/panier\\\/#breadcrumb\"},\"inLanguage\":\"fr-FR\",\"potentialAction\":[{\"@type\":\"ReadAction\",\"target\":[\"https:\\\/\\\/shop.gialdi.ch\\\/fr\\\/panier\\\/\"]}]},{\"@type\":\"BreadcrumbList\",\"@id\":\"https:\\\/\\\/shop.gialdi.ch\\\/fr\\\/panier\\\/#breadcrumb\",\"itemListElement\":[{\"@type\":\"ListItem\",\"position\":1,\"name\":\"Home\",\"item\":\"https:\\\/\\\/shop.gialdi.ch\\\/fr\\\/\"},{\"@type\":\"ListItem\",\"position\":2,\"name\":\"Panier\"}]},{\"@type\":\"WebSite\",\"@id\":\"https:\\\/\\\/shop.gialdi.ch\\\/fr\\\/#website\",\"url\":\"https:\\\/\\\/shop.gialdi.ch\\\/fr\\\/\",\"name\":\"Gialdi Vini shop\",\"description\":\"Il meglio della produzione vinicola del Nord e del Sud del Ticino\",\"publisher\":{\"@id\":\"https:\\\/\\\/shop.gialdi.ch\\\/fr\\\/#organization\"},\"potentialAction\":[{\"@type\":\"SearchAction\",\"target\":{\"@type\":\"EntryPoint\",\"urlTemplate\":\"https:\\\/\\\/shop.gialdi.ch\\\/fr\\\/?s={search_term_string}\"},\"query-input\":{\"@type\":\"PropertyValueSpecification\",\"valueRequired\":true,\"valueName\":\"search_term_string\"}}],\"inLanguage\":\"fr-FR\"},{\"@type\":\"Organization\",\"@id\":\"https:\\\/\\\/shop.gialdi.ch\\\/fr\\\/#organization\",\"name\":\"Gialdi Vini SA\",\"url\":\"https:\\\/\\\/shop.gialdi.ch\\\/fr\\\/\",\"logo\":{\"@type\":\"ImageObject\",\"inLanguage\":\"fr-FR\",\"@id\":\"https:\\\/\\\/shop.gialdi.ch\\\/fr\\\/#\\\/schema\\\/logo\\\/image\\\/\",\"url\":\"https:\\\/\\\/shop.gialdi.ch\\\/wp-content\\\/uploads\\\/2020\\\/12\\\/logo-gialdi.png\",\"contentUrl\":\"https:\\\/\\\/shop.gialdi.ch\\\/wp-content\\\/uploads\\\/2020\\\/12\\\/logo-gialdi.png\",\"width\":302,\"height\":152,\"caption\":\"Gialdi Vini SA\"},\"image\":{\"@id\":\"https:\\\/\\\/shop.gialdi.ch\\\/fr\\\/#\\\/schema\\\/logo\\\/image\\\/\"}}]}<\/script>\n<!-- \/ Yoast SEO plugin. -->","yoast_head_json":{"title":"Panier - Gialdi Vini shop","robots":{"index":"noindex","follow":"nofollow"},"og_locale":"fr_FR","og_type":"article","og_title":"Panier - Gialdi Vini shop","og_url":"https:\/\/shop.gialdi.ch\/fr\/panier\/","og_site_name":"Gialdi Vini shop","article_modified_time":"2024-12-09T16:44:21+00:00","twitter_card":"summary_large_image","twitter_misc":{"Dur\u00e9e de lecture estim\u00e9e":"1 minute"},"schema":{"@context":"https:\/\/schema.org","@graph":[{"@type":"WebPage","@id":"https:\/\/shop.gialdi.ch\/fr\/panier\/","url":"https:\/\/shop.gialdi.ch\/fr\/panier\/","name":"Panier - Gialdi Vini shop","isPartOf":{"@id":"https:\/\/shop.gialdi.ch\/fr\/#website"},"datePublished":"2021-01-29T11:29:36+00:00","dateModified":"2024-12-09T16:44:21+00:00","breadcrumb":{"@id":"https:\/\/shop.gialdi.ch\/fr\/panier\/#breadcrumb"},"inLanguage":"fr-FR","potentialAction":[{"@type":"ReadAction","target":["https:\/\/shop.gialdi.ch\/fr\/panier\/"]}]},{"@type":"BreadcrumbList","@id":"https:\/\/shop.gialdi.ch\/fr\/panier\/#breadcrumb","itemListElement":[{"@type":"ListItem","position":1,"name":"Home","item":"https:\/\/shop.gialdi.ch\/fr\/"},{"@type":"ListItem","position":2,"name":"Panier"}]},{"@type":"WebSite","@id":"https:\/\/shop.gialdi.ch\/fr\/#website","url":"https:\/\/shop.gialdi.ch\/fr\/","name":"Gialdi Vini shop","description":"Il meglio della produzione vinicola del Nord e del Sud del Ticino","publisher":{"@id":"https:\/\/shop.gialdi.ch\/fr\/#organization"},"potentialAction":[{"@type":"SearchAction","target":{"@type":"EntryPoint","urlTemplate":"https:\/\/shop.gialdi.ch\/fr\/?s={search_term_string}"},"query-input":{"@type":"PropertyValueSpecification","valueRequired":true,"valueName":"search_term_string"}}],"inLanguage":"fr-FR"},{"@type":"Organization","@id":"https:\/\/shop.gialdi.ch\/fr\/#organization","name":"Gialdi Vini SA","url":"https:\/\/shop.gialdi.ch\/fr\/","logo":{"@type":"ImageObject","inLanguage":"fr-FR","@id":"https:\/\/shop.gialdi.ch\/fr\/#\/schema\/logo\/image\/","url":"https:\/\/shop.gialdi.ch\/wp-content\/uploads\/2020\/12\/logo-gialdi.png","contentUrl":"https:\/\/shop.gialdi.ch\/wp-content\/uploads\/2020\/12\/logo-gialdi.png","width":302,"height":152,"caption":"Gialdi Vini SA"},"image":{"@id":"https:\/\/shop.gialdi.ch\/fr\/#\/schema\/logo\/image\/"}}]}},"_links":{"self":[{"href":"https:\/\/shop.gialdi.ch\/fr\/wp-json\/wp\/v2\/pages\/212","targetHints":{"allow":["GET"]}}],"collection":[{"href":"https:\/\/shop.gialdi.ch\/fr\/wp-json\/wp\/v2\/pages"}],"about":[{"href":"https:\/\/shop.gialdi.ch\/fr\/wp-json\/wp\/v2\/types\/page"}],"author":[{"embeddable":true,"href":"https:\/\/shop.gialdi.ch\/fr\/wp-json\/wp\/v2\/users\/1"}],"replies":[{"embeddable":true,"href":"https:\/\/shop.gialdi.ch\/fr\/wp-json\/wp\/v2\/comments?post=212"}],"version-history":[{"count":7,"href":"https:\/\/shop.gialdi.ch\/fr\/wp-json\/wp\/v2\/pages\/212\/revisions"}],"predecessor-version":[{"id":7464,"href":"https:\/\/shop.gialdi.ch\/fr\/wp-json\/wp\/v2\/pages\/212\/revisions\/7464"}],"wp:attachment":[{"href":"https:\/\/shop.gialdi.ch\/fr\/wp-json\/wp\/v2\/media?parent=212"}],"curies":[{"name":"wp","href":"https:\/\/api.w.org\/{rel}","templated":true}]}}