{"id":1093,"date":"2021-02-02T18:50:22","date_gmt":"2021-02-02T17:50:22","guid":{"rendered":"https:\/\/shop.gialdi.ch\/termini-e-condizioni\/"},"modified":"2025-12-24T11:43:28","modified_gmt":"2025-12-24T10:43:28","slug":"termes-et-conditions","status":"publish","type":"page","link":"https:\/\/shop.gialdi.ch\/fr\/termes-et-conditions\/","title":{"rendered":"Termes et conditions"},"content":{"rendered":"\n<p><strong>Conditions de vente:<\/strong><\/p>\n\n\n\n<ul class=\"wp-block-list\">\n<li>La vente d&rsquo;alcool aux mineurs de moins de 18 ans est interdite;<\/li>\n\n\n\n<li>Nous ne livrons pas de boissons alcoolis\u00e9es aux mineurs ;<\/li>\n\n\n\n<li>La taxe sur la valeur ajout\u00e9e (TVA 8.1%) est incluse dans les prix;<\/li>\n\n\n\n<li>Nous nous r\u00e9servons le droit de modifier les prix, les mill\u00e9simes et la disponibilit\u00e9 des produits.<\/li>\n<\/ul>\n\n\n\n<p><strong>Livraisons:<\/strong><\/p>\n\n\n\n<ul class=\"wp-block-list\">\n<li>Les vins sont conditionn\u00e9s dans des emballages sp\u00e9ciaux ou cartons d&rsquo;origine et les exp\u00e9ditions se font par transporteur routier ;<\/li>\n\n\n\n<li>Nous n&rsquo;exp\u00e9dions pas hors de Suisse ;<\/li>\n\n\n\n<li>De 1 \u00e0 5 bouteilles 13 CHF ;<\/li>\n\n\n\n<li>De 6 \u00e0 12 bouteilles 18 CHF ;<\/li>\n\n\n\n<li>De 13 \u00e0 18 bouteilles 25 CHF ;<\/li>\n\n\n\n<li>Livraisons gratuites pour les achats sup\u00e9rieurs \u00e0 300.00 CHF<\/li>\n<\/ul>\n\n\n\n<p><strong>Paiement:<\/strong><\/p>\n\n\n\n<ul class=\"wp-block-list\">\n<li>Au pr\u00e9alable, par carte de cr\u00e9dit (PostFinance Card, PostFinance e-finance, MasterCard, Visa).<\/li>\n<\/ul>\n\n\n\n<p><strong>Plaintes:<\/strong><\/p>\n\n\n\n<ul class=\"wp-block-list\">\n<li>Les r\u00e9clamations concernant la quantit\u00e9 et la qualit\u00e9 des marchandises doivent \u00eatre signal\u00e9es dans les 24 heures suivant la livraison.<\/li>\n<\/ul>\n\n\n\n<p><strong>Juridiction:<\/strong><\/p>\n\n\n\n<ul class=\"wp-block-list\">\n<li>6850 Mendrisio.<\/li>\n<\/ul>\n\n\n\n<p>Les informations personnelles n\u00e9cessaires au traitement de votre commande sont collect\u00e9es et trait\u00e9es de mani\u00e8re confidentielle.<\/p>\n","protected":false},"excerpt":{"rendered":"<p>Conditions de vente: Livraisons: Paiement: Plaintes: Juridiction: Les informations personnelles n\u00e9cessaires au traitement de votre commande sont collect\u00e9es et trait\u00e9es de mani\u00e8re confidentielle.<\/p>\n","protected":false},"author":1,"featured_media":0,"parent":0,"menu_order":0,"comment_status":"closed","ping_status":"closed","template":"","meta":{"_acf_changed":false,"inline_featured_image":false,"footnotes":""},"class_list":["post-1093","page","type-page","status-publish","hentry"],"acf":[],"yoast_head":"<!-- This site is optimized with the Yoast SEO plugin v27.3 - https:\/\/yoast.com\/product\/yoast-seo-wordpress\/ -->\n<title>Termes et conditions - Gialdi Vini shop<\/title>\n<meta name=\"robots\" content=\"index, follow, max-snippet:-1, max-image-preview:large, max-video-preview:-1\" \/>\n<link rel=\"canonical\" href=\"https:\/\/shop.gialdi.ch\/fr\/termes-et-conditions\/\" \/>\n<meta property=\"og:locale\" content=\"fr_FR\" \/>\n<meta property=\"og:type\" content=\"article\" \/>\n<meta property=\"og:title\" content=\"Termes et conditions - Gialdi Vini shop\" \/>\n<meta property=\"og:description\" content=\"Conditions de vente: Livraisons: Paiement: Plaintes: Juridiction: Les informations personnelles n\u00e9cessaires au traitement de votre commande sont collect\u00e9es et trait\u00e9es de mani\u00e8re confidentielle.\" \/>\n<meta property=\"og:url\" content=\"https:\/\/shop.gialdi.ch\/fr\/termes-et-conditions\/\" \/>\n<meta property=\"og:site_name\" content=\"Gialdi Vini shop\" \/>\n<meta property=\"article:modified_time\" content=\"2025-12-24T10:43:28+00:00\" \/>\n<meta name=\"twitter:card\" content=\"summary_large_image\" \/>\n<meta name=\"twitter:label1\" content=\"Dur\u00e9e de lecture estim\u00e9e\" \/>\n\t<meta name=\"twitter:data1\" content=\"1 minute\" \/>\n<script type=\"application\/ld+json\" class=\"yoast-schema-graph\">{\"@context\":\"https:\\\/\\\/schema.org\",\"@graph\":[{\"@type\":\"WebPage\",\"@id\":\"https:\\\/\\\/shop.gialdi.ch\\\/fr\\\/termes-et-conditions\\\/\",\"url\":\"https:\\\/\\\/shop.gialdi.ch\\\/fr\\\/termes-et-conditions\\\/\",\"name\":\"Termes et conditions - Gialdi Vini shop\",\"isPartOf\":{\"@id\":\"https:\\\/\\\/shop.gialdi.ch\\\/fr\\\/#website\"},\"datePublished\":\"2021-02-02T17:50:22+00:00\",\"dateModified\":\"2025-12-24T10:43:28+00:00\",\"breadcrumb\":{\"@id\":\"https:\\\/\\\/shop.gialdi.ch\\\/fr\\\/termes-et-conditions\\\/#breadcrumb\"},\"inLanguage\":\"fr-FR\",\"potentialAction\":[{\"@type\":\"ReadAction\",\"target\":[\"https:\\\/\\\/shop.gialdi.ch\\\/fr\\\/termes-et-conditions\\\/\"]}]},{\"@type\":\"BreadcrumbList\",\"@id\":\"https:\\\/\\\/shop.gialdi.ch\\\/fr\\\/termes-et-conditions\\\/#breadcrumb\",\"itemListElement\":[{\"@type\":\"ListItem\",\"position\":1,\"name\":\"Home\",\"item\":\"https:\\\/\\\/shop.gialdi.ch\\\/fr\\\/\"},{\"@type\":\"ListItem\",\"position\":2,\"name\":\"Termes et conditions\"}]},{\"@type\":\"WebSite\",\"@id\":\"https:\\\/\\\/shop.gialdi.ch\\\/fr\\\/#website\",\"url\":\"https:\\\/\\\/shop.gialdi.ch\\\/fr\\\/\",\"name\":\"Gialdi Vini shop\",\"description\":\"Il meglio della produzione vinicola del Nord e del Sud del Ticino\",\"publisher\":{\"@id\":\"https:\\\/\\\/shop.gialdi.ch\\\/fr\\\/#organization\"},\"potentialAction\":[{\"@type\":\"SearchAction\",\"target\":{\"@type\":\"EntryPoint\",\"urlTemplate\":\"https:\\\/\\\/shop.gialdi.ch\\\/fr\\\/?s={search_term_string}\"},\"query-input\":{\"@type\":\"PropertyValueSpecification\",\"valueRequired\":true,\"valueName\":\"search_term_string\"}}],\"inLanguage\":\"fr-FR\"},{\"@type\":\"Organization\",\"@id\":\"https:\\\/\\\/shop.gialdi.ch\\\/fr\\\/#organization\",\"name\":\"Gialdi Vini SA\",\"url\":\"https:\\\/\\\/shop.gialdi.ch\\\/fr\\\/\",\"logo\":{\"@type\":\"ImageObject\",\"inLanguage\":\"fr-FR\",\"@id\":\"https:\\\/\\\/shop.gialdi.ch\\\/fr\\\/#\\\/schema\\\/logo\\\/image\\\/\",\"url\":\"https:\\\/\\\/shop.gialdi.ch\\\/wp-content\\\/uploads\\\/2020\\\/12\\\/logo-gialdi.png\",\"contentUrl\":\"https:\\\/\\\/shop.gialdi.ch\\\/wp-content\\\/uploads\\\/2020\\\/12\\\/logo-gialdi.png\",\"width\":302,\"height\":152,\"caption\":\"Gialdi Vini SA\"},\"image\":{\"@id\":\"https:\\\/\\\/shop.gialdi.ch\\\/fr\\\/#\\\/schema\\\/logo\\\/image\\\/\"}}]}<\/script>\n<!-- \/ Yoast SEO plugin. -->","yoast_head_json":{"title":"Termes et conditions - Gialdi Vini shop","robots":{"index":"index","follow":"follow","max-snippet":"max-snippet:-1","max-image-preview":"max-image-preview:large","max-video-preview":"max-video-preview:-1"},"canonical":"https:\/\/shop.gialdi.ch\/fr\/termes-et-conditions\/","og_locale":"fr_FR","og_type":"article","og_title":"Termes et conditions - Gialdi Vini shop","og_description":"Conditions de vente: Livraisons: Paiement: Plaintes: Juridiction: Les informations personnelles n\u00e9cessaires au traitement de votre commande sont collect\u00e9es et trait\u00e9es de mani\u00e8re confidentielle.","og_url":"https:\/\/shop.gialdi.ch\/fr\/termes-et-conditions\/","og_site_name":"Gialdi Vini shop","article_modified_time":"2025-12-24T10:43:28+00:00","twitter_card":"summary_large_image","twitter_misc":{"Dur\u00e9e de lecture estim\u00e9e":"1 minute"},"schema":{"@context":"https:\/\/schema.org","@graph":[{"@type":"WebPage","@id":"https:\/\/shop.gialdi.ch\/fr\/termes-et-conditions\/","url":"https:\/\/shop.gialdi.ch\/fr\/termes-et-conditions\/","name":"Termes et conditions - Gialdi Vini shop","isPartOf":{"@id":"https:\/\/shop.gialdi.ch\/fr\/#website"},"datePublished":"2021-02-02T17:50:22+00:00","dateModified":"2025-12-24T10:43:28+00:00","breadcrumb":{"@id":"https:\/\/shop.gialdi.ch\/fr\/termes-et-conditions\/#breadcrumb"},"inLanguage":"fr-FR","potentialAction":[{"@type":"ReadAction","target":["https:\/\/shop.gialdi.ch\/fr\/termes-et-conditions\/"]}]},{"@type":"BreadcrumbList","@id":"https:\/\/shop.gialdi.ch\/fr\/termes-et-conditions\/#breadcrumb","itemListElement":[{"@type":"ListItem","position":1,"name":"Home","item":"https:\/\/shop.gialdi.ch\/fr\/"},{"@type":"ListItem","position":2,"name":"Termes et conditions"}]},{"@type":"WebSite","@id":"https:\/\/shop.gialdi.ch\/fr\/#website","url":"https:\/\/shop.gialdi.ch\/fr\/","name":"Gialdi Vini shop","description":"Il meglio della produzione vinicola del Nord e del Sud del Ticino","publisher":{"@id":"https:\/\/shop.gialdi.ch\/fr\/#organization"},"potentialAction":[{"@type":"SearchAction","target":{"@type":"EntryPoint","urlTemplate":"https:\/\/shop.gialdi.ch\/fr\/?s={search_term_string}"},"query-input":{"@type":"PropertyValueSpecification","valueRequired":true,"valueName":"search_term_string"}}],"inLanguage":"fr-FR"},{"@type":"Organization","@id":"https:\/\/shop.gialdi.ch\/fr\/#organization","name":"Gialdi Vini SA","url":"https:\/\/shop.gialdi.ch\/fr\/","logo":{"@type":"ImageObject","inLanguage":"fr-FR","@id":"https:\/\/shop.gialdi.ch\/fr\/#\/schema\/logo\/image\/","url":"https:\/\/shop.gialdi.ch\/wp-content\/uploads\/2020\/12\/logo-gialdi.png","contentUrl":"https:\/\/shop.gialdi.ch\/wp-content\/uploads\/2020\/12\/logo-gialdi.png","width":302,"height":152,"caption":"Gialdi Vini SA"},"image":{"@id":"https:\/\/shop.gialdi.ch\/fr\/#\/schema\/logo\/image\/"}}]}},"_links":{"self":[{"href":"https:\/\/shop.gialdi.ch\/fr\/wp-json\/wp\/v2\/pages\/1093","targetHints":{"allow":["GET"]}}],"collection":[{"href":"https:\/\/shop.gialdi.ch\/fr\/wp-json\/wp\/v2\/pages"}],"about":[{"href":"https:\/\/shop.gialdi.ch\/fr\/wp-json\/wp\/v2\/types\/page"}],"author":[{"embeddable":true,"href":"https:\/\/shop.gialdi.ch\/fr\/wp-json\/wp\/v2\/users\/1"}],"replies":[{"embeddable":true,"href":"https:\/\/shop.gialdi.ch\/fr\/wp-json\/wp\/v2\/comments?post=1093"}],"version-history":[{"count":11,"href":"https:\/\/shop.gialdi.ch\/fr\/wp-json\/wp\/v2\/pages\/1093\/revisions"}],"predecessor-version":[{"id":9741,"href":"https:\/\/shop.gialdi.ch\/fr\/wp-json\/wp\/v2\/pages\/1093\/revisions\/9741"}],"wp:attachment":[{"href":"https:\/\/shop.gialdi.ch\/fr\/wp-json\/wp\/v2\/media?parent=1093"}],"curies":[{"name":"wp","href":"https:\/\/api.w.org\/{rel}","templated":true}]}}