{"id":1034,"date":"2020-12-15T15:17:05","date_gmt":"2020-12-15T14:17:05","guid":{"rendered":"https:\/\/shop.gialdi.ch\/azienda\/"},"modified":"2022-02-09T18:01:16","modified_gmt":"2022-02-09T17:01:16","slug":"la-cave","status":"publish","type":"page","link":"https:\/\/shop.gialdi.ch\/fr\/la-cave\/","title":{"rendered":"La cave"},"content":{"rendered":"<section class=\"section-title\">\n\t<article class=\"section-article\">\n\t\t<div class=\"container\">\n\t\t\t<div class=\"row\">\n\t\t\t\t<div class=\"col-12 col-md-10 col-xl-8 mx-auto\">\n\t\t\t\t\t\t\t\t\t\t<h1>QUI NOUS SOMMES<\/h1>\n\t\t\t\t\t\t\t\t\t\t\t\t\t\t\t<h2>Notre cave a pour objectif la production de vins de grande qualit\u00e9 et intimement li\u00e9s au terroir. Gr\u00e2ce \u00e0 son engagement quotidien, elle se situe au sommet de la production vinicole suisse.<\/h2>\n\t\t\t\t\t\t\t\t\t\t\t\t\t\t\t<hr style=\"#BD9E55\">\n\t\t\t\t\t\t\t\t\t<\/div>\n\t\t\t<\/div>\n\t\t<\/div>\n\t<\/article>\n<\/section>\n\n<section class=\"mt-40\">\n\t<article class=\"section-article\">\n\t\t<div class=\"container\">\n\t\t\t<div class=\"row\">\n\t\t\t\t<div class=\"col-12 col-md-10 col-xl-8 mx-auto\">\n\t\t\t\t\t<p>La Gialdi Vini produit ses vins et maintient l\u2019h\u00e9ritage de son savoir entre les deux caves de production dans le Sud et le Nord du Canton. Une des r\u00e9alit\u00e9s plus importantes du Tessin et de Suisse, avec une histoire d\u00e9j\u00e0 confirm\u00e9e et un futur encore \u00e0 \u00e9crire.<\/p>\n\t\t\t\t<\/div>\n\t\t\t<\/div>\n\t\t\t\t\t<div class=\"row\">\n\t\t\t\t\t\t\t<div class=\"col-12 col-md-5 col-xl-4 twocols offset-md-1 offset-xl-2\">\n\t\t\t\t\t\t\t\t\t<\/div>\n\t\t\t\t\t\t\t\t\t\t\t<div class=\"col-12 col-md-5 col-xl-4 twocols\">\n\t\t\t\t\t\t\t\t\t<\/div>\n\t\t\t\t\t\t\t\t\t\t<\/div>\n\t\t\t\t<\/div>\n\t<\/article>\n<\/section>\n\n<section class=\"beside-section\" style=\"background-color:#f8f4ed;\">\n\t<div>\n\t\t<div class=\"beside-content order-md-2 animate-scroll\" data-animations=\"animate__animated animate__fadeInUp delay10\">\n\t\t\t\t\t\t<h3>LA TRADITION CONTINUE<\/h3>\n\t\t\t\t\t\t\t\t\t\t\t\t<p>La Gialdi Vini SA a \u00e9t\u00e9 fond\u00e9e en 1953 par Guglielmo Gialdi et commence son activit\u00e9 en qualit\u00e9 de commerce de vins. En 1984, suite \u00e0 l\u2019achat d\u2019une cave situ\u00e9e au nord du Tessin, l\u2019entreprise d\u00e9bute avec la production de ses propre vins Merlot, production qui au fil des ann\u00e9es se d\u00e9veloppe tant au Nord quant au Sud du Canton avec la vinification de raisins provenant des r\u00e9gions Mendrisiotto et Tre Valli.<\/p>\n<p>La d\u00e9termination de Feliciano Gialdi, fils du fondateur et actuel directeur de l\u2019entreprise, conf\u00e8re de suite un engagement dans la production de vins de haute qualit\u00e9, en \u00e9quipant la cave de la meilleure technologie et en investissant r\u00e9guli\u00e8rement au fil des ann\u00e9es pour se doter des meilleurs moyens de production.<\/p>\n\t\t\t\t\t\t\t\t<\/div><div class=\"beside-image order-md-1\" style=\"background-image:url(https:\/\/shop.gialdi.ch\/wp-content\/uploads\/2021\/07\/tradizione-continua-main.jpg)\"><\/div><\/div>\n<\/section>\n\n\n<section class=\"beside-section mt-0\" style=\"background-color:#f8f4ed;\">\n\t<div>\n\t\t<div class=\"beside-content animate-scroll\" data-animations=\"animate__animated animate__fadeInUp delay10\">\n\t\t\t\t\t\t\t\t\t\t\t\t<p>Tout cela dans le plus grand respect de la territorialit\u00e9 des vins, et en maintenant la tradition pour le vieillissement des pr\u00e9cieux nectars. Les vins m\u00fbrissent dans des barriques fran\u00e7aises log\u00e9es dans de vieilles caves historiques creus\u00e9es dans la roche et qui datent du XX si\u00e8cle, o\u00f9 une temp\u00e9rature stable et un bon \u00e9quilibre entre humidit\u00e9 et ventilation naturelle garantit un vieillissement id\u00e9al aux vins.<\/p>\n<p>Grande importance est donn\u00e9e par Feliciano Gialdi aussi au travail de tous ses collaborateurs, et en particulier \u00e0 son \u00e9quipe de cave et son \u0153nologue Alfred De Martin. La collaboration et la professionnalit\u00e9 de ses fid\u00e8les employ\u00e9s unie au nombreux investissement, ont amen\u00e9 l\u2019entreprise et ses vins \u00e0 s\u2019affirmer comme une des plus importantes caves au niveau Suisse.<\/p>\n\t\t\t\t\t\t\t\t<\/div><div class=\"beside-image\" style=\"background-image:url(https:\/\/shop.gialdi.ch\/wp-content\/uploads\/2021\/07\/tradizione-continua-2.jpg)\"><\/div><\/div>\n<\/section>\n\n\n<section>\n\t<article class=\"section-article\">\n\t\t<div class=\"container\">\n\t\t\t<div class=\"row\">\n\t\t\t\t<div class=\"col-12 col-md-10 col-xl-8 mx-auto\">\n\t\t\t\t\t<h3>UN ENGAGEMENT QUOTIDIEN<\/h3>\n<p>La philosophie de l\u2019entreprise vise \u00e0 valoriser la collaboration avec les viticulteurs qui, avec grande passion et professionnalit\u00e9 cultivent la vigne depuis des g\u00e9n\u00e9rations en respectant l\u2019identit\u00e9 du territoire.<br \/>\nGr\u00e2ce \u00e0 une agriculture soutenable et attentive \u00e0 la sauvegarde du d\u00e9licat \u00e9quilibre hydrog\u00e9ologique visant \u00e0 pr\u00e9server le sol de l\u2019\u00e9rosion et maximiser la r\u00e9serve d\u2019eau dans les terrains, nos viticulteurs nous garantissent des raisins de grande qualit\u00e9 et cultiv\u00e9s dans le respect de la nature et de la biodiversit\u00e9.<\/p>\n<p>Ces familles qui \u0153uvrent avec engagement dans la vigne conf\u00e8rent leurs raisins \u00e0 la cave qui avec grand soin les vinifie et produit ses meilleurs nectars.<br \/>\nEn 2016, la Gialdi Vini a obtenu la certification de qualit\u00e9<strong>\u00a0ISO 22000<\/strong>. Il s\u2019agit d\u2019un contr\u00f4le de qualit\u00e9 visant la gestion de la s\u00e9curit\u00e9 alimentaire, de l\u2019analyse des risques et du contr\u00f4le des points critiques en mati\u00e8re d\u2019hygi\u00e8ne. Ce label requiert la transparence absolue et la pr\u00e9cision maximale pour pouvoir garantir la tra\u00e7abilit\u00e9 des mati\u00e8res premi\u00e8res et de la gestion de la cha\u00eene de production sans risques de contamination. De plus une gestion attentive et pr\u00e9cise pour tout ce qui concerne la partie administrative est n\u00e9cessaire.<\/p>\n<p>&nbsp;<br \/>\n<div style=\"width: 1920px;\" class=\"wp-video\"><video class=\"wp-video-shortcode\" id=\"video-1034-1\" width=\"1920\" height=\"1080\" poster=\"https:\/\/shop.gialdi.ch\/wp-content\/uploads\/2022\/02\/video-cover-scaled-2.jpg\" preload=\"metadata\" controls=\"controls\"><source type=\"video\/mp4\" src=\"https:\/\/shop.gialdi.ch\/wp-content\/uploads\/2022\/02\/gialdi.mp4?_=1\" \/><a href=\"https:\/\/shop.gialdi.ch\/wp-content\/uploads\/2022\/02\/gialdi.mp4\">https:\/\/shop.gialdi.ch\/wp-content\/uploads\/2022\/02\/gialdi.mp4<\/a><\/video><\/div><\/p>\n\t\t\t\t<\/div>\n\t\t\t<\/div>\n\t\t\t\t\t<div class=\"row\">\n\t\t\t\t\t\t\t<div class=\"col-12 col-md-5 col-xl-4 twocols offset-md-1 offset-xl-2\">\n\t\t\t\t\t\t\t\t\t<\/div>\n\t\t\t\t\t\t\t\t\t\t\t<div class=\"col-12 col-md-5 col-xl-4 twocols\">\n\t\t\t\t\t\t\t\t\t<\/div>\n\t\t\t\t\t\t\t\t\t\t<\/div>\n\t\t\t\t<\/div>\n\t<\/article>\n<\/section>","protected":false},"excerpt":{"rendered":"","protected":false},"author":1,"featured_media":0,"parent":0,"menu_order":0,"comment_status":"closed","ping_status":"open","template":"","meta":{"_acf_changed":false,"inline_featured_image":false,"footnotes":""},"class_list":["post-1034","page","type-page","status-publish","hentry"],"acf":[],"yoast_head":"<!-- This site is optimized with the Yoast SEO plugin v27.3 - https:\/\/yoast.com\/product\/yoast-seo-wordpress\/ -->\n<title>La cave - Gialdi Vini shop<\/title>\n<meta name=\"robots\" content=\"index, follow, max-snippet:-1, max-image-preview:large, max-video-preview:-1\" \/>\n<link rel=\"canonical\" href=\"https:\/\/shop.gialdi.ch\/fr\/la-cave\/\" \/>\n<meta property=\"og:locale\" content=\"fr_FR\" \/>\n<meta property=\"og:type\" content=\"article\" \/>\n<meta property=\"og:title\" content=\"La cave - Gialdi Vini shop\" \/>\n<meta property=\"og:url\" content=\"https:\/\/shop.gialdi.ch\/fr\/la-cave\/\" \/>\n<meta property=\"og:site_name\" content=\"Gialdi Vini shop\" \/>\n<meta property=\"article:modified_time\" content=\"2022-02-09T17:01:16+00:00\" \/>\n<meta name=\"twitter:card\" content=\"summary_large_image\" \/>\n<script type=\"application\/ld+json\" class=\"yoast-schema-graph\">{\"@context\":\"https:\\\/\\\/schema.org\",\"@graph\":[{\"@type\":\"WebPage\",\"@id\":\"https:\\\/\\\/shop.gialdi.ch\\\/fr\\\/la-cave\\\/\",\"url\":\"https:\\\/\\\/shop.gialdi.ch\\\/fr\\\/la-cave\\\/\",\"name\":\"La cave - Gialdi Vini shop\",\"isPartOf\":{\"@id\":\"https:\\\/\\\/shop.gialdi.ch\\\/fr\\\/#website\"},\"datePublished\":\"2020-12-15T14:17:05+00:00\",\"dateModified\":\"2022-02-09T17:01:16+00:00\",\"breadcrumb\":{\"@id\":\"https:\\\/\\\/shop.gialdi.ch\\\/fr\\\/la-cave\\\/#breadcrumb\"},\"inLanguage\":\"fr-FR\",\"potentialAction\":[{\"@type\":\"ReadAction\",\"target\":[\"https:\\\/\\\/shop.gialdi.ch\\\/fr\\\/la-cave\\\/\"]}]},{\"@type\":\"BreadcrumbList\",\"@id\":\"https:\\\/\\\/shop.gialdi.ch\\\/fr\\\/la-cave\\\/#breadcrumb\",\"itemListElement\":[{\"@type\":\"ListItem\",\"position\":1,\"name\":\"Home\",\"item\":\"https:\\\/\\\/shop.gialdi.ch\\\/fr\\\/\"},{\"@type\":\"ListItem\",\"position\":2,\"name\":\"La cave\"}]},{\"@type\":\"WebSite\",\"@id\":\"https:\\\/\\\/shop.gialdi.ch\\\/fr\\\/#website\",\"url\":\"https:\\\/\\\/shop.gialdi.ch\\\/fr\\\/\",\"name\":\"Gialdi Vini shop\",\"description\":\"Il meglio della produzione vinicola del Nord e del Sud del Ticino\",\"publisher\":{\"@id\":\"https:\\\/\\\/shop.gialdi.ch\\\/fr\\\/#organization\"},\"potentialAction\":[{\"@type\":\"SearchAction\",\"target\":{\"@type\":\"EntryPoint\",\"urlTemplate\":\"https:\\\/\\\/shop.gialdi.ch\\\/fr\\\/?s={search_term_string}\"},\"query-input\":{\"@type\":\"PropertyValueSpecification\",\"valueRequired\":true,\"valueName\":\"search_term_string\"}}],\"inLanguage\":\"fr-FR\"},{\"@type\":\"Organization\",\"@id\":\"https:\\\/\\\/shop.gialdi.ch\\\/fr\\\/#organization\",\"name\":\"Gialdi Vini SA\",\"url\":\"https:\\\/\\\/shop.gialdi.ch\\\/fr\\\/\",\"logo\":{\"@type\":\"ImageObject\",\"inLanguage\":\"fr-FR\",\"@id\":\"https:\\\/\\\/shop.gialdi.ch\\\/fr\\\/#\\\/schema\\\/logo\\\/image\\\/\",\"url\":\"https:\\\/\\\/shop.gialdi.ch\\\/wp-content\\\/uploads\\\/2020\\\/12\\\/logo-gialdi.png\",\"contentUrl\":\"https:\\\/\\\/shop.gialdi.ch\\\/wp-content\\\/uploads\\\/2020\\\/12\\\/logo-gialdi.png\",\"width\":302,\"height\":152,\"caption\":\"Gialdi Vini SA\"},\"image\":{\"@id\":\"https:\\\/\\\/shop.gialdi.ch\\\/fr\\\/#\\\/schema\\\/logo\\\/image\\\/\"}}]}<\/script>\n<!-- \/ Yoast SEO plugin. -->","yoast_head_json":{"title":"La cave - Gialdi Vini shop","robots":{"index":"index","follow":"follow","max-snippet":"max-snippet:-1","max-image-preview":"max-image-preview:large","max-video-preview":"max-video-preview:-1"},"canonical":"https:\/\/shop.gialdi.ch\/fr\/la-cave\/","og_locale":"fr_FR","og_type":"article","og_title":"La cave - Gialdi Vini shop","og_url":"https:\/\/shop.gialdi.ch\/fr\/la-cave\/","og_site_name":"Gialdi Vini shop","article_modified_time":"2022-02-09T17:01:16+00:00","twitter_card":"summary_large_image","schema":{"@context":"https:\/\/schema.org","@graph":[{"@type":"WebPage","@id":"https:\/\/shop.gialdi.ch\/fr\/la-cave\/","url":"https:\/\/shop.gialdi.ch\/fr\/la-cave\/","name":"La cave - Gialdi Vini shop","isPartOf":{"@id":"https:\/\/shop.gialdi.ch\/fr\/#website"},"datePublished":"2020-12-15T14:17:05+00:00","dateModified":"2022-02-09T17:01:16+00:00","breadcrumb":{"@id":"https:\/\/shop.gialdi.ch\/fr\/la-cave\/#breadcrumb"},"inLanguage":"fr-FR","potentialAction":[{"@type":"ReadAction","target":["https:\/\/shop.gialdi.ch\/fr\/la-cave\/"]}]},{"@type":"BreadcrumbList","@id":"https:\/\/shop.gialdi.ch\/fr\/la-cave\/#breadcrumb","itemListElement":[{"@type":"ListItem","position":1,"name":"Home","item":"https:\/\/shop.gialdi.ch\/fr\/"},{"@type":"ListItem","position":2,"name":"La cave"}]},{"@type":"WebSite","@id":"https:\/\/shop.gialdi.ch\/fr\/#website","url":"https:\/\/shop.gialdi.ch\/fr\/","name":"Gialdi Vini shop","description":"Il meglio della produzione vinicola del Nord e del Sud del Ticino","publisher":{"@id":"https:\/\/shop.gialdi.ch\/fr\/#organization"},"potentialAction":[{"@type":"SearchAction","target":{"@type":"EntryPoint","urlTemplate":"https:\/\/shop.gialdi.ch\/fr\/?s={search_term_string}"},"query-input":{"@type":"PropertyValueSpecification","valueRequired":true,"valueName":"search_term_string"}}],"inLanguage":"fr-FR"},{"@type":"Organization","@id":"https:\/\/shop.gialdi.ch\/fr\/#organization","name":"Gialdi Vini SA","url":"https:\/\/shop.gialdi.ch\/fr\/","logo":{"@type":"ImageObject","inLanguage":"fr-FR","@id":"https:\/\/shop.gialdi.ch\/fr\/#\/schema\/logo\/image\/","url":"https:\/\/shop.gialdi.ch\/wp-content\/uploads\/2020\/12\/logo-gialdi.png","contentUrl":"https:\/\/shop.gialdi.ch\/wp-content\/uploads\/2020\/12\/logo-gialdi.png","width":302,"height":152,"caption":"Gialdi Vini SA"},"image":{"@id":"https:\/\/shop.gialdi.ch\/fr\/#\/schema\/logo\/image\/"}}]}},"_links":{"self":[{"href":"https:\/\/shop.gialdi.ch\/fr\/wp-json\/wp\/v2\/pages\/1034","targetHints":{"allow":["GET"]}}],"collection":[{"href":"https:\/\/shop.gialdi.ch\/fr\/wp-json\/wp\/v2\/pages"}],"about":[{"href":"https:\/\/shop.gialdi.ch\/fr\/wp-json\/wp\/v2\/types\/page"}],"author":[{"embeddable":true,"href":"https:\/\/shop.gialdi.ch\/fr\/wp-json\/wp\/v2\/users\/1"}],"replies":[{"embeddable":true,"href":"https:\/\/shop.gialdi.ch\/fr\/wp-json\/wp\/v2\/comments?post=1034"}],"version-history":[{"count":7,"href":"https:\/\/shop.gialdi.ch\/fr\/wp-json\/wp\/v2\/pages\/1034\/revisions"}],"predecessor-version":[{"id":1624,"href":"https:\/\/shop.gialdi.ch\/fr\/wp-json\/wp\/v2\/pages\/1034\/revisions\/1624"}],"wp:attachment":[{"href":"https:\/\/shop.gialdi.ch\/fr\/wp-json\/wp\/v2\/media?parent=1034"}],"curies":[{"name":"wp","href":"https:\/\/api.w.org\/{rel}","templated":true}]}}