{"id":1205,"date":"2021-02-16T11:54:42","date_gmt":"2021-02-16T10:54:42","guid":{"rendered":"https:\/\/shop.gialdi.ch\/prodotto\/noci-50-cl\/"},"modified":"2026-01-10T18:35:09","modified_gmt":"2026-01-10T17:35:09","slug":"noci-50-cl","status":"publish","type":"product","link":"https:\/\/shop.gialdi.ch\/de\/produkt\/noci-50-cl\/","title":{"rendered":"Noc\u00ec"},"content":{"rendered":"","protected":false},"excerpt":{"rendered":"<p>Lik\u00f6r aus N\u00fcssen<\/p>\n","protected":false},"featured_media":516,"template":"","meta":{"_acf_changed":false,"inline_featured_image":false},"product_brand":[],"product_cat":[87],"product_tag":[],"giftcard-category":[],"class_list":{"0":"post-1205","1":"product","2":"type-product","3":"status-publish","4":"has-post-thumbnail","6":"product_cat-likoere-und-spirituosen","7":"pa_brand-brivio-de","9":"first","10":"instock","11":"taxable","12":"shipping-taxable","13":"purchasable","14":"product-type-simple"},"acf":[],"yoast_head":"<!-- This site is optimized with the Yoast SEO plugin v27.3 - https:\/\/yoast.com\/product\/yoast-seo-wordpress\/ -->\n<title>Noc\u00ec 50cl - Walnuss Lik\u00f6r - Brivio - Gialdi Vini shop<\/title>\n<meta name=\"description\" content=\"Walnuss Lik\u00f6r - 50 cl - Ideal als Abschluss einer Mahlzeit oder zu Desserts und Glace.\" \/>\n<meta name=\"robots\" content=\"index, follow, max-snippet:-1, max-image-preview:large, max-video-preview:-1\" \/>\n<link rel=\"canonical\" href=\"https:\/\/shop.gialdi.ch\/de\/produkt\/noci-50-cl\/\" \/>\n<meta property=\"og:locale\" content=\"de_DE\" \/>\n<meta property=\"og:type\" content=\"article\" \/>\n<meta property=\"og:title\" content=\"Noc\u00ec 50cl - Liquore a base di noci - Brivio - Gialdi Vini shop\" \/>\n<meta property=\"og:description\" content=\"Liquore a base di noci, nocino del Ticino - 50 cl. - Brivio\" \/>\n<meta property=\"og:url\" content=\"https:\/\/shop.gialdi.ch\/de\/produkt\/noci-50-cl\/\" \/>\n<meta property=\"og:site_name\" content=\"Gialdi Vini shop\" \/>\n<meta property=\"article:modified_time\" content=\"2026-01-10T17:35:09+00:00\" \/>\n<meta property=\"og:image\" content=\"http:\/\/shop.gialdi.ch\/wp-content\/uploads\/2021\/02\/brivio-noci-liquore.png\" \/>\n<meta name=\"twitter:card\" content=\"summary_large_image\" \/>\n<meta name=\"twitter:title\" content=\"Noc\u00ec 50cl - Liquore a base di noci - Brivio - Gialdi Vini shop\" \/>\n<meta name=\"twitter:description\" content=\"Liquore a base di noci, nocino del Ticino - 50 cl. - Brivio\" \/>\n<meta name=\"twitter:image\" content=\"http:\/\/shop.gialdi.ch\/wp-content\/uploads\/2021\/02\/brivio-noci-liquore.png\" \/>\n<script type=\"application\/ld+json\" class=\"yoast-schema-graph\">{\"@context\":\"https:\\\/\\\/schema.org\",\"@graph\":[{\"@type\":\"WebPage\",\"@id\":\"https:\\\/\\\/shop.gialdi.ch\\\/de\\\/produkt\\\/noci-50-cl\\\/\",\"url\":\"https:\\\/\\\/shop.gialdi.ch\\\/de\\\/produkt\\\/noci-50-cl\\\/\",\"name\":\"Noc\u00ec 50cl - Walnuss Lik\u00f6r - Brivio - Gialdi Vini shop\",\"isPartOf\":{\"@id\":\"https:\\\/\\\/shop.gialdi.ch\\\/de\\\/#website\"},\"primaryImageOfPage\":{\"@id\":\"https:\\\/\\\/shop.gialdi.ch\\\/de\\\/produkt\\\/noci-50-cl\\\/#primaryimage\"},\"image\":{\"@id\":\"https:\\\/\\\/shop.gialdi.ch\\\/de\\\/produkt\\\/noci-50-cl\\\/#primaryimage\"},\"thumbnailUrl\":\"https:\\\/\\\/shop.gialdi.ch\\\/wp-content\\\/uploads\\\/2021\\\/02\\\/brivio-noci-liquore.png\",\"datePublished\":\"2021-02-16T10:54:42+00:00\",\"dateModified\":\"2026-01-10T17:35:09+00:00\",\"description\":\"Walnuss Lik\u00f6r - 50 cl - Ideal als Abschluss einer Mahlzeit oder zu Desserts und Glace.\",\"breadcrumb\":{\"@id\":\"https:\\\/\\\/shop.gialdi.ch\\\/de\\\/produkt\\\/noci-50-cl\\\/#breadcrumb\"},\"inLanguage\":\"de\",\"potentialAction\":[{\"@type\":\"ReadAction\",\"target\":[\"https:\\\/\\\/shop.gialdi.ch\\\/de\\\/produkt\\\/noci-50-cl\\\/\"]}]},{\"@type\":\"ImageObject\",\"inLanguage\":\"de\",\"@id\":\"https:\\\/\\\/shop.gialdi.ch\\\/de\\\/produkt\\\/noci-50-cl\\\/#primaryimage\",\"url\":\"https:\\\/\\\/shop.gialdi.ch\\\/wp-content\\\/uploads\\\/2021\\\/02\\\/brivio-noci-liquore.png\",\"contentUrl\":\"https:\\\/\\\/shop.gialdi.ch\\\/wp-content\\\/uploads\\\/2021\\\/02\\\/brivio-noci-liquore.png\",\"width\":627,\"height\":2184,\"caption\":\"Liquore Noc\u00ec - Brivio\"},{\"@type\":\"BreadcrumbList\",\"@id\":\"https:\\\/\\\/shop.gialdi.ch\\\/de\\\/produkt\\\/noci-50-cl\\\/#breadcrumb\",\"itemListElement\":[{\"@type\":\"ListItem\",\"position\":1,\"name\":\"Home\",\"item\":\"https:\\\/\\\/shop.gialdi.ch\\\/de\\\/\"},{\"@type\":\"ListItem\",\"position\":2,\"name\":\"Shop\",\"item\":\"https:\\\/\\\/shop.gialdi.ch\\\/de\\\/\"},{\"@type\":\"ListItem\",\"position\":3,\"name\":\"Lik\u00f6re und Spirituosen\",\"item\":\"https:\\\/\\\/shop.gialdi.ch\\\/de\\\/produktkategorie\\\/likoere-und-spirituosen\\\/\"},{\"@type\":\"ListItem\",\"position\":4,\"name\":\"Noc\u00ec\"}]},{\"@type\":\"WebSite\",\"@id\":\"https:\\\/\\\/shop.gialdi.ch\\\/de\\\/#website\",\"url\":\"https:\\\/\\\/shop.gialdi.ch\\\/de\\\/\",\"name\":\"Gialdi Vini shop\",\"description\":\"Il meglio della produzione vinicola del Nord e del Sud del Ticino\",\"publisher\":{\"@id\":\"https:\\\/\\\/shop.gialdi.ch\\\/de\\\/#organization\"},\"potentialAction\":[{\"@type\":\"SearchAction\",\"target\":{\"@type\":\"EntryPoint\",\"urlTemplate\":\"https:\\\/\\\/shop.gialdi.ch\\\/de\\\/?s={search_term_string}\"},\"query-input\":{\"@type\":\"PropertyValueSpecification\",\"valueRequired\":true,\"valueName\":\"search_term_string\"}}],\"inLanguage\":\"de\"},{\"@type\":\"Organization\",\"@id\":\"https:\\\/\\\/shop.gialdi.ch\\\/de\\\/#organization\",\"name\":\"Gialdi Vini SA\",\"url\":\"https:\\\/\\\/shop.gialdi.ch\\\/de\\\/\",\"logo\":{\"@type\":\"ImageObject\",\"inLanguage\":\"de\",\"@id\":\"https:\\\/\\\/shop.gialdi.ch\\\/de\\\/#\\\/schema\\\/logo\\\/image\\\/\",\"url\":\"https:\\\/\\\/shop.gialdi.ch\\\/wp-content\\\/uploads\\\/2020\\\/12\\\/logo-gialdi.png\",\"contentUrl\":\"https:\\\/\\\/shop.gialdi.ch\\\/wp-content\\\/uploads\\\/2020\\\/12\\\/logo-gialdi.png\",\"width\":302,\"height\":152,\"caption\":\"Gialdi Vini SA\"},\"image\":{\"@id\":\"https:\\\/\\\/shop.gialdi.ch\\\/de\\\/#\\\/schema\\\/logo\\\/image\\\/\"}}]}<\/script>\n<!-- \/ Yoast SEO plugin. -->","yoast_head_json":{"title":"Noc\u00ec 50cl - Walnuss Lik\u00f6r - Brivio - Gialdi Vini shop","description":"Walnuss Lik\u00f6r - 50 cl - Ideal als Abschluss einer Mahlzeit oder zu Desserts und Glace.","robots":{"index":"index","follow":"follow","max-snippet":"max-snippet:-1","max-image-preview":"max-image-preview:large","max-video-preview":"max-video-preview:-1"},"canonical":"https:\/\/shop.gialdi.ch\/de\/produkt\/noci-50-cl\/","og_locale":"de_DE","og_type":"article","og_title":"Noc\u00ec 50cl - Liquore a base di noci - Brivio - Gialdi Vini shop","og_description":"Liquore a base di noci, nocino del Ticino - 50 cl. - Brivio","og_url":"https:\/\/shop.gialdi.ch\/de\/produkt\/noci-50-cl\/","og_site_name":"Gialdi Vini shop","article_modified_time":"2026-01-10T17:35:09+00:00","og_image":[{"url":"http:\/\/shop.gialdi.ch\/wp-content\/uploads\/2021\/02\/brivio-noci-liquore.png","type":"","width":"","height":""}],"twitter_card":"summary_large_image","twitter_title":"Noc\u00ec 50cl - Liquore a base di noci - Brivio - Gialdi Vini shop","twitter_description":"Liquore a base di noci, nocino del Ticino - 50 cl. - Brivio","twitter_image":"http:\/\/shop.gialdi.ch\/wp-content\/uploads\/2021\/02\/brivio-noci-liquore.png","schema":{"@context":"https:\/\/schema.org","@graph":[{"@type":"WebPage","@id":"https:\/\/shop.gialdi.ch\/de\/produkt\/noci-50-cl\/","url":"https:\/\/shop.gialdi.ch\/de\/produkt\/noci-50-cl\/","name":"Noc\u00ec 50cl - Walnuss Lik\u00f6r - Brivio - Gialdi Vini shop","isPartOf":{"@id":"https:\/\/shop.gialdi.ch\/de\/#website"},"primaryImageOfPage":{"@id":"https:\/\/shop.gialdi.ch\/de\/produkt\/noci-50-cl\/#primaryimage"},"image":{"@id":"https:\/\/shop.gialdi.ch\/de\/produkt\/noci-50-cl\/#primaryimage"},"thumbnailUrl":"https:\/\/shop.gialdi.ch\/wp-content\/uploads\/2021\/02\/brivio-noci-liquore.png","datePublished":"2021-02-16T10:54:42+00:00","dateModified":"2026-01-10T17:35:09+00:00","description":"Walnuss Lik\u00f6r - 50 cl - Ideal als Abschluss einer Mahlzeit oder zu Desserts und Glace.","breadcrumb":{"@id":"https:\/\/shop.gialdi.ch\/de\/produkt\/noci-50-cl\/#breadcrumb"},"inLanguage":"de","potentialAction":[{"@type":"ReadAction","target":["https:\/\/shop.gialdi.ch\/de\/produkt\/noci-50-cl\/"]}]},{"@type":"ImageObject","inLanguage":"de","@id":"https:\/\/shop.gialdi.ch\/de\/produkt\/noci-50-cl\/#primaryimage","url":"https:\/\/shop.gialdi.ch\/wp-content\/uploads\/2021\/02\/brivio-noci-liquore.png","contentUrl":"https:\/\/shop.gialdi.ch\/wp-content\/uploads\/2021\/02\/brivio-noci-liquore.png","width":627,"height":2184,"caption":"Liquore Noc\u00ec - Brivio"},{"@type":"BreadcrumbList","@id":"https:\/\/shop.gialdi.ch\/de\/produkt\/noci-50-cl\/#breadcrumb","itemListElement":[{"@type":"ListItem","position":1,"name":"Home","item":"https:\/\/shop.gialdi.ch\/de\/"},{"@type":"ListItem","position":2,"name":"Shop","item":"https:\/\/shop.gialdi.ch\/de\/"},{"@type":"ListItem","position":3,"name":"Lik\u00f6re und Spirituosen","item":"https:\/\/shop.gialdi.ch\/de\/produktkategorie\/likoere-und-spirituosen\/"},{"@type":"ListItem","position":4,"name":"Noc\u00ec"}]},{"@type":"WebSite","@id":"https:\/\/shop.gialdi.ch\/de\/#website","url":"https:\/\/shop.gialdi.ch\/de\/","name":"Gialdi Vini shop","description":"Il meglio della produzione vinicola del Nord e del Sud del Ticino","publisher":{"@id":"https:\/\/shop.gialdi.ch\/de\/#organization"},"potentialAction":[{"@type":"SearchAction","target":{"@type":"EntryPoint","urlTemplate":"https:\/\/shop.gialdi.ch\/de\/?s={search_term_string}"},"query-input":{"@type":"PropertyValueSpecification","valueRequired":true,"valueName":"search_term_string"}}],"inLanguage":"de"},{"@type":"Organization","@id":"https:\/\/shop.gialdi.ch\/de\/#organization","name":"Gialdi Vini SA","url":"https:\/\/shop.gialdi.ch\/de\/","logo":{"@type":"ImageObject","inLanguage":"de","@id":"https:\/\/shop.gialdi.ch\/de\/#\/schema\/logo\/image\/","url":"https:\/\/shop.gialdi.ch\/wp-content\/uploads\/2020\/12\/logo-gialdi.png","contentUrl":"https:\/\/shop.gialdi.ch\/wp-content\/uploads\/2020\/12\/logo-gialdi.png","width":302,"height":152,"caption":"Gialdi Vini SA"},"image":{"@id":"https:\/\/shop.gialdi.ch\/de\/#\/schema\/logo\/image\/"}}]}},"_links":{"self":[{"href":"https:\/\/shop.gialdi.ch\/de\/wp-json\/wp\/v2\/product\/1205","targetHints":{"allow":["GET"]}}],"collection":[{"href":"https:\/\/shop.gialdi.ch\/de\/wp-json\/wp\/v2\/product"}],"about":[{"href":"https:\/\/shop.gialdi.ch\/de\/wp-json\/wp\/v2\/types\/product"}],"wp:featuredmedia":[{"embeddable":true,"href":"https:\/\/shop.gialdi.ch\/de\/wp-json\/wp\/v2\/media\/516"}],"wp:attachment":[{"href":"https:\/\/shop.gialdi.ch\/de\/wp-json\/wp\/v2\/media?parent=1205"}],"wp:term":[{"taxonomy":"product_brand","embeddable":true,"href":"https:\/\/shop.gialdi.ch\/de\/wp-json\/wp\/v2\/product_brand?post=1205"},{"taxonomy":"product_cat","embeddable":true,"href":"https:\/\/shop.gialdi.ch\/de\/wp-json\/wp\/v2\/product_cat?post=1205"},{"taxonomy":"product_tag","embeddable":true,"href":"https:\/\/shop.gialdi.ch\/de\/wp-json\/wp\/v2\/product_tag?post=1205"},{"taxonomy":"giftcard-category","embeddable":true,"href":"https:\/\/shop.gialdi.ch\/de\/wp-json\/wp\/v2\/giftcard-category?post=1205"}],"curies":[{"name":"wp","href":"https:\/\/api.w.org\/{rel}","templated":true}]}}