{"id":1190,"date":"2021-02-16T12:58:42","date_gmt":"2021-02-16T11:58:42","guid":{"rendered":"https:\/\/shop.gialdi.ch\/prodotto\/platinum-150-cl\/"},"modified":"2025-12-26T18:21:02","modified_gmt":"2025-12-26T17:21:02","slug":"platinum-150-cl","status":"publish","type":"product","link":"https:\/\/shop.gialdi.ch\/de\/produkt\/platinum-150-cl\/","title":{"rendered":"Platinum"},"content":{"rendered":"","protected":false},"excerpt":{"rendered":"<p>Ticino DOC Merlot<\/p>\n","protected":false},"featured_media":537,"template":"","meta":{"_acf_changed":false,"inline_featured_image":false},"product_brand":[],"product_cat":[75],"product_tag":[],"giftcard-category":[],"class_list":{"0":"post-1190","1":"product","2":"type-product","3":"status-publish","4":"has-post-thumbnail","6":"product_cat-rote","7":"pa_brand-brivio-de","9":"first","10":"instock","11":"taxable","12":"shipping-taxable","13":"purchasable","14":"product-type-simple"},"acf":[],"yoast_head":"<!-- This site is optimized with the Yoast SEO plugin v27.3 - https:\/\/yoast.com\/product\/yoast-seo-wordpress\/ -->\n<title>Platinum 150cl - Rotwein - Ticino DOC Merlot - Gialdi Vini shop<\/title>\n<meta name=\"description\" content=\"Kraftvoll und doch weich und elegant mit reifen, samtigen Tanninen von ausgezeichneter Quantit\u00e4t und Qualit\u00e4t. Ein sehr best\u00e4ndiger Platinum mit einer ausgezeichneten Struktur, der noch lange reifen wird und schon jetzt voll zu genie\u00dfen ist.\" \/>\n<meta name=\"robots\" content=\"index, follow, max-snippet:-1, max-image-preview:large, max-video-preview:-1\" \/>\n<link rel=\"canonical\" href=\"https:\/\/shop.gialdi.ch\/de\/produkt\/platinum-150-cl\/\" \/>\n<meta property=\"og:locale\" content=\"de_DE\" \/>\n<meta property=\"og:type\" content=\"article\" \/>\n<meta property=\"og:title\" content=\"Platinum 150cl - Vino Rosso - Ticino DOC di Merlot - Gialdi Vini shop\" \/>\n<meta property=\"og:description\" content=\"Attacco morbido e pieno, potente ma nello stesso tempo fine ed elegante. Corposo, di grandissima struttura con tannini maturi e dolci.\" \/>\n<meta property=\"og:url\" content=\"https:\/\/shop.gialdi.ch\/de\/produkt\/platinum-150-cl\/\" \/>\n<meta property=\"og:site_name\" content=\"Gialdi Vini shop\" \/>\n<meta property=\"article:modified_time\" content=\"2025-12-26T17:21:02+00:00\" \/>\n<meta property=\"og:image\" content=\"http:\/\/shop.gialdi.ch\/wp-content\/uploads\/2021\/02\/brivio-platinum-2013.png\" \/>\n<meta name=\"twitter:card\" content=\"summary_large_image\" \/>\n<meta name=\"twitter:title\" content=\"Platinum 150cl - Vino Rosso - Ticino DOC di Merlot - Gialdi Vini shop\" \/>\n<meta name=\"twitter:description\" content=\"Attacco morbido e pieno, potente ma nello stesso tempo fine ed elegante. Corposo, di grandissima struttura con tannini maturi e dolci.\" \/>\n<meta name=\"twitter:image\" content=\"http:\/\/shop.gialdi.ch\/wp-content\/uploads\/2021\/02\/brivio-platinum-2013.png\" \/>\n<meta name=\"twitter:label1\" content=\"Gesch\u00e4tzte Lesezeit\" \/>\n\t<meta name=\"twitter:data1\" content=\"1\u00a0Minute\" \/>\n<script type=\"application\/ld+json\" class=\"yoast-schema-graph\">{\"@context\":\"https:\\\/\\\/schema.org\",\"@graph\":[{\"@type\":\"WebPage\",\"@id\":\"https:\\\/\\\/shop.gialdi.ch\\\/de\\\/produkt\\\/platinum-150-cl\\\/\",\"url\":\"https:\\\/\\\/shop.gialdi.ch\\\/de\\\/produkt\\\/platinum-150-cl\\\/\",\"name\":\"Platinum 150cl - Rotwein - Ticino DOC Merlot - Gialdi Vini shop\",\"isPartOf\":{\"@id\":\"https:\\\/\\\/shop.gialdi.ch\\\/de\\\/#website\"},\"primaryImageOfPage\":{\"@id\":\"https:\\\/\\\/shop.gialdi.ch\\\/de\\\/produkt\\\/platinum-150-cl\\\/#primaryimage\"},\"image\":{\"@id\":\"https:\\\/\\\/shop.gialdi.ch\\\/de\\\/produkt\\\/platinum-150-cl\\\/#primaryimage\"},\"thumbnailUrl\":\"https:\\\/\\\/shop.gialdi.ch\\\/wp-content\\\/uploads\\\/2021\\\/02\\\/brivio-platinum-2013.png\",\"datePublished\":\"2021-02-16T11:58:42+00:00\",\"dateModified\":\"2025-12-26T17:21:02+00:00\",\"description\":\"Kraftvoll und doch weich und elegant mit reifen, samtigen Tanninen von ausgezeichneter Quantit\u00e4t und Qualit\u00e4t. Ein sehr best\u00e4ndiger Platinum mit einer ausgezeichneten Struktur, der noch lange reifen wird und schon jetzt voll zu genie\u00dfen ist.\",\"breadcrumb\":{\"@id\":\"https:\\\/\\\/shop.gialdi.ch\\\/de\\\/produkt\\\/platinum-150-cl\\\/#breadcrumb\"},\"inLanguage\":\"de\",\"potentialAction\":[{\"@type\":\"ReadAction\",\"target\":[\"https:\\\/\\\/shop.gialdi.ch\\\/de\\\/produkt\\\/platinum-150-cl\\\/\"]}]},{\"@type\":\"ImageObject\",\"inLanguage\":\"de\",\"@id\":\"https:\\\/\\\/shop.gialdi.ch\\\/de\\\/produkt\\\/platinum-150-cl\\\/#primaryimage\",\"url\":\"https:\\\/\\\/shop.gialdi.ch\\\/wp-content\\\/uploads\\\/2021\\\/02\\\/brivio-platinum-2013.png\",\"contentUrl\":\"https:\\\/\\\/shop.gialdi.ch\\\/wp-content\\\/uploads\\\/2021\\\/02\\\/brivio-platinum-2013.png\",\"width\":1727,\"height\":4727,\"caption\":\"Platinum - Ticino DOC Merlot - 2013 - Brivio\"},{\"@type\":\"BreadcrumbList\",\"@id\":\"https:\\\/\\\/shop.gialdi.ch\\\/de\\\/produkt\\\/platinum-150-cl\\\/#breadcrumb\",\"itemListElement\":[{\"@type\":\"ListItem\",\"position\":1,\"name\":\"Home\",\"item\":\"https:\\\/\\\/shop.gialdi.ch\\\/de\\\/\"},{\"@type\":\"ListItem\",\"position\":2,\"name\":\"Shop\",\"item\":\"https:\\\/\\\/shop.gialdi.ch\\\/de\\\/\"},{\"@type\":\"ListItem\",\"position\":3,\"name\":\"Rote\",\"item\":\"https:\\\/\\\/shop.gialdi.ch\\\/de\\\/produktkategorie\\\/rote\\\/\"},{\"@type\":\"ListItem\",\"position\":4,\"name\":\"Platinum\"}]},{\"@type\":\"WebSite\",\"@id\":\"https:\\\/\\\/shop.gialdi.ch\\\/de\\\/#website\",\"url\":\"https:\\\/\\\/shop.gialdi.ch\\\/de\\\/\",\"name\":\"Gialdi Vini shop\",\"description\":\"Il meglio della produzione vinicola del Nord e del Sud del Ticino\",\"publisher\":{\"@id\":\"https:\\\/\\\/shop.gialdi.ch\\\/de\\\/#organization\"},\"potentialAction\":[{\"@type\":\"SearchAction\",\"target\":{\"@type\":\"EntryPoint\",\"urlTemplate\":\"https:\\\/\\\/shop.gialdi.ch\\\/de\\\/?s={search_term_string}\"},\"query-input\":{\"@type\":\"PropertyValueSpecification\",\"valueRequired\":true,\"valueName\":\"search_term_string\"}}],\"inLanguage\":\"de\"},{\"@type\":\"Organization\",\"@id\":\"https:\\\/\\\/shop.gialdi.ch\\\/de\\\/#organization\",\"name\":\"Gialdi Vini SA\",\"url\":\"https:\\\/\\\/shop.gialdi.ch\\\/de\\\/\",\"logo\":{\"@type\":\"ImageObject\",\"inLanguage\":\"de\",\"@id\":\"https:\\\/\\\/shop.gialdi.ch\\\/de\\\/#\\\/schema\\\/logo\\\/image\\\/\",\"url\":\"https:\\\/\\\/shop.gialdi.ch\\\/wp-content\\\/uploads\\\/2020\\\/12\\\/logo-gialdi.png\",\"contentUrl\":\"https:\\\/\\\/shop.gialdi.ch\\\/wp-content\\\/uploads\\\/2020\\\/12\\\/logo-gialdi.png\",\"width\":302,\"height\":152,\"caption\":\"Gialdi Vini SA\"},\"image\":{\"@id\":\"https:\\\/\\\/shop.gialdi.ch\\\/de\\\/#\\\/schema\\\/logo\\\/image\\\/\"}}]}<\/script>\n<!-- \/ Yoast SEO plugin. -->","yoast_head_json":{"title":"Platinum 150cl - Rotwein - Ticino DOC Merlot - Gialdi Vini shop","description":"Kraftvoll und doch weich und elegant mit reifen, samtigen Tanninen von ausgezeichneter Quantit\u00e4t und Qualit\u00e4t. Ein sehr best\u00e4ndiger Platinum mit einer ausgezeichneten Struktur, der noch lange reifen wird und schon jetzt voll zu genie\u00dfen ist.","robots":{"index":"index","follow":"follow","max-snippet":"max-snippet:-1","max-image-preview":"max-image-preview:large","max-video-preview":"max-video-preview:-1"},"canonical":"https:\/\/shop.gialdi.ch\/de\/produkt\/platinum-150-cl\/","og_locale":"de_DE","og_type":"article","og_title":"Platinum 150cl - Vino Rosso - Ticino DOC di Merlot - Gialdi Vini shop","og_description":"Attacco morbido e pieno, potente ma nello stesso tempo fine ed elegante. Corposo, di grandissima struttura con tannini maturi e dolci.","og_url":"https:\/\/shop.gialdi.ch\/de\/produkt\/platinum-150-cl\/","og_site_name":"Gialdi Vini shop","article_modified_time":"2025-12-26T17:21:02+00:00","og_image":[{"url":"http:\/\/shop.gialdi.ch\/wp-content\/uploads\/2021\/02\/brivio-platinum-2013.png","type":"","width":"","height":""}],"twitter_card":"summary_large_image","twitter_title":"Platinum 150cl - Vino Rosso - Ticino DOC di Merlot - Gialdi Vini shop","twitter_description":"Attacco morbido e pieno, potente ma nello stesso tempo fine ed elegante. Corposo, di grandissima struttura con tannini maturi e dolci.","twitter_image":"http:\/\/shop.gialdi.ch\/wp-content\/uploads\/2021\/02\/brivio-platinum-2013.png","twitter_misc":{"Gesch\u00e4tzte Lesezeit":"1\u00a0Minute"},"schema":{"@context":"https:\/\/schema.org","@graph":[{"@type":"WebPage","@id":"https:\/\/shop.gialdi.ch\/de\/produkt\/platinum-150-cl\/","url":"https:\/\/shop.gialdi.ch\/de\/produkt\/platinum-150-cl\/","name":"Platinum 150cl - Rotwein - Ticino DOC Merlot - Gialdi Vini shop","isPartOf":{"@id":"https:\/\/shop.gialdi.ch\/de\/#website"},"primaryImageOfPage":{"@id":"https:\/\/shop.gialdi.ch\/de\/produkt\/platinum-150-cl\/#primaryimage"},"image":{"@id":"https:\/\/shop.gialdi.ch\/de\/produkt\/platinum-150-cl\/#primaryimage"},"thumbnailUrl":"https:\/\/shop.gialdi.ch\/wp-content\/uploads\/2021\/02\/brivio-platinum-2013.png","datePublished":"2021-02-16T11:58:42+00:00","dateModified":"2025-12-26T17:21:02+00:00","description":"Kraftvoll und doch weich und elegant mit reifen, samtigen Tanninen von ausgezeichneter Quantit\u00e4t und Qualit\u00e4t. Ein sehr best\u00e4ndiger Platinum mit einer ausgezeichneten Struktur, der noch lange reifen wird und schon jetzt voll zu genie\u00dfen ist.","breadcrumb":{"@id":"https:\/\/shop.gialdi.ch\/de\/produkt\/platinum-150-cl\/#breadcrumb"},"inLanguage":"de","potentialAction":[{"@type":"ReadAction","target":["https:\/\/shop.gialdi.ch\/de\/produkt\/platinum-150-cl\/"]}]},{"@type":"ImageObject","inLanguage":"de","@id":"https:\/\/shop.gialdi.ch\/de\/produkt\/platinum-150-cl\/#primaryimage","url":"https:\/\/shop.gialdi.ch\/wp-content\/uploads\/2021\/02\/brivio-platinum-2013.png","contentUrl":"https:\/\/shop.gialdi.ch\/wp-content\/uploads\/2021\/02\/brivio-platinum-2013.png","width":1727,"height":4727,"caption":"Platinum - Ticino DOC Merlot - 2013 - Brivio"},{"@type":"BreadcrumbList","@id":"https:\/\/shop.gialdi.ch\/de\/produkt\/platinum-150-cl\/#breadcrumb","itemListElement":[{"@type":"ListItem","position":1,"name":"Home","item":"https:\/\/shop.gialdi.ch\/de\/"},{"@type":"ListItem","position":2,"name":"Shop","item":"https:\/\/shop.gialdi.ch\/de\/"},{"@type":"ListItem","position":3,"name":"Rote","item":"https:\/\/shop.gialdi.ch\/de\/produktkategorie\/rote\/"},{"@type":"ListItem","position":4,"name":"Platinum"}]},{"@type":"WebSite","@id":"https:\/\/shop.gialdi.ch\/de\/#website","url":"https:\/\/shop.gialdi.ch\/de\/","name":"Gialdi Vini shop","description":"Il meglio della produzione vinicola del Nord e del Sud del Ticino","publisher":{"@id":"https:\/\/shop.gialdi.ch\/de\/#organization"},"potentialAction":[{"@type":"SearchAction","target":{"@type":"EntryPoint","urlTemplate":"https:\/\/shop.gialdi.ch\/de\/?s={search_term_string}"},"query-input":{"@type":"PropertyValueSpecification","valueRequired":true,"valueName":"search_term_string"}}],"inLanguage":"de"},{"@type":"Organization","@id":"https:\/\/shop.gialdi.ch\/de\/#organization","name":"Gialdi Vini SA","url":"https:\/\/shop.gialdi.ch\/de\/","logo":{"@type":"ImageObject","inLanguage":"de","@id":"https:\/\/shop.gialdi.ch\/de\/#\/schema\/logo\/image\/","url":"https:\/\/shop.gialdi.ch\/wp-content\/uploads\/2020\/12\/logo-gialdi.png","contentUrl":"https:\/\/shop.gialdi.ch\/wp-content\/uploads\/2020\/12\/logo-gialdi.png","width":302,"height":152,"caption":"Gialdi Vini SA"},"image":{"@id":"https:\/\/shop.gialdi.ch\/de\/#\/schema\/logo\/image\/"}}]}},"_links":{"self":[{"href":"https:\/\/shop.gialdi.ch\/de\/wp-json\/wp\/v2\/product\/1190","targetHints":{"allow":["GET"]}}],"collection":[{"href":"https:\/\/shop.gialdi.ch\/de\/wp-json\/wp\/v2\/product"}],"about":[{"href":"https:\/\/shop.gialdi.ch\/de\/wp-json\/wp\/v2\/types\/product"}],"wp:featuredmedia":[{"embeddable":true,"href":"https:\/\/shop.gialdi.ch\/de\/wp-json\/wp\/v2\/media\/537"}],"wp:attachment":[{"href":"https:\/\/shop.gialdi.ch\/de\/wp-json\/wp\/v2\/media?parent=1190"}],"wp:term":[{"taxonomy":"product_brand","embeddable":true,"href":"https:\/\/shop.gialdi.ch\/de\/wp-json\/wp\/v2\/product_brand?post=1190"},{"taxonomy":"product_cat","embeddable":true,"href":"https:\/\/shop.gialdi.ch\/de\/wp-json\/wp\/v2\/product_cat?post=1190"},{"taxonomy":"product_tag","embeddable":true,"href":"https:\/\/shop.gialdi.ch\/de\/wp-json\/wp\/v2\/product_tag?post=1190"},{"taxonomy":"giftcard-category","embeddable":true,"href":"https:\/\/shop.gialdi.ch\/de\/wp-json\/wp\/v2\/giftcard-category?post=1190"}],"curies":[{"name":"wp","href":"https:\/\/api.w.org\/{rel}","templated":true}]}}