{"id":950,"date":"2021-02-11T14:45:29","date_gmt":"2021-02-11T13:45:29","guid":{"rendered":"https:\/\/shop.gialdi.ch\/cookies\/"},"modified":"2022-02-11T17:37:09","modified_gmt":"2022-02-11T16:37:09","slug":"cookies","status":"publish","type":"page","link":"https:\/\/shop.gialdi.ch\/de\/cookies\/","title":{"rendered":"Cookie policy"},"content":{"rendered":"<section class=\"section-title\">\n\t<article class=\"section-article\">\n\t\t<div class=\"container\">\n\t\t\t<div class=\"row\">\n\t\t\t\t<div class=\"col-12 col-md-10 col-xl-8 mx-auto\">\n\t\t\t\t\t\t\t\t\t\t<h1>Cookie policy<\/h1>\n\t\t\t\t\t\t\t\t\t\t\t\t\t\t\t<h2>Gialdi Vini SA ist bestrebt, Ihnen w\u00e4hrend Ihres Besuchs auf der Website ein optimales Online-Erlebnis zu bieten. Aus diesem Grund verwendet sie einige Arten von Cookies in \u00dcbereinstimmung mit dem geltenden Recht. Die Angelegenheit wird insbesondere durch die europ\u00e4ische Richtlinie 2002\/58 \/EG geregelt, die sp\u00e4ter durch die Richtlinie 2009\/136 \/EG ge\u00e4ndert und durch die nationalen Gesetzgebungen der Mitgliedstaaten der Europ\u00e4ischen Union umgesetzt wurde, die vorschreibt, dass der Nutzer \u00fcber die Verwendung von Cookies und \u00e4hnlichen Technologien informiert werden muss und seine Zustimmung einholen muss.\r\n<\/h2>\n\t\t\t\t\t\t\t\t\t\t\t\t\t\t\t<hr style=\"#BD9E55\">\n\t\t\t\t\t\t\t\t\t<\/div>\n\t\t\t<\/div>\n\t\t<\/div>\n\t<\/article>\n<\/section>\n\n<section class=\"mt-40\">\n\t<article class=\"section-article\">\n\t\t<div class=\"container\">\n\t\t\t<div class=\"row\">\n\t\t\t\t<div class=\"col-12 col-md-10 col-xl-8 mx-auto\">\n\t\t\t\t\t<p>Diese Cookie-Richtlinie bezieht sich ausschlie\u00dflich auf die Website https:\/\/shop.gialdi.ch (&#8222;Website&#8220;) und ist als integraler Bestandteil der dortigen <a href=\"https:\/\/shop.gialdi.ch\/de\/datenschutzrichtlinie\/\">Datenschutzrichtlinie<\/a> zu verstehen.<\/p>\n<h4>Warum cookies verwenden<\/h4>\n<p>Es gibt verschiedene Arten von Cookies mit unterschiedlichen Merkmalen und Funktionen: Diese k\u00f6nnen f\u00fcr unterschiedliche Zeitr\u00e4ume auf dem Computer oder dem mobilen Ger\u00e4t des Nutzers verbleiben: so genannte Session-Cookies, die automatisch gel\u00f6scht werden, wenn der Browser geschlossen wird; so genannte dauerhafte Cookies, die bis zu einem vorher festgelegten Ablaufdatum auf dem Ger\u00e4t des Nutzers verbleiben.<\/p>\n<p>Die Cookies werden verwendet, um die Navigation innerhalb der Website und ihre korrekte Nutzung zu erleichtern sowie zu statistischen Zwecken, um zu wissen, welche Bereiche der Website besucht wurden, und um Verbesserungen und Aktualisierungen auf der Grundlage des Nutzungsverhaltens vorzunehmen. Die auf dieser Website verwendeten Cookies erm\u00f6glichen nicht die Erfassung personenbezogener Daten zur Identifizierung der Nutzer\/Besucher. Der Nutzer kann also auf der Website surfen, ohne pers\u00f6nliche Daten zu \u00fcbermitteln.<\/p>\n<h4>Arten von cookies<\/h4>\n<p><strong>Session-Cookie<\/strong> &#8211; befindet sich im Speicher des Computers des Nutzers und wird gel\u00f6scht, wenn der Browser geschlossen wird. Ihre Verwendung ist streng auf die \u00dcbermittlung von Sitzungskennungen beschr\u00e4nkt, die aus vom Server generierten Zufallszahlen bestehen und f\u00fcr eine sichere und effiziente Erkundung der Website erforderlich sind.<br \/>\nF\u00fcr \u00dcberwachungszwecke, Webstatistiken und Werbeaktivit\u00e4ten verwenden wir Tools, die Cookies einsetzen, wie z.B.:<\/p>\n<ul>\n<li>Google AdWords, f\u00fcr Werbeaktivit\u00e4ten;<\/li>\n<li>Google Analytics, f\u00fcr Tracking, Webstatistiken und Werbung.<\/li>\n<\/ul>\n<p>Diese setzen Cookies, die es uns erm\u00f6glichen, anonyme Informationen \u00fcber die von Ihnen besuchten Seiten und die Art und Weise, wie Sie unsere Website nutzen, zu sammeln, so dass wir die Navigation in Zukunft verbessern und den Grund f\u00fcr m\u00f6gliche Fehlermeldungen ermitteln k\u00f6nnen. Wir sammeln zum Beispiel Informationen \u00fcber die von Ihnen besuchten Seiten, die Anzahl der Besuche und den von Ihnen verwendeten Browser. Es werden keine Informationen gesammelt, mit denen Sie pers\u00f6nlich identifiziert werden k\u00f6nnen.<\/p>\n<p><strong>Cookies von Drittanbietern<\/strong> &#8211; wenn Sie unser Portal besuchen, k\u00f6nnen Sie Inhalte von Drittanbietern sehen, wie z. B. eine Karte, die zeigt, wo wir uns befinden, bereitgestellt von Google Maps. Sie k\u00f6nnen die Informationen \u00fcber soziale Netzwerke wie Facebook und Google Plus weitergeben. Durch das Hinzuf\u00fcgen von Inhalten halten wir Sie mit sorgf\u00e4ltig ausgew\u00e4hlten Informationen auf dem Laufenden, die f\u00fcr Sie relevant oder interessant sein k\u00f6nnten. Dies kann jedoch dazu f\u00fchren, dass Drittanbieter zus\u00e4tzliche Cookies auf Ihrem Ger\u00e4t speichern.<\/p>\n<p>Unsere Website kann von Zeit zu Zeit Links zu Websites von Dritten enthalten. Wenn Sie einem Link zu solchen Websites Dritter folgen, informieren Sie sich bitte \u00fcber deren Datenschutz- und Cookie-Richtlinien und wie diese verwaltet werden, da sie nicht von Gialdi Vini SA kontrolliert werden<\/p>\n<p><strong>Facebook<\/strong><br \/>\nF\u00fcr die von Facebook verwendeten Cookies siehe die Richtlinien unter dem<br \/>\nLink <a href=\"https:\/\/www.facebook.com\/help\/cookies\/\" target=\"_blank\" rel=\"noopener\">https:\/\/www.facebook.com\/help\/cookies\/<\/a><\/p>\n<p><strong>Youtube<\/strong><br \/>\nF\u00fcr die von You Tube verwendeten Cookies siehe die Richtlinien unter folgendem<br \/>\nLink <a href=\"https:\/\/support.google.com\/youtube\/answer\/32050?hl=DE\" target=\"_blank\" rel=\"noopener\">https:\/\/support.google.com\/youtube\/answer\/32050?hl=DE<\/a><\/p>\n<p><strong>Google<\/strong><br \/>\nF\u00fcr die von Google verwendeten Cookies siehe die Verwaltungsrichtlinien unter folgendem Link <a href=\"https:\/\/policies.google.com\/privacy?hl=de&#038;gl=de\" target=\"_blank\" rel=\"noopener\">https:\/\/policies.google.com\/privacy?hl=de&#038;gl=de<\/a><\/p>\n<p><strong>Google-analytics.com<\/strong><br \/>\nGoogle Analytics setzt Cookies, um Informationen dar\u00fcber zu sammeln, wie Sie unsere Website nutzen, damit wir Ihre Erfahrungen in Zukunft verbessern k\u00f6nnen. F\u00fcr die von Google analytics verwendeten Cookies siehe die Richtlinien unter dem<br \/>\nLink <a href=\"https:\/\/policies.google.com\/privacy?hl=de&#038;gl=de\" target=\"_blank\" rel=\"noopener\">https:\/\/policies.google.com\/privacy?hl=de&#038;gl=de<\/a><\/p>\n<h4>Wie kann ich meine cookie-einstellungen verwalten?<\/h4>\n<p>Um sicherzustellen, dass Sie unsere Website optimal nutzen k\u00f6nnen, empfehlen wir Ihnen, Cookies zu akzeptieren. Im Besonderen:<\/p>\n<ul>\n<li>technische Session-Cookies: Diese sind f\u00fcr den Betrieb der Website unbedingt erforderlich oder um Ihnen die Nutzung der von Ihnen<br \/>\nangeforderten Inhalte und Dienstleistungen zu erm\u00f6glichen.<\/li>\n<li>Analyse-Cookies: Sie erm\u00f6glichen es dem Betreiber der Website zu verstehen, wie die Website von den Nutzern verwendet wird. Diese<br \/>\nCookies sammeln keine Informationen \u00fcber die Identit\u00e4t des Nutzers oder pers\u00f6nliche Daten. Die Informationen werden in<br \/>\naggregierter und anonymer Form verarbeitet.<\/li>\n<li>Cookies von Drittanbietern: Da diese Art von Cookies ausschlie\u00dflich von Drittanbietern gesendet wird und der Verwalter der<br \/>\nWebsite keine Kontrolle \u00fcber das Senden dieser Cookies an das Endger\u00e4t des Nutzers hat, kann der entsprechende Einspruch nur \u00fcber<br \/>\ndie von den genannten Drittanbietern bereitgestellten Zustimmungsformulare, sofern vorhanden, oder \u00fcber die Einstellungen des<br \/>\nBrowsers des Nutzers erfolgen.<\/li>\n<\/ul>\n<p>Die meisten Internet-Browser sind von vornherein so eingestellt, dass sie Cookies akzeptieren. Sie haben jederzeit die M\u00f6glichkeit, Ihren Browser so einzustellen, dass er alle Cookies annimmt, einige Cookies annimmt oder Cookies ablehnt, wodurch die Verwendung von Cookies durch die Websites deaktiviert wird. Dar\u00fcber hinaus k\u00f6nnen Sie Ihren Browser so einstellen, dass Sie benachrichtigt werden, wenn ein Cookie auf Ihrem Ger\u00e4t gespeichert wird. Bitte beachten Sie, dass die Deaktivierung von Cookies die normale und optimale Nutzung der Website verhindern kann.<\/p>\n<h4>\u00c4nderungen an dieser politik<\/h4>\n<p>Diese Politik kann im Laufe der Zeit aufgrund des Inkrafttretens neuer Rechtsvorschriften, Aktualisierungen oder der Bereitstellung neuer Dienste ge\u00e4ndert werden. Aus diesem Grund wird der Benutzer\/Besucher gebeten, diese Seite regelm\u00e4\u00dfig zu konsultieren.<\/p>\n<h4>Kontakte<\/h4>\n<p>Fragen, Kommentare und Anfragen zu dieser Politik sind willkommen und k\u00f6nnen an <a href=\"mailto:info@gialdi.ch\">info@gialdi.ch<\/a> gerichtet werden.&#8220;<\/p>\n<p><a class=\"cc-cookie-reset\" href=\"#\">Cookies zur\u00fccksetzen<\/a><\/p>\n\t\t\t\t<\/div>\n\t\t\t<\/div>\n\t\t\t\t\t<div class=\"row\">\n\t\t\t\t\t\t\t<div class=\"col-12 col-md-5 col-xl-4 twocols offset-md-1 offset-xl-2\">\n\t\t\t\t\t\t\t\t\t<\/div>\n\t\t\t\t\t\t\t\t\t\t\t<div class=\"col-12 col-md-5 col-xl-4 twocols\">\n\t\t\t\t\t\t\t\t\t<\/div>\n\t\t\t\t\t\t\t\t\t\t<\/div>\n\t\t\t\t<\/div>\n\t<\/article>\n<\/section>","protected":false},"excerpt":{"rendered":"","protected":false},"author":1,"featured_media":0,"parent":0,"menu_order":0,"comment_status":"closed","ping_status":"closed","template":"","meta":{"_acf_changed":false,"inline_featured_image":false,"footnotes":""},"class_list":["post-950","page","type-page","status-publish","hentry"],"acf":[],"yoast_head":"<!-- This site is optimized with the Yoast SEO plugin v27.3 - https:\/\/yoast.com\/product\/yoast-seo-wordpress\/ -->\n<title>Cookie policy - Gialdi Vini shop<\/title>\n<meta name=\"robots\" content=\"noindex, nofollow\" \/>\n<meta property=\"og:locale\" content=\"de_DE\" \/>\n<meta property=\"og:type\" content=\"article\" \/>\n<meta property=\"og:title\" content=\"Cookie policy - Gialdi Vini shop\" \/>\n<meta property=\"og:url\" content=\"https:\/\/shop.gialdi.ch\/de\/cookies\/\" \/>\n<meta property=\"og:site_name\" content=\"Gialdi Vini shop\" \/>\n<meta property=\"article:modified_time\" content=\"2022-02-11T16:37:09+00:00\" \/>\n<meta name=\"twitter:card\" content=\"summary_large_image\" \/>\n<script type=\"application\/ld+json\" class=\"yoast-schema-graph\">{\"@context\":\"https:\\\/\\\/schema.org\",\"@graph\":[{\"@type\":\"WebPage\",\"@id\":\"https:\\\/\\\/shop.gialdi.ch\\\/de\\\/cookies\\\/\",\"url\":\"https:\\\/\\\/shop.gialdi.ch\\\/de\\\/cookies\\\/\",\"name\":\"Cookie policy - Gialdi Vini shop\",\"isPartOf\":{\"@id\":\"https:\\\/\\\/shop.gialdi.ch\\\/de\\\/#website\"},\"datePublished\":\"2021-02-11T13:45:29+00:00\",\"dateModified\":\"2022-02-11T16:37:09+00:00\",\"breadcrumb\":{\"@id\":\"https:\\\/\\\/shop.gialdi.ch\\\/de\\\/cookies\\\/#breadcrumb\"},\"inLanguage\":\"de\",\"potentialAction\":[{\"@type\":\"ReadAction\",\"target\":[\"https:\\\/\\\/shop.gialdi.ch\\\/de\\\/cookies\\\/\"]}]},{\"@type\":\"BreadcrumbList\",\"@id\":\"https:\\\/\\\/shop.gialdi.ch\\\/de\\\/cookies\\\/#breadcrumb\",\"itemListElement\":[{\"@type\":\"ListItem\",\"position\":1,\"name\":\"Home\",\"item\":\"https:\\\/\\\/shop.gialdi.ch\\\/de\\\/\"},{\"@type\":\"ListItem\",\"position\":2,\"name\":\"Cookie policy\"}]},{\"@type\":\"WebSite\",\"@id\":\"https:\\\/\\\/shop.gialdi.ch\\\/de\\\/#website\",\"url\":\"https:\\\/\\\/shop.gialdi.ch\\\/de\\\/\",\"name\":\"Gialdi Vini shop\",\"description\":\"Il meglio della produzione vinicola del Nord e del Sud del Ticino\",\"publisher\":{\"@id\":\"https:\\\/\\\/shop.gialdi.ch\\\/de\\\/#organization\"},\"potentialAction\":[{\"@type\":\"SearchAction\",\"target\":{\"@type\":\"EntryPoint\",\"urlTemplate\":\"https:\\\/\\\/shop.gialdi.ch\\\/de\\\/?s={search_term_string}\"},\"query-input\":{\"@type\":\"PropertyValueSpecification\",\"valueRequired\":true,\"valueName\":\"search_term_string\"}}],\"inLanguage\":\"de\"},{\"@type\":\"Organization\",\"@id\":\"https:\\\/\\\/shop.gialdi.ch\\\/de\\\/#organization\",\"name\":\"Gialdi Vini SA\",\"url\":\"https:\\\/\\\/shop.gialdi.ch\\\/de\\\/\",\"logo\":{\"@type\":\"ImageObject\",\"inLanguage\":\"de\",\"@id\":\"https:\\\/\\\/shop.gialdi.ch\\\/de\\\/#\\\/schema\\\/logo\\\/image\\\/\",\"url\":\"https:\\\/\\\/shop.gialdi.ch\\\/wp-content\\\/uploads\\\/2020\\\/12\\\/logo-gialdi.png\",\"contentUrl\":\"https:\\\/\\\/shop.gialdi.ch\\\/wp-content\\\/uploads\\\/2020\\\/12\\\/logo-gialdi.png\",\"width\":302,\"height\":152,\"caption\":\"Gialdi Vini SA\"},\"image\":{\"@id\":\"https:\\\/\\\/shop.gialdi.ch\\\/de\\\/#\\\/schema\\\/logo\\\/image\\\/\"}}]}<\/script>\n<!-- \/ Yoast SEO plugin. -->","yoast_head_json":{"title":"Cookie policy - Gialdi Vini shop","robots":{"index":"noindex","follow":"nofollow"},"og_locale":"de_DE","og_type":"article","og_title":"Cookie policy - Gialdi Vini shop","og_url":"https:\/\/shop.gialdi.ch\/de\/cookies\/","og_site_name":"Gialdi Vini shop","article_modified_time":"2022-02-11T16:37:09+00:00","twitter_card":"summary_large_image","schema":{"@context":"https:\/\/schema.org","@graph":[{"@type":"WebPage","@id":"https:\/\/shop.gialdi.ch\/de\/cookies\/","url":"https:\/\/shop.gialdi.ch\/de\/cookies\/","name":"Cookie policy - Gialdi Vini shop","isPartOf":{"@id":"https:\/\/shop.gialdi.ch\/de\/#website"},"datePublished":"2021-02-11T13:45:29+00:00","dateModified":"2022-02-11T16:37:09+00:00","breadcrumb":{"@id":"https:\/\/shop.gialdi.ch\/de\/cookies\/#breadcrumb"},"inLanguage":"de","potentialAction":[{"@type":"ReadAction","target":["https:\/\/shop.gialdi.ch\/de\/cookies\/"]}]},{"@type":"BreadcrumbList","@id":"https:\/\/shop.gialdi.ch\/de\/cookies\/#breadcrumb","itemListElement":[{"@type":"ListItem","position":1,"name":"Home","item":"https:\/\/shop.gialdi.ch\/de\/"},{"@type":"ListItem","position":2,"name":"Cookie policy"}]},{"@type":"WebSite","@id":"https:\/\/shop.gialdi.ch\/de\/#website","url":"https:\/\/shop.gialdi.ch\/de\/","name":"Gialdi Vini shop","description":"Il meglio della produzione vinicola del Nord e del Sud del Ticino","publisher":{"@id":"https:\/\/shop.gialdi.ch\/de\/#organization"},"potentialAction":[{"@type":"SearchAction","target":{"@type":"EntryPoint","urlTemplate":"https:\/\/shop.gialdi.ch\/de\/?s={search_term_string}"},"query-input":{"@type":"PropertyValueSpecification","valueRequired":true,"valueName":"search_term_string"}}],"inLanguage":"de"},{"@type":"Organization","@id":"https:\/\/shop.gialdi.ch\/de\/#organization","name":"Gialdi Vini SA","url":"https:\/\/shop.gialdi.ch\/de\/","logo":{"@type":"ImageObject","inLanguage":"de","@id":"https:\/\/shop.gialdi.ch\/de\/#\/schema\/logo\/image\/","url":"https:\/\/shop.gialdi.ch\/wp-content\/uploads\/2020\/12\/logo-gialdi.png","contentUrl":"https:\/\/shop.gialdi.ch\/wp-content\/uploads\/2020\/12\/logo-gialdi.png","width":302,"height":152,"caption":"Gialdi Vini SA"},"image":{"@id":"https:\/\/shop.gialdi.ch\/de\/#\/schema\/logo\/image\/"}}]}},"_links":{"self":[{"href":"https:\/\/shop.gialdi.ch\/de\/wp-json\/wp\/v2\/pages\/950","targetHints":{"allow":["GET"]}}],"collection":[{"href":"https:\/\/shop.gialdi.ch\/de\/wp-json\/wp\/v2\/pages"}],"about":[{"href":"https:\/\/shop.gialdi.ch\/de\/wp-json\/wp\/v2\/types\/page"}],"author":[{"embeddable":true,"href":"https:\/\/shop.gialdi.ch\/de\/wp-json\/wp\/v2\/users\/1"}],"replies":[{"embeddable":true,"href":"https:\/\/shop.gialdi.ch\/de\/wp-json\/wp\/v2\/comments?post=950"}],"version-history":[{"count":23,"href":"https:\/\/shop.gialdi.ch\/de\/wp-json\/wp\/v2\/pages\/950\/revisions"}],"predecessor-version":[{"id":2353,"href":"https:\/\/shop.gialdi.ch\/de\/wp-json\/wp\/v2\/pages\/950\/revisions\/2353"}],"wp:attachment":[{"href":"https:\/\/shop.gialdi.ch\/de\/wp-json\/wp\/v2\/media?parent=950"}],"curies":[{"name":"wp","href":"https:\/\/api.w.org\/{rel}","templated":true}]}}