{"id":1094,"date":"2021-02-02T18:50:22","date_gmt":"2021-02-02T17:50:22","guid":{"rendered":"https:\/\/shop.gialdi.ch\/termini-e-condizioni\/"},"modified":"2025-12-24T11:42:53","modified_gmt":"2025-12-24T10:42:53","slug":"geschaftsbedingungen","status":"publish","type":"page","link":"https:\/\/shop.gialdi.ch\/de\/geschaftsbedingungen\/","title":{"rendered":"Nutzungsbedingungen"},"content":{"rendered":"\n<p><strong>Verkaufsbedingungen:<\/strong><\/p>\n\n\n\n<ul class=\"wp-block-list\">\n<li>Der Verkauf von Alkohol an Minderj\u00e4hrige unter 18 Jahren ist verboten;<\/li>\n\n\n\n<li>Wir liefern keine alkoholischen Getr\u00e4nke an Minderj\u00e4hrige;<\/li>\n\n\n\n<li>Die Mehrwertsteuer (MwSt. 8.1%) ist in den Preisen enthalten;<\/li>\n\n\n\n<li>Wir behalten uns das Recht vor, Preise, Jahrg\u00e4nge und Produktverf\u00fcgbarkeit zu \u00e4ndern.<\/li>\n<\/ul>\n\n\n\n<p><strong>Lieferungen:<\/strong><\/p>\n\n\n\n<ul class=\"wp-block-list\">\n<li>Die Weine werden in Spezialverpackungen oder Originalkartons verpackt und per Spedition versendet;<\/li>\n\n\n\n<li>Wir versenden nicht ausserhalb der Schweiz;<\/li>\n\n\n\n<li>Von 1 bis 5 Flaschen 13 CHF;<\/li>\n\n\n\n<li>Von 6 bis 12 Flaschen 18 CHF;<\/li>\n\n\n\n<li>Von 13 bis 18 Flaschen 25 CHF;<\/li>\n\n\n\n<li>Kostenlose Lieferungen f\u00fcr Eink\u00e4ufe \u00fcber 300.00 CHF<\/li>\n<\/ul>\n\n\n\n<p><strong>Zahlung:<\/strong><\/p>\n\n\n\n<ul class=\"wp-block-list\">\n<li>Vorkasse, per Kreditkarte (PostFinance Card, PostFinance E-Finance, MasterCard, Visa).<\/li>\n<\/ul>\n\n\n\n<p><strong>Beschwerden:<\/strong><\/p>\n\n\n\n<ul class=\"wp-block-list\">\n<li>Reklamationen bez\u00fcglich Menge und Qualit\u00e4t der Ware m\u00fcssen innerhalb von 24 Stunden nach Lieferung gemeldet werden.<\/li>\n<\/ul>\n\n\n\n<p><strong>Zust\u00e4ndigkeit:<\/strong><\/p>\n\n\n\n<ul class=\"wp-block-list\">\n<li>6850 Mendrisio.<\/li>\n<\/ul>\n\n\n\n<p>Die f\u00fcr die Abwicklung Ihrer Bestellung notwendigen pers\u00f6nlichen Daten werden erhoben und vertraulich behandelt.<\/p>\n","protected":false},"excerpt":{"rendered":"<p>Verkaufsbedingungen: Lieferungen: Zahlung: Beschwerden: Zust\u00e4ndigkeit: Die f\u00fcr die Abwicklung Ihrer Bestellung notwendigen pers\u00f6nlichen Daten werden erhoben und vertraulich behandelt.<\/p>\n","protected":false},"author":1,"featured_media":0,"parent":0,"menu_order":0,"comment_status":"closed","ping_status":"closed","template":"","meta":{"_acf_changed":false,"inline_featured_image":false,"footnotes":""},"class_list":["post-1094","page","type-page","status-publish","hentry"],"acf":[],"yoast_head":"<!-- This site is optimized with the Yoast SEO plugin v27.3 - https:\/\/yoast.com\/product\/yoast-seo-wordpress\/ -->\n<title>Nutzungsbedingungen - Gialdi Vini shop<\/title>\n<meta name=\"robots\" content=\"index, follow, max-snippet:-1, max-image-preview:large, max-video-preview:-1\" \/>\n<link rel=\"canonical\" href=\"https:\/\/shop.gialdi.ch\/de\/geschaftsbedingungen\/\" \/>\n<meta property=\"og:locale\" content=\"de_DE\" \/>\n<meta property=\"og:type\" content=\"article\" \/>\n<meta property=\"og:title\" content=\"Nutzungsbedingungen - Gialdi Vini shop\" \/>\n<meta property=\"og:description\" content=\"Verkaufsbedingungen: Lieferungen: Zahlung: Beschwerden: Zust\u00e4ndigkeit: Die f\u00fcr die Abwicklung Ihrer Bestellung notwendigen pers\u00f6nlichen Daten werden erhoben und vertraulich behandelt.\" \/>\n<meta property=\"og:url\" content=\"https:\/\/shop.gialdi.ch\/de\/geschaftsbedingungen\/\" \/>\n<meta property=\"og:site_name\" content=\"Gialdi Vini shop\" \/>\n<meta property=\"article:modified_time\" content=\"2025-12-24T10:42:53+00:00\" \/>\n<meta name=\"twitter:card\" content=\"summary_large_image\" \/>\n<meta name=\"twitter:label1\" content=\"Gesch\u00e4tzte Lesezeit\" \/>\n\t<meta name=\"twitter:data1\" content=\"1\u00a0Minute\" \/>\n<script type=\"application\/ld+json\" class=\"yoast-schema-graph\">{\"@context\":\"https:\\\/\\\/schema.org\",\"@graph\":[{\"@type\":\"WebPage\",\"@id\":\"https:\\\/\\\/shop.gialdi.ch\\\/de\\\/geschaftsbedingungen\\\/\",\"url\":\"https:\\\/\\\/shop.gialdi.ch\\\/de\\\/geschaftsbedingungen\\\/\",\"name\":\"Nutzungsbedingungen - Gialdi Vini shop\",\"isPartOf\":{\"@id\":\"https:\\\/\\\/shop.gialdi.ch\\\/de\\\/#website\"},\"datePublished\":\"2021-02-02T17:50:22+00:00\",\"dateModified\":\"2025-12-24T10:42:53+00:00\",\"breadcrumb\":{\"@id\":\"https:\\\/\\\/shop.gialdi.ch\\\/de\\\/geschaftsbedingungen\\\/#breadcrumb\"},\"inLanguage\":\"de\",\"potentialAction\":[{\"@type\":\"ReadAction\",\"target\":[\"https:\\\/\\\/shop.gialdi.ch\\\/de\\\/geschaftsbedingungen\\\/\"]}]},{\"@type\":\"BreadcrumbList\",\"@id\":\"https:\\\/\\\/shop.gialdi.ch\\\/de\\\/geschaftsbedingungen\\\/#breadcrumb\",\"itemListElement\":[{\"@type\":\"ListItem\",\"position\":1,\"name\":\"Home\",\"item\":\"https:\\\/\\\/shop.gialdi.ch\\\/de\\\/\"},{\"@type\":\"ListItem\",\"position\":2,\"name\":\"Nutzungsbedingungen\"}]},{\"@type\":\"WebSite\",\"@id\":\"https:\\\/\\\/shop.gialdi.ch\\\/de\\\/#website\",\"url\":\"https:\\\/\\\/shop.gialdi.ch\\\/de\\\/\",\"name\":\"Gialdi Vini shop\",\"description\":\"Il meglio della produzione vinicola del Nord e del Sud del Ticino\",\"publisher\":{\"@id\":\"https:\\\/\\\/shop.gialdi.ch\\\/de\\\/#organization\"},\"potentialAction\":[{\"@type\":\"SearchAction\",\"target\":{\"@type\":\"EntryPoint\",\"urlTemplate\":\"https:\\\/\\\/shop.gialdi.ch\\\/de\\\/?s={search_term_string}\"},\"query-input\":{\"@type\":\"PropertyValueSpecification\",\"valueRequired\":true,\"valueName\":\"search_term_string\"}}],\"inLanguage\":\"de\"},{\"@type\":\"Organization\",\"@id\":\"https:\\\/\\\/shop.gialdi.ch\\\/de\\\/#organization\",\"name\":\"Gialdi Vini SA\",\"url\":\"https:\\\/\\\/shop.gialdi.ch\\\/de\\\/\",\"logo\":{\"@type\":\"ImageObject\",\"inLanguage\":\"de\",\"@id\":\"https:\\\/\\\/shop.gialdi.ch\\\/de\\\/#\\\/schema\\\/logo\\\/image\\\/\",\"url\":\"https:\\\/\\\/shop.gialdi.ch\\\/wp-content\\\/uploads\\\/2020\\\/12\\\/logo-gialdi.png\",\"contentUrl\":\"https:\\\/\\\/shop.gialdi.ch\\\/wp-content\\\/uploads\\\/2020\\\/12\\\/logo-gialdi.png\",\"width\":302,\"height\":152,\"caption\":\"Gialdi Vini SA\"},\"image\":{\"@id\":\"https:\\\/\\\/shop.gialdi.ch\\\/de\\\/#\\\/schema\\\/logo\\\/image\\\/\"}}]}<\/script>\n<!-- \/ Yoast SEO plugin. -->","yoast_head_json":{"title":"Nutzungsbedingungen - Gialdi Vini shop","robots":{"index":"index","follow":"follow","max-snippet":"max-snippet:-1","max-image-preview":"max-image-preview:large","max-video-preview":"max-video-preview:-1"},"canonical":"https:\/\/shop.gialdi.ch\/de\/geschaftsbedingungen\/","og_locale":"de_DE","og_type":"article","og_title":"Nutzungsbedingungen - Gialdi Vini shop","og_description":"Verkaufsbedingungen: Lieferungen: Zahlung: Beschwerden: Zust\u00e4ndigkeit: Die f\u00fcr die Abwicklung Ihrer Bestellung notwendigen pers\u00f6nlichen Daten werden erhoben und vertraulich behandelt.","og_url":"https:\/\/shop.gialdi.ch\/de\/geschaftsbedingungen\/","og_site_name":"Gialdi Vini shop","article_modified_time":"2025-12-24T10:42:53+00:00","twitter_card":"summary_large_image","twitter_misc":{"Gesch\u00e4tzte Lesezeit":"1\u00a0Minute"},"schema":{"@context":"https:\/\/schema.org","@graph":[{"@type":"WebPage","@id":"https:\/\/shop.gialdi.ch\/de\/geschaftsbedingungen\/","url":"https:\/\/shop.gialdi.ch\/de\/geschaftsbedingungen\/","name":"Nutzungsbedingungen - Gialdi Vini shop","isPartOf":{"@id":"https:\/\/shop.gialdi.ch\/de\/#website"},"datePublished":"2021-02-02T17:50:22+00:00","dateModified":"2025-12-24T10:42:53+00:00","breadcrumb":{"@id":"https:\/\/shop.gialdi.ch\/de\/geschaftsbedingungen\/#breadcrumb"},"inLanguage":"de","potentialAction":[{"@type":"ReadAction","target":["https:\/\/shop.gialdi.ch\/de\/geschaftsbedingungen\/"]}]},{"@type":"BreadcrumbList","@id":"https:\/\/shop.gialdi.ch\/de\/geschaftsbedingungen\/#breadcrumb","itemListElement":[{"@type":"ListItem","position":1,"name":"Home","item":"https:\/\/shop.gialdi.ch\/de\/"},{"@type":"ListItem","position":2,"name":"Nutzungsbedingungen"}]},{"@type":"WebSite","@id":"https:\/\/shop.gialdi.ch\/de\/#website","url":"https:\/\/shop.gialdi.ch\/de\/","name":"Gialdi Vini shop","description":"Il meglio della produzione vinicola del Nord e del Sud del Ticino","publisher":{"@id":"https:\/\/shop.gialdi.ch\/de\/#organization"},"potentialAction":[{"@type":"SearchAction","target":{"@type":"EntryPoint","urlTemplate":"https:\/\/shop.gialdi.ch\/de\/?s={search_term_string}"},"query-input":{"@type":"PropertyValueSpecification","valueRequired":true,"valueName":"search_term_string"}}],"inLanguage":"de"},{"@type":"Organization","@id":"https:\/\/shop.gialdi.ch\/de\/#organization","name":"Gialdi Vini SA","url":"https:\/\/shop.gialdi.ch\/de\/","logo":{"@type":"ImageObject","inLanguage":"de","@id":"https:\/\/shop.gialdi.ch\/de\/#\/schema\/logo\/image\/","url":"https:\/\/shop.gialdi.ch\/wp-content\/uploads\/2020\/12\/logo-gialdi.png","contentUrl":"https:\/\/shop.gialdi.ch\/wp-content\/uploads\/2020\/12\/logo-gialdi.png","width":302,"height":152,"caption":"Gialdi Vini SA"},"image":{"@id":"https:\/\/shop.gialdi.ch\/de\/#\/schema\/logo\/image\/"}}]}},"_links":{"self":[{"href":"https:\/\/shop.gialdi.ch\/de\/wp-json\/wp\/v2\/pages\/1094","targetHints":{"allow":["GET"]}}],"collection":[{"href":"https:\/\/shop.gialdi.ch\/de\/wp-json\/wp\/v2\/pages"}],"about":[{"href":"https:\/\/shop.gialdi.ch\/de\/wp-json\/wp\/v2\/types\/page"}],"author":[{"embeddable":true,"href":"https:\/\/shop.gialdi.ch\/de\/wp-json\/wp\/v2\/users\/1"}],"replies":[{"embeddable":true,"href":"https:\/\/shop.gialdi.ch\/de\/wp-json\/wp\/v2\/comments?post=1094"}],"version-history":[{"count":14,"href":"https:\/\/shop.gialdi.ch\/de\/wp-json\/wp\/v2\/pages\/1094\/revisions"}],"predecessor-version":[{"id":9740,"href":"https:\/\/shop.gialdi.ch\/de\/wp-json\/wp\/v2\/pages\/1094\/revisions\/9740"}],"wp:attachment":[{"href":"https:\/\/shop.gialdi.ch\/de\/wp-json\/wp\/v2\/media?parent=1094"}],"curies":[{"name":"wp","href":"https:\/\/api.w.org\/{rel}","templated":true}]}}