{"id":1035,"date":"2020-12-15T15:17:05","date_gmt":"2020-12-15T14:17:05","guid":{"rendered":"https:\/\/shop.gialdi.ch\/azienda\/"},"modified":"2022-02-09T18:01:17","modified_gmt":"2022-02-09T17:01:17","slug":"die-firma","status":"publish","type":"page","link":"https:\/\/shop.gialdi.ch\/de\/die-firma\/","title":{"rendered":"Die Firma"},"content":{"rendered":"<section class=\"section-title\">\n\t<article class=\"section-article\">\n\t\t<div class=\"container\">\n\t\t\t<div class=\"row\">\n\t\t\t\t<div class=\"col-12 col-md-10 col-xl-8 mx-auto\">\n\t\t\t\t\t\t\t\t\t\t<h1>\u00dcber uns<\/h1>\n\t\t\t\t\t\t\t\t\t\t\t\t\t\t\t<h2>Dank dem Bestreben des Unternehmens, qualitativ hochwertige und mit dem Anbaugebiet verbundene Weine zu produzieren, steht Gialdi Vini an der Spitze der Schweizer Weinproduktion.<\/h2>\n\t\t\t\t\t\t\t\t\t\t\t\t\t\t\t<hr style=\"#BD9E55\">\n\t\t\t\t\t\t\t\t\t<\/div>\n\t\t\t<\/div>\n\t\t<\/div>\n\t<\/article>\n<\/section>\n\n<section class=\"mt-40\">\n\t<article class=\"section-article\">\n\t\t<div class=\"container\">\n\t\t\t<div class=\"row\">\n\t\t\t\t<div class=\"col-12 col-md-10 col-xl-8 mx-auto\">\n\t\t\t\t\t<p>Heute wie damals f\u00fchrt die Familie Gialdi das erlernte Wissen zwischen Mendrisio und Bodio, wo alles begann, weiter. Eines der wichtigsten Unternehmen im Tessin und in der Schweiz, mit einer bew\u00e4hrten Geschichte und einer Zukunft, die noch geschrieben werden muss.<\/p>\n\t\t\t\t<\/div>\n\t\t\t<\/div>\n\t\t\t\t\t<div class=\"row\">\n\t\t\t\t\t\t\t<div class=\"col-12 col-md-5 col-xl-4 twocols offset-md-1 offset-xl-2\">\n\t\t\t\t\t\t\t\t\t<\/div>\n\t\t\t\t\t\t\t\t\t\t\t<div class=\"col-12 col-md-5 col-xl-4 twocols\">\n\t\t\t\t\t\t\t\t\t<\/div>\n\t\t\t\t\t\t\t\t\t\t<\/div>\n\t\t\t\t<\/div>\n\t<\/article>\n<\/section>\n\n<section class=\"beside-section\" style=\"background-color:#f8f4ed;\">\n\t<div>\n\t\t<div class=\"beside-content order-md-2 animate-scroll\" data-animations=\"animate__animated animate__fadeInUp delay10\">\n\t\t\t\t\t\t<h3>DIE TRADITION GEHT WEITER<\/h3>\n\t\t\t\t\t\t\t\t\t\t\t\t<p>Die Gialdi Vini SA wurde 1953 von Guglielmo Gialdi gegr\u00fcndet und widmete sich zun\u00e4chst dem Weinhandel. Nach dem Kauf eines Weinkellers im Norden des Tessins begann man 1984 mit der Produktion des eigenen Merlots, der sich im Laufe der Jahre sowohl im Norden als auch im S\u00fcden des Kantons entwickelte.<\/p>\n<p>Die Zielstrebigkeit von Feliciano Gialdi, dem heutigen Direktor des Unternehmens, gab sofort neue Anst\u00f6\u00dfe f\u00fcr die Herstellung qualitativ hochwertiger Produkte und die Entwicklung neuer Gesch\u00e4ftsprojekte mit besonderem Schwerpunkt auf absolutem Respekt f\u00fcr das Territorium.<\/p>\n\t\t\t\t\t\t\t\t<\/div><div class=\"beside-image order-md-1\" style=\"background-image:url(https:\/\/shop.gialdi.ch\/wp-content\/uploads\/2021\/07\/tradizione-continua-main.jpg)\"><\/div><\/div>\n<\/section>\n\n\n<section class=\"beside-section mt-0\" style=\"background-color:#f8f4ed;\">\n\t<div>\n\t\t<div class=\"beside-content animate-scroll\" data-animations=\"animate__animated animate__fadeInUp delay10\">\n\t\t\t\t\t\t\t\t\t\t\t\t<p>Die Produktionsanlagen werden daher mit der modernsten Technologie ausgestattet, w\u00e4hrend man in Bezug auf die Reifung bewusst auf die Traditionen zur\u00fcckgreift. Die historischen Keller in Mendrisio aus dem Anfang des 20. Jahrhunderts, wo eine stabile Temperatur und ein ideales Klima eine hervorragende Weinreifung garantieren, werden deshalb renoviert, wobei pr\u00e4chtige Barriquekeller entstehen.<\/p>\n<p>Feliciano Gialdi legt auch gro\u00dfen Wert auf die Arbeit aller seiner Mitarbeiter, insbesondere auf sein Kellerteam und seinen \u00d6nologen Alfred De Martin. Die Mitarbeit und Professionalit\u00e4t seiner treuen Mitarbeiter sowie die zahlreichen Investitionen haben das Unternehmen und seine Weine zu einem der wichtigsten Weing\u00fcter der Schweiz werden lassen.<\/p>\n\t\t\t\t\t\t\t\t<\/div><div class=\"beside-image\" style=\"background-image:url(https:\/\/shop.gialdi.ch\/wp-content\/uploads\/2021\/07\/tradizione-continua-2.jpg)\"><\/div><\/div>\n<\/section>\n\n\n<section>\n\t<article class=\"section-article\">\n\t\t<div class=\"container\">\n\t\t\t<div class=\"row\">\n\t\t\t\t<div class=\"col-12 col-md-10 col-xl-8 mx-auto\">\n\t\t\t\t\t<h3>EIN T\u00c4GLICHES ENGAGEMENT<\/h3>\n<p>Die Unternehmensphilosophie zielt darauf ab, die Zusammenarbeit mit den Winzern zu verst\u00e4rken, die mit gro\u00dfer Leidenschaft, Professionalit\u00e4t und Hingabe seit Generationen die Reben pflegen und damit die Identit\u00e4t eines Gebietes zum Ausdruck bringen.<br \/>\nDank nachhaltiger landwirtschaftlicher Bewirtschaftung und gezielter Ma\u00dfnahmen zum Schutz des empfindlichen hydrogeologischen Gleichgewichts, mit dem Ziel, den Boden vor Erosion zu bewahren und die Wasserreserven des Bodens zu maximieren, garantieren uns die Zulieferer eine hohe Qualit\u00e4t der Trauben, die mit gro\u00dfem Respekt vor der Natur und der biologischen Vielfalt produziert werden.<\/p>\n<p>Das Unternehmen wurde 2016 mit dem Zertifizierungszeichen\u00a0<strong>ISO 22000<\/strong>\u00a0gekennzeichnet. Dabei handelt es sich um ein systematisches Verfahren zur Verwaltung der Lebensmittelsicherheit, zur Risikoanalyse und zur Kontrolle der kritischen Hygienebereiche. Dieses Siegel erfordert absolute Transparenz und Sorgfalt, um die R\u00fcckverfolgbarkeit von Rohstoffen und eine Produktionskette ohne Kontaminationsrisiko zu gew\u00e4hrleisten. Gleichzeitig erfordert es eine sorgf\u00e4ltige und pr\u00e4zise Verwaltung aller administrativen Abl\u00e4ufe.<\/p>\n<p>&nbsp;<\/p>\n<div style=\"width: 1920px;\" class=\"wp-video\"><video class=\"wp-video-shortcode\" id=\"video-1035-1\" width=\"1920\" height=\"1080\" poster=\"https:\/\/shop.gialdi.ch\/wp-content\/uploads\/2022\/02\/video-cover-scaled-2.jpg\" preload=\"metadata\" controls=\"controls\"><source type=\"video\/mp4\" src=\"https:\/\/shop.gialdi.ch\/wp-content\/uploads\/2022\/02\/gialdi.mp4?_=1\" \/><a href=\"https:\/\/shop.gialdi.ch\/wp-content\/uploads\/2022\/02\/gialdi.mp4\">https:\/\/shop.gialdi.ch\/wp-content\/uploads\/2022\/02\/gialdi.mp4<\/a><\/video><\/div>\n\t\t\t\t<\/div>\n\t\t\t<\/div>\n\t\t\t\t\t<div class=\"row\">\n\t\t\t\t\t\t\t<div class=\"col-12 col-md-5 col-xl-4 twocols offset-md-1 offset-xl-2\">\n\t\t\t\t\t\t\t\t\t<\/div>\n\t\t\t\t\t\t\t\t\t\t\t<div class=\"col-12 col-md-5 col-xl-4 twocols\">\n\t\t\t\t\t\t\t\t\t<\/div>\n\t\t\t\t\t\t\t\t\t\t<\/div>\n\t\t\t\t<\/div>\n\t<\/article>\n<\/section>","protected":false},"excerpt":{"rendered":"","protected":false},"author":1,"featured_media":0,"parent":0,"menu_order":0,"comment_status":"closed","ping_status":"open","template":"","meta":{"_acf_changed":false,"inline_featured_image":false,"footnotes":""},"class_list":["post-1035","page","type-page","status-publish","hentry"],"acf":[],"yoast_head":"<!-- This site is optimized with the Yoast SEO plugin v27.3 - https:\/\/yoast.com\/product\/yoast-seo-wordpress\/ -->\n<title>Die Firma - Gialdi Vini shop<\/title>\n<meta name=\"robots\" content=\"index, follow, max-snippet:-1, max-image-preview:large, max-video-preview:-1\" \/>\n<link rel=\"canonical\" href=\"https:\/\/shop.gialdi.ch\/de\/die-firma\/\" \/>\n<meta property=\"og:locale\" content=\"de_DE\" \/>\n<meta property=\"og:type\" content=\"article\" \/>\n<meta property=\"og:title\" content=\"Die Firma - Gialdi Vini shop\" \/>\n<meta property=\"og:url\" content=\"https:\/\/shop.gialdi.ch\/de\/die-firma\/\" \/>\n<meta property=\"og:site_name\" content=\"Gialdi Vini shop\" \/>\n<meta property=\"article:modified_time\" content=\"2022-02-09T17:01:17+00:00\" \/>\n<meta name=\"twitter:card\" content=\"summary_large_image\" \/>\n<script type=\"application\/ld+json\" class=\"yoast-schema-graph\">{\"@context\":\"https:\\\/\\\/schema.org\",\"@graph\":[{\"@type\":\"WebPage\",\"@id\":\"https:\\\/\\\/shop.gialdi.ch\\\/de\\\/die-firma\\\/\",\"url\":\"https:\\\/\\\/shop.gialdi.ch\\\/de\\\/die-firma\\\/\",\"name\":\"Die Firma - Gialdi Vini shop\",\"isPartOf\":{\"@id\":\"https:\\\/\\\/shop.gialdi.ch\\\/de\\\/#website\"},\"datePublished\":\"2020-12-15T14:17:05+00:00\",\"dateModified\":\"2022-02-09T17:01:17+00:00\",\"breadcrumb\":{\"@id\":\"https:\\\/\\\/shop.gialdi.ch\\\/de\\\/die-firma\\\/#breadcrumb\"},\"inLanguage\":\"de\",\"potentialAction\":[{\"@type\":\"ReadAction\",\"target\":[\"https:\\\/\\\/shop.gialdi.ch\\\/de\\\/die-firma\\\/\"]}]},{\"@type\":\"BreadcrumbList\",\"@id\":\"https:\\\/\\\/shop.gialdi.ch\\\/de\\\/die-firma\\\/#breadcrumb\",\"itemListElement\":[{\"@type\":\"ListItem\",\"position\":1,\"name\":\"Home\",\"item\":\"https:\\\/\\\/shop.gialdi.ch\\\/de\\\/\"},{\"@type\":\"ListItem\",\"position\":2,\"name\":\"Die Firma\"}]},{\"@type\":\"WebSite\",\"@id\":\"https:\\\/\\\/shop.gialdi.ch\\\/de\\\/#website\",\"url\":\"https:\\\/\\\/shop.gialdi.ch\\\/de\\\/\",\"name\":\"Gialdi Vini shop\",\"description\":\"Il meglio della produzione vinicola del Nord e del Sud del Ticino\",\"publisher\":{\"@id\":\"https:\\\/\\\/shop.gialdi.ch\\\/de\\\/#organization\"},\"potentialAction\":[{\"@type\":\"SearchAction\",\"target\":{\"@type\":\"EntryPoint\",\"urlTemplate\":\"https:\\\/\\\/shop.gialdi.ch\\\/de\\\/?s={search_term_string}\"},\"query-input\":{\"@type\":\"PropertyValueSpecification\",\"valueRequired\":true,\"valueName\":\"search_term_string\"}}],\"inLanguage\":\"de\"},{\"@type\":\"Organization\",\"@id\":\"https:\\\/\\\/shop.gialdi.ch\\\/de\\\/#organization\",\"name\":\"Gialdi Vini SA\",\"url\":\"https:\\\/\\\/shop.gialdi.ch\\\/de\\\/\",\"logo\":{\"@type\":\"ImageObject\",\"inLanguage\":\"de\",\"@id\":\"https:\\\/\\\/shop.gialdi.ch\\\/de\\\/#\\\/schema\\\/logo\\\/image\\\/\",\"url\":\"https:\\\/\\\/shop.gialdi.ch\\\/wp-content\\\/uploads\\\/2020\\\/12\\\/logo-gialdi.png\",\"contentUrl\":\"https:\\\/\\\/shop.gialdi.ch\\\/wp-content\\\/uploads\\\/2020\\\/12\\\/logo-gialdi.png\",\"width\":302,\"height\":152,\"caption\":\"Gialdi Vini SA\"},\"image\":{\"@id\":\"https:\\\/\\\/shop.gialdi.ch\\\/de\\\/#\\\/schema\\\/logo\\\/image\\\/\"}}]}<\/script>\n<!-- \/ Yoast SEO plugin. -->","yoast_head_json":{"title":"Die Firma - Gialdi Vini shop","robots":{"index":"index","follow":"follow","max-snippet":"max-snippet:-1","max-image-preview":"max-image-preview:large","max-video-preview":"max-video-preview:-1"},"canonical":"https:\/\/shop.gialdi.ch\/de\/die-firma\/","og_locale":"de_DE","og_type":"article","og_title":"Die Firma - Gialdi Vini shop","og_url":"https:\/\/shop.gialdi.ch\/de\/die-firma\/","og_site_name":"Gialdi Vini shop","article_modified_time":"2022-02-09T17:01:17+00:00","twitter_card":"summary_large_image","schema":{"@context":"https:\/\/schema.org","@graph":[{"@type":"WebPage","@id":"https:\/\/shop.gialdi.ch\/de\/die-firma\/","url":"https:\/\/shop.gialdi.ch\/de\/die-firma\/","name":"Die Firma - Gialdi Vini shop","isPartOf":{"@id":"https:\/\/shop.gialdi.ch\/de\/#website"},"datePublished":"2020-12-15T14:17:05+00:00","dateModified":"2022-02-09T17:01:17+00:00","breadcrumb":{"@id":"https:\/\/shop.gialdi.ch\/de\/die-firma\/#breadcrumb"},"inLanguage":"de","potentialAction":[{"@type":"ReadAction","target":["https:\/\/shop.gialdi.ch\/de\/die-firma\/"]}]},{"@type":"BreadcrumbList","@id":"https:\/\/shop.gialdi.ch\/de\/die-firma\/#breadcrumb","itemListElement":[{"@type":"ListItem","position":1,"name":"Home","item":"https:\/\/shop.gialdi.ch\/de\/"},{"@type":"ListItem","position":2,"name":"Die Firma"}]},{"@type":"WebSite","@id":"https:\/\/shop.gialdi.ch\/de\/#website","url":"https:\/\/shop.gialdi.ch\/de\/","name":"Gialdi Vini shop","description":"Il meglio della produzione vinicola del Nord e del Sud del Ticino","publisher":{"@id":"https:\/\/shop.gialdi.ch\/de\/#organization"},"potentialAction":[{"@type":"SearchAction","target":{"@type":"EntryPoint","urlTemplate":"https:\/\/shop.gialdi.ch\/de\/?s={search_term_string}"},"query-input":{"@type":"PropertyValueSpecification","valueRequired":true,"valueName":"search_term_string"}}],"inLanguage":"de"},{"@type":"Organization","@id":"https:\/\/shop.gialdi.ch\/de\/#organization","name":"Gialdi Vini SA","url":"https:\/\/shop.gialdi.ch\/de\/","logo":{"@type":"ImageObject","inLanguage":"de","@id":"https:\/\/shop.gialdi.ch\/de\/#\/schema\/logo\/image\/","url":"https:\/\/shop.gialdi.ch\/wp-content\/uploads\/2020\/12\/logo-gialdi.png","contentUrl":"https:\/\/shop.gialdi.ch\/wp-content\/uploads\/2020\/12\/logo-gialdi.png","width":302,"height":152,"caption":"Gialdi Vini SA"},"image":{"@id":"https:\/\/shop.gialdi.ch\/de\/#\/schema\/logo\/image\/"}}]}},"_links":{"self":[{"href":"https:\/\/shop.gialdi.ch\/de\/wp-json\/wp\/v2\/pages\/1035","targetHints":{"allow":["GET"]}}],"collection":[{"href":"https:\/\/shop.gialdi.ch\/de\/wp-json\/wp\/v2\/pages"}],"about":[{"href":"https:\/\/shop.gialdi.ch\/de\/wp-json\/wp\/v2\/types\/page"}],"author":[{"embeddable":true,"href":"https:\/\/shop.gialdi.ch\/de\/wp-json\/wp\/v2\/users\/1"}],"replies":[{"embeddable":true,"href":"https:\/\/shop.gialdi.ch\/de\/wp-json\/wp\/v2\/comments?post=1035"}],"version-history":[{"count":12,"href":"https:\/\/shop.gialdi.ch\/de\/wp-json\/wp\/v2\/pages\/1035\/revisions"}],"predecessor-version":[{"id":1625,"href":"https:\/\/shop.gialdi.ch\/de\/wp-json\/wp\/v2\/pages\/1035\/revisions\/1625"}],"wp:attachment":[{"href":"https:\/\/shop.gialdi.ch\/de\/wp-json\/wp\/v2\/media?parent=1035"}],"curies":[{"name":"wp","href":"https:\/\/api.w.org\/{rel}","templated":true}]}}